{"id":96,"date":"2019-03-19T16:29:31","date_gmt":"2019-03-19T15:29:31","guid":{"rendered":"https:\/\/sanktlukas.se\/linkoping\/?page_id=96"},"modified":"2023-09-11T15:11:28","modified_gmt":"2023-09-11T13:11:28","slug":"par-familjeterapi-i-linkoping","status":"publish","type":"page","link":"https:\/\/sanktlukas.se\/linkoping\/par-familjeterapi-i-linkoping\/","title":{"rendered":"Par- &amp; familjeterapi"},"content":{"rendered":"\n<h2 class=\"wp-block-heading\">Par- &amp; familjeterapi<\/h2>\n\n\n\n<h4 class=\"wp-block-heading\">Vid S:t Lukas mottagningar finns m\u00f6jlighet f\u00f6r par (partners, f\u00f6r\u00e4lder\u2013barn, syskon) att g\u00e5 i terapi.<\/h4>\n\n\n\n<p>Parterapi erbjuder en m\u00f6jlighet att&nbsp;unders\u00f6ka och f\u00f6rst\u00e5 konflikter och problem som ett par g\u00e5r igenom. Problemen har oftast en negativ effekt p\u00e5 f\u00f6rh\u00e5llandet, f\u00f6r\u00e4ldraskapet och arbetslivet.<\/p>\n\n\n\n<h4 class=\"wp-block-heading\">Vad hj\u00e4lper parterapi till med?<\/h4>\n\n\n\n<ul class=\"wp-block-list\">\n<li>Att&nbsp;\u00f6ka f\u00f6rst\u00e5elsen&nbsp;f\u00f6r dolda och outtalade konflikter.<\/li>\n\n\n\n<li>Att&nbsp;bryta&nbsp;gamla och destruktiva m\u00f6nster och&nbsp;hitta nya s\u00e4tt&nbsp;att l\u00f6sa kommande problem.<\/li>\n\n\n\n<li>Att f\u00e5 en djupare syn p\u00e5&nbsp;konsekvenserna&nbsp;av obalansen i parf\u00f6rh\u00e5llandet.<\/li>\n\n\n\n<li>Att \u00f6ppna nya v\u00e4gar att \u00e5stadkomma&nbsp;f\u00f6r\u00e4ndringar&nbsp;som individer och som partner i f\u00f6rh\u00e5llandet.<\/li>\n\n\n\n<li>Att arbeta med sexuell problematik och l\u00e5sning i relationen. <\/li>\n<\/ul>\n\n\n\n<h4 class=\"wp-block-heading\">Separerade par kan ocks\u00e5 f\u00e5 st\u00f6d genom:<\/h4>\n\n\n\n<ul class=\"wp-block-list\">\n<li>Att&nbsp;\u00f6ka f\u00f6rst\u00e5elsen&nbsp;f\u00f6r det beslut som ledde fram till skilsm\u00e4ssan.<\/li>\n\n\n\n<li>Att unders\u00f6ka de dolda konflikter som paret inte kunde och inte kan se.<\/li>\n\n\n\n<li>Att ge m\u00f6jlighet att kunna s\u00f6rja en livsviktig f\u00f6rlust.<\/li>\n<\/ul>\n\n\n\n<h4 class=\"wp-block-heading\">Familjeterapi<\/h4>\n\n\n\n<p>Denna terapiform v\u00e4nder sig fr\u00e4mst till familjer med barn och ungdomar. I arbetet med familjer handlar det oftast om l\u00e5sningar i samspels- och kommunikationsm\u00f6nster samt sv\u00e5righeter att hantera konflikter och olikheter. M\u00e5let \u00e4r att erbjuda v\u00e4gledning och hj\u00e4lp till f\u00f6rb\u00e4ttrad f\u00f6rst\u00e5else av varandra och sig sj\u00e4lva samt till \u00f6kad beredskap att prova sig fram till olika probleml\u00f6sningar.<\/p>\n\n\n\n<p><\/p>\n","protected":false},"excerpt":{"rendered":"<p>Par- &amp; familjeterapi Vid S:t Lukas mottagningar finns m\u00f6jlighet f\u00f6r par (partners, f\u00f6r\u00e4lder\u2013barn, syskon) att g\u00e5 i terapi. Parterapi erbjuder en m\u00f6jlighet att&nbsp;unders\u00f6ka och f\u00f6rst\u00e5 konflikter och problem som ett par g\u00e5r igenom. Problemen har oftast en negativ effekt p\u00e5 f\u00f6rh\u00e5llandet, f\u00f6r\u00e4ldraskapet och arbetslivet. Vad hj\u00e4lper parterapi till med? Separerade par kan ocks\u00e5 f\u00e5 st\u00f6d [&hellip;]<\/p>\n","protected":false},"author":28,"featured_media":-1,"parent":0,"menu_order":0,"comment_status":"closed","ping_status":"closed","template":"","meta":{"_acf_changed":false,"footnotes":""},"class_list":["post-96","page","type-page","status-publish","has-post-thumbnail","hentry"],"acf":[],"_links":{"self":[{"href":"https:\/\/sanktlukas.se\/linkoping\/wp-json\/wp\/v2\/pages\/96","targetHints":{"allow":["GET"]}}],"collection":[{"href":"https:\/\/sanktlukas.se\/linkoping\/wp-json\/wp\/v2\/pages"}],"about":[{"href":"https:\/\/sanktlukas.se\/linkoping\/wp-json\/wp\/v2\/types\/page"}],"author":[{"embeddable":true,"href":"https:\/\/sanktlukas.se\/linkoping\/wp-json\/wp\/v2\/users\/28"}],"replies":[{"embeddable":true,"href":"https:\/\/sanktlukas.se\/linkoping\/wp-json\/wp\/v2\/comments?post=96"}],"version-history":[{"count":8,"href":"https:\/\/sanktlukas.se\/linkoping\/wp-json\/wp\/v2\/pages\/96\/revisions"}],"predecessor-version":[{"id":304,"href":"https:\/\/sanktlukas.se\/linkoping\/wp-json\/wp\/v2\/pages\/96\/revisions\/304"}],"wp:featuredmedia":[{"embeddable":true,"href":"https:\/\/sanktlukas.se\/linkoping\/wp-json\/"}],"wp:attachment":[{"href":"https:\/\/sanktlukas.se\/linkoping\/wp-json\/wp\/v2\/media?parent=96"}],"curies":[{"name":"wp","href":"https:\/\/api.w.org\/{rel}","templated":true}]}}