{"id":157,"date":"2026-03-02T18:08:21","date_gmt":"2026-03-02T17:08:21","guid":{"rendered":"https:\/\/sanktlukas.se\/lulea\/?page_id=157"},"modified":"2026-03-02T18:11:26","modified_gmt":"2026-03-02T17:11:26","slug":"forelasning-st-lukas-lulea","status":"publish","type":"page","link":"https:\/\/sanktlukas.se\/lulea\/forelasning-st-lukas-lulea\/","title":{"rendered":"F\u00f6rel\u00e4sning S:t Lukas Lule\u00e5"},"content":{"rendered":"\n<figure class=\"wp-block-image size-full\"><a href=\"https:\/\/sanktlukas.se\/lulea\/wp-content\/uploads\/sites\/22\/Skarmbild-2026-03-02-162504-1.png\"><img loading=\"lazy\" decoding=\"async\" width=\"562\" height=\"791\" src=\"https:\/\/sanktlukas.se\/lulea\/wp-content\/uploads\/sites\/22\/Skarmbild-2026-03-02-162504-1.png\" alt=\"\" class=\"wp-image-158\" srcset=\"https:\/\/sanktlukas.se\/lulea\/wp-content\/uploads\/sites\/22\/Skarmbild-2026-03-02-162504-1.png 562w, https:\/\/sanktlukas.se\/lulea\/wp-content\/uploads\/sites\/22\/Skarmbild-2026-03-02-162504-1-426x600.png 426w\" sizes=\"auto, (max-width: 562px) 100vw, 562px\" \/><\/a><figcaption class=\"wp-element-caption\">V\u00e4lkommen till en intressant f\u00f6rel\u00e4sning, 23 april, i Mj\u00f6lkuddsg\u00e5rden!<\/figcaption><\/figure>\n","protected":false},"excerpt":{"rendered":"","protected":false},"author":99,"featured_media":0,"parent":0,"menu_order":0,"comment_status":"closed","ping_status":"closed","template":"","meta":{"_acf_changed":false,"footnotes":""},"class_list":["post-157","page","type-page","status-publish","hentry"],"acf":[],"_links":{"self":[{"href":"https:\/\/sanktlukas.se\/lulea\/wp-json\/wp\/v2\/pages\/157","targetHints":{"allow":["GET"]}}],"collection":[{"href":"https:\/\/sanktlukas.se\/lulea\/wp-json\/wp\/v2\/pages"}],"about":[{"href":"https:\/\/sanktlukas.se\/lulea\/wp-json\/wp\/v2\/types\/page"}],"author":[{"embeddable":true,"href":"https:\/\/sanktlukas.se\/lulea\/wp-json\/wp\/v2\/users\/99"}],"replies":[{"embeddable":true,"href":"https:\/\/sanktlukas.se\/lulea\/wp-json\/wp\/v2\/comments?post=157"}],"version-history":[{"count":2,"href":"https:\/\/sanktlukas.se\/lulea\/wp-json\/wp\/v2\/pages\/157\/revisions"}],"predecessor-version":[{"id":161,"href":"https:\/\/sanktlukas.se\/lulea\/wp-json\/wp\/v2\/pages\/157\/revisions\/161"}],"wp:attachment":[{"href":"https:\/\/sanktlukas.se\/lulea\/wp-json\/wp\/v2\/media?parent=157"}],"curies":[{"name":"wp","href":"https:\/\/api.w.org\/{rel}","templated":true}]}}