{"id":1,"date":"2016-05-26T06:02:27","date_gmt":"2016-05-26T04:02:27","guid":{"rendered":"https:\/\/sanktlukas.se\/lund\/foreningen\/"},"modified":"2026-03-27T08:28:24","modified_gmt":"2026-03-27T07:28:24","slug":"foreningen","status":"publish","type":"page","link":"https:\/\/sanktlukas.se\/lund\/foreningen\/","title":{"rendered":"F\u00f6reningen Lund"},"content":{"rendered":"\n<h2 class=\"wp-block-heading\">F\u00f6rening S:t Lukas Lund<\/h2>\n\n\n\n<p>S:t Lukas \u00e4r en riksomfattande ideell och allm\u00e4nnyttig organisation med 24 f\u00f6reningar i landet. Organisationen bildades 1939 av en l\u00e4kare, en pr\u00e4st och en socialarbetare.<\/p>\n\n\n\n<p>Den b\u00e4rande id\u00e9n var, och \u00e4r, en syn p\u00e5 m\u00e4nniskan som en helhet, med s\u00e5v\u00e4l fysiska, psykiska som existentiella och andliga behov.<\/p>\n\n\n\n<p>Med \u00f6ppenhet och respekt vill vi  ge m\u00e4nniskor m\u00f6jlighet att arbeta med sina psykiska besv\u00e4r och livsfr\u00e5gor. <\/p>\n\n\n\n<p>Tron p\u00e5 m\u00e4nniskans egna inre l\u00e4kande krafter och m\u00f6jligheter till personlig utveckling finns fortfarande med i S:t Lukas v\u00e4rdegrund.<\/p>\n\n\n\n<h4 class=\"wp-block-heading\">F\u00f6reningen vill fr\u00e4mja samarbetet mellan f\u00f6retr\u00e4dare f\u00f6r olika m\u00e4nniskov\u00e5rdande yrken, informera om och v\u00e4cka opinion i fr\u00e5gor som r\u00f6r det inre livets betydelse f\u00f6r individer, grupper och organisationer.<\/h4>\n\n\n\n<p><\/p>\n","protected":false},"excerpt":{"rendered":"<p>F\u00f6rening S:t Lukas Lund S:t Lukas \u00e4r en riksomfattande ideell och allm\u00e4nnyttig organisation med 24 f\u00f6reningar i landet. Organisationen bildades 1939 av en l\u00e4kare, en pr\u00e4st och en socialarbetare. Den b\u00e4rande id\u00e9n var, och \u00e4r, en syn p\u00e5 m\u00e4nniskan som en helhet, med s\u00e5v\u00e4l fysiska, psykiska som existentiella och andliga behov. Med \u00f6ppenhet och respekt [&hellip;]<\/p>\n","protected":false},"author":0,"featured_media":0,"parent":0,"menu_order":0,"comment_status":"closed","ping_status":"closed","template":"","meta":{"_acf_changed":false,"footnotes":""},"class_list":["post-1","page","type-page","status-publish","hentry"],"acf":[],"_links":{"self":[{"href":"https:\/\/sanktlukas.se\/lund\/wp-json\/wp\/v2\/pages\/1","targetHints":{"allow":["GET"]}}],"collection":[{"href":"https:\/\/sanktlukas.se\/lund\/wp-json\/wp\/v2\/pages"}],"about":[{"href":"https:\/\/sanktlukas.se\/lund\/wp-json\/wp\/v2\/types\/page"}],"replies":[{"embeddable":true,"href":"https:\/\/sanktlukas.se\/lund\/wp-json\/wp\/v2\/comments?post=1"}],"version-history":[{"count":10,"href":"https:\/\/sanktlukas.se\/lund\/wp-json\/wp\/v2\/pages\/1\/revisions"}],"predecessor-version":[{"id":1320,"href":"https:\/\/sanktlukas.se\/lund\/wp-json\/wp\/v2\/pages\/1\/revisions\/1320"}],"wp:attachment":[{"href":"https:\/\/sanktlukas.se\/lund\/wp-json\/wp\/v2\/media?parent=1"}],"curies":[{"name":"wp","href":"https:\/\/api.w.org\/{rel}","templated":true}]}}