{"id":1199,"date":"2024-10-09T15:36:46","date_gmt":"2024-10-09T13:36:46","guid":{"rendered":"https:\/\/sanktlukas.se\/lund\/?page_id=1199"},"modified":"2025-02-24T17:13:24","modified_gmt":"2025-02-24T16:13:24","slug":"handledning-inom-region-skane","status":"publish","type":"page","link":"https:\/\/sanktlukas.se\/lund\/handledning-inom-region-skane\/","title":{"rendered":"Handledning inom Region Sk\u00e5ne"},"content":{"rendered":"\n<h4 class=\"wp-block-heading\"><mark style=\"background-color:#FFFFFF\" class=\"has-inline-color has-medium-green-color\">S:t Lukas Lund har avtal f\u00f6r handledning inom Region Sk\u00e5ne.<\/mark><\/h4>\n\n\n\n<p class=\"has-text-align-left\">Att ha tillg\u00e5ng till handledning i yrkeslivet borde vara en sj\u00e4lvklarhet i yrken med mycket kontakt med m\u00e4nniskor. Denna typ av handledning har som m\u00e5l att st\u00f6dja och utveckla den anst\u00e4llde och dennes professionella f\u00f6rh\u00e5llningss\u00e4tt inom det egna yrkesomr\u00e5det. Individen f\u00e5r m\u00f6jlighet att utvecklas i sin yrkesroll och f\u00f6rebygga arbetsrelaterad oh\u00e4lsa. Handledning kan ske i grupp eller individuellt och passar s\u00e5v\u00e4l chefer som medarbetare.<\/p>\n\n\n\n<p class=\"has-text-align-left\">Inom S:t Lukas arbetar legitimerade psykoterapeuter och psykologer. <\/p>\n\n\n\n<p class=\"has-text-align-left\">De som \u00e4r handledare har, f\u00f6rutom den l\u00e5nga utbildning som kr\u00e4vs f\u00f6r att f\u00e5 sin legitimation, \u00e4ven en tv\u00e5\u00e5rig vidareutbildning inom handledningsmetodik.<\/p>\n\n\n\n<p><\/p>\n\n\n\n<h4 class=\"wp-block-heading\"><mark style=\"background-color:#FFFFFF\" class=\"has-inline-color has-medium-green-color\">\u00c4r du intresserad av handledning f\u00f6r din arbetsgrupp?<\/mark><\/h4>\n\n\n\n<p>Fyll i nedanst\u00e5ende intresseformul\u00e4r och skicka in till oss, s\u00e5 kontaktar vi er och l\u00e4gger upp en plan f\u00f6r genomf\u00f6rande.<\/p>\n\n\n\n<div class=\"wp-block-contact-form-7-contact-form-selector\">\n<div class=\"wpcf7 no-js\" id=\"wpcf7-f1174-o1\" lang=\"sv-SE\" dir=\"ltr\" data-wpcf7-id=\"1174\">\n<div class=\"screen-reader-response\"><p role=\"status\" aria-live=\"polite\" aria-atomic=\"true\"><\/p> <ul><\/ul><\/div>\n<form action=\"\/lund\/wp-json\/wp\/v2\/pages\/1199#wpcf7-f1174-o1\" method=\"post\" class=\"wpcf7-form init\" aria-label=\"Kontaktformul\u00e4r\" novalidate=\"novalidate\" data-status=\"init\">\n<fieldset class=\"hidden-fields-container\"><input type=\"hidden\" name=\"_wpcf7\" value=\"1174\" \/><input type=\"hidden\" name=\"_wpcf7_version\" value=\"6.1.5\" \/><input type=\"hidden\" name=\"_wpcf7_locale\" value=\"sv_SE\" \/><input type=\"hidden\" name=\"_wpcf7_unit_tag\" value=\"wpcf7-f1174-o1\" \/><input type=\"hidden\" name=\"_wpcf7_container_post\" value=\"0\" \/><input type=\"hidden\" name=\"_wpcf7_posted_data_hash\" value=\"\" \/>\n<\/fieldset>\n<p><label> Ditt namn<br \/>\n<span class=\"wpcf7-form-control-wrap\" data-name=\"your-name\"><input size=\"40\" maxlength=\"400\" class=\"wpcf7-form-control wpcf7-text wpcf7-validates-as-required\" autocomplete=\"name\" aria-required=\"true\" aria-invalid=\"false\" value=\"\" type=\"text\" name=\"your-name\" \/><\/span> <\/label>\n<\/p>\n<p><label> Din e-post<br \/>\n<span class=\"wpcf7-form-control-wrap\" data-name=\"your-email\"><input size=\"40\" maxlength=\"400\" class=\"wpcf7-form-control wpcf7-email wpcf7-validates-as-required wpcf7-text wpcf7-validates-as-email\" autocomplete=\"email\" aria-required=\"true\" aria-invalid=\"false\" value=\"\" type=\"email\" name=\"your-email\" \/><\/span> <\/label>\n<\/p>\n<p><label> \u00c4mne<br \/>\n<span class=\"wpcf7-form-control-wrap\" data-name=\"your-subject\"><input size=\"40\" maxlength=\"400\" class=\"wpcf7-form-control wpcf7-text wpcf7-validates-as-required\" aria-required=\"true\" aria-invalid=\"false\" value=\"\" type=\"text\" name=\"your-subject\" \/><\/span> <\/label>\n<\/p>\n<p><label> Ditt meddelande (valfritt)<br \/>\n<span class=\"wpcf7-form-control-wrap\" data-name=\"your-message\"><textarea cols=\"40\" rows=\"10\" maxlength=\"2000\" class=\"wpcf7-form-control wpcf7-textarea\" aria-invalid=\"false\" name=\"your-message\"><\/textarea><\/span> <\/label>\n<\/p>\n<p><input class=\"wpcf7-form-control wpcf7-submit has-spinner\" type=\"submit\" value=\"Skicka\" \/>\n<\/p><div class=\"wpcf7-response-output\" aria-hidden=\"true\"><\/div>\n<\/form>\n<\/div>\n<\/div>\n\n\n\n<p><\/p>\n","protected":false},"excerpt":{"rendered":"<p>S:t Lukas Lund har avtal f\u00f6r handledning inom Region Sk\u00e5ne. Att ha tillg\u00e5ng till handledning i yrkeslivet borde vara en sj\u00e4lvklarhet i yrken med mycket kontakt med m\u00e4nniskor. Denna typ av handledning har som m\u00e5l att st\u00f6dja och utveckla den anst\u00e4llde och dennes professionella f\u00f6rh\u00e5llningss\u00e4tt inom det egna yrkesomr\u00e5det. Individen f\u00e5r m\u00f6jlighet att utvecklas i [&hellip;]<\/p>\n","protected":false},"author":78,"featured_media":0,"parent":0,"menu_order":0,"comment_status":"closed","ping_status":"closed","template":"","meta":{"_acf_changed":false,"footnotes":""},"class_list":["post-1199","page","type-page","status-publish","hentry"],"acf":[],"_links":{"self":[{"href":"https:\/\/sanktlukas.se\/lund\/wp-json\/wp\/v2\/pages\/1199","targetHints":{"allow":["GET"]}}],"collection":[{"href":"https:\/\/sanktlukas.se\/lund\/wp-json\/wp\/v2\/pages"}],"about":[{"href":"https:\/\/sanktlukas.se\/lund\/wp-json\/wp\/v2\/types\/page"}],"author":[{"embeddable":true,"href":"https:\/\/sanktlukas.se\/lund\/wp-json\/wp\/v2\/users\/78"}],"replies":[{"embeddable":true,"href":"https:\/\/sanktlukas.se\/lund\/wp-json\/wp\/v2\/comments?post=1199"}],"version-history":[{"count":4,"href":"https:\/\/sanktlukas.se\/lund\/wp-json\/wp\/v2\/pages\/1199\/revisions"}],"predecessor-version":[{"id":1260,"href":"https:\/\/sanktlukas.se\/lund\/wp-json\/wp\/v2\/pages\/1199\/revisions\/1260"}],"wp:attachment":[{"href":"https:\/\/sanktlukas.se\/lund\/wp-json\/wp\/v2\/media?parent=1199"}],"curies":[{"name":"wp","href":"https:\/\/api.w.org\/{rel}","templated":true}]}}