{"id":1247,"date":"2025-02-24T16:49:05","date_gmt":"2025-02-24T15:49:05","guid":{"rendered":"https:\/\/sanktlukas.se\/lund\/?page_id=1247"},"modified":"2025-03-27T19:22:22","modified_gmt":"2025-03-27T18:22:22","slug":"parterapi-pa-st-lukas-lund","status":"publish","type":"page","link":"https:\/\/sanktlukas.se\/lund\/parterapi-pa-st-lukas-lund\/","title":{"rendered":"Parterapi p\u00e5 S:t Lukas Lund"},"content":{"rendered":"\n<h3 class=\"wp-block-heading\"><strong>Parterapi p\u00e5 S:t Lukas Mottagningar<\/strong><\/h3>\n\n\n\n<p>P\u00e5 S:t Lukas erbjuder vi parterapi f\u00f6r olika typer av relationer \u2013 oavsett om det g\u00e4ller par, f\u00f6r\u00e4ldrar och barn, syskon eller andra konstellationer. Parterapi ger er m\u00f6jlighet att utforska och f\u00f6rst\u00e5 de konflikter och utmaningar som ni m\u00f6ter tillsammans.<\/p>\n\n\n\n<h3 class=\"wp-block-heading\">Vad kan parterapi hj\u00e4lpa till med?<\/h3>\n\n\n\n<p>Parterapi erbjuder er en trygg plats att bearbeta problem som p\u00e5verkar er relation, b\u00e5de p\u00e5 ett personligt och praktiskt plan. Genom terapi f\u00e5r ni hj\u00e4lp att:<\/p>\n\n\n\n<ul class=\"wp-block-list\">\n<li>\u00d6ka f\u00f6rst\u00e5elsen f\u00f6r dolda eller outtalade konflikter.<\/li>\n\n\n\n<li>Bryta gamla och destruktiva m\u00f6nster och hitta nya l\u00f6sningar p\u00e5 framtida problem.<\/li>\n\n\n\n<li>F\u00e5 en djupare f\u00f6rst\u00e5else f\u00f6r konsekvenserna av obalansen i er relation.<\/li>\n\n\n\n<li>\u00d6ppna upp f\u00f6r nya s\u00e4tt att f\u00f6r\u00e4ndras b\u00e5de som individer och som partners.<\/li>\n<\/ul>\n\n\n\n<h3 class=\"wp-block-heading\">Parterapi f\u00f6r separerade par<\/h3>\n\n\n\n<p>Parterapi kan ocks\u00e5 vara till hj\u00e4lp f\u00f6r separerade par, genom att:<\/p>\n\n\n\n<ul class=\"wp-block-list\">\n<li>Skapa f\u00f6rst\u00e5else f\u00f6r beslutet som ledde till skilsm\u00e4ssa.<\/li>\n\n\n\n<li>Unders\u00f6ka dolda konflikter som kan ha p\u00e5verkat f\u00f6rh\u00e5llandet.<\/li>\n\n\n\n<li>Ge utrymme att bearbeta sorgen \u00f6ver en viktig f\u00f6rlust.<\/li>\n<\/ul>\n\n\n\n<p><\/p>\n\n\n\n<h3 class=\"wp-block-heading\">Hur g\u00e5r jag vidare?<\/h3>\n\n\n\n<p>Vi f\u00f6rst\u00e5r att varje relation \u00e4r unik, och vi \u00e4r h\u00e4r f\u00f6r att hj\u00e4lpa er att hitta l\u00f6sningar som passar just er. Tveka inte att kontakta oss f\u00f6r att boka en session eller f\u00f6r mer information.<\/p>\n\n\n\n<p><strong>Kontakt:<\/strong><br>Telefon: 046-141213<br>E-post: <a href=\"mailto:lund@sanktlukas.se\">lund@sanktlukas.se<\/a><\/p>\n\n\n\n<div class=\"wp-block-contact-form-7-contact-form-selector\">\n<div class=\"wpcf7 no-js\" id=\"wpcf7-f1174-o1\" lang=\"sv-SE\" dir=\"ltr\" data-wpcf7-id=\"1174\">\n<div class=\"screen-reader-response\"><p role=\"status\" aria-live=\"polite\" aria-atomic=\"true\"><\/p> <ul><\/ul><\/div>\n<form action=\"\/lund\/wp-json\/wp\/v2\/pages\/1247#wpcf7-f1174-o1\" method=\"post\" class=\"wpcf7-form init\" aria-label=\"Kontaktformul\u00e4r\" novalidate=\"novalidate\" data-status=\"init\">\n<fieldset class=\"hidden-fields-container\"><input type=\"hidden\" name=\"_wpcf7\" value=\"1174\" \/><input type=\"hidden\" name=\"_wpcf7_version\" value=\"6.1.5\" \/><input type=\"hidden\" name=\"_wpcf7_locale\" value=\"sv_SE\" \/><input type=\"hidden\" name=\"_wpcf7_unit_tag\" value=\"wpcf7-f1174-o1\" \/><input type=\"hidden\" name=\"_wpcf7_container_post\" value=\"0\" \/><input type=\"hidden\" name=\"_wpcf7_posted_data_hash\" value=\"\" \/>\n<\/fieldset>\n<p><label> Ditt namn<br \/>\n<span class=\"wpcf7-form-control-wrap\" data-name=\"your-name\"><input size=\"40\" maxlength=\"400\" class=\"wpcf7-form-control wpcf7-text wpcf7-validates-as-required\" autocomplete=\"name\" aria-required=\"true\" aria-invalid=\"false\" value=\"\" type=\"text\" name=\"your-name\" \/><\/span> <\/label>\n<\/p>\n<p><label> Din e-post<br \/>\n<span class=\"wpcf7-form-control-wrap\" data-name=\"your-email\"><input size=\"40\" maxlength=\"400\" class=\"wpcf7-form-control wpcf7-email wpcf7-validates-as-required wpcf7-text wpcf7-validates-as-email\" autocomplete=\"email\" aria-required=\"true\" aria-invalid=\"false\" value=\"\" type=\"email\" name=\"your-email\" \/><\/span> <\/label>\n<\/p>\n<p><label> \u00c4mne<br \/>\n<span class=\"wpcf7-form-control-wrap\" data-name=\"your-subject\"><input size=\"40\" maxlength=\"400\" class=\"wpcf7-form-control wpcf7-text wpcf7-validates-as-required\" aria-required=\"true\" aria-invalid=\"false\" value=\"\" type=\"text\" name=\"your-subject\" \/><\/span> <\/label>\n<\/p>\n<p><label> Ditt meddelande (valfritt)<br \/>\n<span class=\"wpcf7-form-control-wrap\" data-name=\"your-message\"><textarea cols=\"40\" rows=\"10\" maxlength=\"2000\" class=\"wpcf7-form-control wpcf7-textarea\" aria-invalid=\"false\" name=\"your-message\"><\/textarea><\/span> <\/label>\n<\/p>\n<p><input class=\"wpcf7-form-control wpcf7-submit has-spinner\" type=\"submit\" value=\"Skicka\" \/>\n<\/p><div class=\"wpcf7-response-output\" aria-hidden=\"true\"><\/div>\n<\/form>\n<\/div>\n<\/div>\n","protected":false},"excerpt":{"rendered":"<p>Parterapi p\u00e5 S:t Lukas Mottagningar P\u00e5 S:t Lukas erbjuder vi parterapi f\u00f6r olika typer av relationer \u2013 oavsett om det g\u00e4ller par, f\u00f6r\u00e4ldrar och barn, syskon eller andra konstellationer. Parterapi ger er m\u00f6jlighet att utforska och f\u00f6rst\u00e5 de konflikter och utmaningar som ni m\u00f6ter tillsammans. Vad kan parterapi hj\u00e4lpa till med? Parterapi erbjuder er en [&hellip;]<\/p>\n","protected":false},"author":78,"featured_media":0,"parent":0,"menu_order":0,"comment_status":"closed","ping_status":"closed","template":"","meta":{"_acf_changed":false,"footnotes":""},"class_list":["post-1247","page","type-page","status-publish","hentry"],"acf":[],"_links":{"self":[{"href":"https:\/\/sanktlukas.se\/lund\/wp-json\/wp\/v2\/pages\/1247","targetHints":{"allow":["GET"]}}],"collection":[{"href":"https:\/\/sanktlukas.se\/lund\/wp-json\/wp\/v2\/pages"}],"about":[{"href":"https:\/\/sanktlukas.se\/lund\/wp-json\/wp\/v2\/types\/page"}],"author":[{"embeddable":true,"href":"https:\/\/sanktlukas.se\/lund\/wp-json\/wp\/v2\/users\/78"}],"replies":[{"embeddable":true,"href":"https:\/\/sanktlukas.se\/lund\/wp-json\/wp\/v2\/comments?post=1247"}],"version-history":[{"count":8,"href":"https:\/\/sanktlukas.se\/lund\/wp-json\/wp\/v2\/pages\/1247\/revisions"}],"predecessor-version":[{"id":1272,"href":"https:\/\/sanktlukas.se\/lund\/wp-json\/wp\/v2\/pages\/1247\/revisions\/1272"}],"wp:attachment":[{"href":"https:\/\/sanktlukas.se\/lund\/wp-json\/wp\/v2\/media?parent=1247"}],"curies":[{"name":"wp","href":"https:\/\/api.w.org\/{rel}","templated":true}]}}