{"id":758,"date":"2021-06-01T14:02:31","date_gmt":"2021-06-01T12:02:31","guid":{"rendered":"https:\/\/sanktlukas.se\/lund\/?page_id=758"},"modified":"2021-06-01T14:02:31","modified_gmt":"2021-06-01T12:02:31","slug":"behandling-av-medlems-personuppgifter-gdpr","status":"publish","type":"page","link":"https:\/\/sanktlukas.se\/lund\/behandling-av-medlems-personuppgifter-gdpr\/","title":{"rendered":"Behandling av medlems personuppgifter GDPR"},"content":{"rendered":"<p>F\u00f6reningen Sankt Lukas Lund behandlar personuppgifter i enlighet med svensk lagstiftning som f\u00f6ljer EU-direktivet, GDPR (General Data Protection Regulation), som ers\u00e4tter den tidigare personuppgiftslagen.<\/p>\n<p>F\u00f6r att kunna skicka brev, kallelser, information om v\u00e5ra aktiviteter och informera dig om vad som h\u00e4nder i v\u00e5r f\u00f6rening, beh\u00f6ver vi registrera ditt namn, adress och e-postadress.<\/p>\n<p>N\u00e4r vi hanterar dina personuppgifter iakttar vi s\u00e4kerhet och sekretess och dina uppgifter l\u00e4mnas inte till n\u00e5gon utomst\u00e5ende. Senast ett \u00e5r efter att du beg\u00e4rt uttr\u00e4de ur f\u00f6reningen och medlemskapet har upph\u00f6rt, raderas dina personuppgifter.<\/p>\n<p>Om du har ytterligare fr\u00e5gor om hur vi hanterar personuppgifter, kan du kontakta<\/p>\n<p><strong>Personuppgiftsansvarig<\/strong><\/p>\n<p>Ola \u00c5kerberg<br \/>\nM\u00f6llegatan 17<br \/>\n222 29 Lund<\/p>\n<p>tel.076-677 40 47<br \/>\nmail: <a href=\"mailto:ola.akerberg@.sanktlukas.se\">ola.akerberg@.sanktlukas.se<\/a><\/p>\n","protected":false},"excerpt":{"rendered":"<p>F\u00f6reningen Sankt Lukas Lund behandlar personuppgifter i enlighet med svensk lagstiftning som f\u00f6ljer EU-direktivet, GDPR (General Data Protection Regulation), som ers\u00e4tter den tidigare personuppgiftslagen. F\u00f6r att kunna skicka brev, kallelser, information om v\u00e5ra aktiviteter och informera dig om vad som h\u00e4nder i v\u00e5r f\u00f6rening, beh\u00f6ver vi registrera ditt namn, adress och e-postadress. N\u00e4r vi hanterar [&hellip;]<\/p>\n","protected":false},"author":8,"featured_media":-1,"parent":0,"menu_order":0,"comment_status":"closed","ping_status":"closed","template":"","meta":{"_acf_changed":false,"footnotes":""},"class_list":["post-758","page","type-page","status-publish","has-post-thumbnail","hentry"],"acf":[],"_links":{"self":[{"href":"https:\/\/sanktlukas.se\/lund\/wp-json\/wp\/v2\/pages\/758","targetHints":{"allow":["GET"]}}],"collection":[{"href":"https:\/\/sanktlukas.se\/lund\/wp-json\/wp\/v2\/pages"}],"about":[{"href":"https:\/\/sanktlukas.se\/lund\/wp-json\/wp\/v2\/types\/page"}],"author":[{"embeddable":true,"href":"https:\/\/sanktlukas.se\/lund\/wp-json\/wp\/v2\/users\/8"}],"replies":[{"embeddable":true,"href":"https:\/\/sanktlukas.se\/lund\/wp-json\/wp\/v2\/comments?post=758"}],"version-history":[{"count":1,"href":"https:\/\/sanktlukas.se\/lund\/wp-json\/wp\/v2\/pages\/758\/revisions"}],"predecessor-version":[{"id":759,"href":"https:\/\/sanktlukas.se\/lund\/wp-json\/wp\/v2\/pages\/758\/revisions\/759"}],"wp:featuredmedia":[{"embeddable":true,"href":"https:\/\/sanktlukas.se\/lund\/wp-json\/"}],"wp:attachment":[{"href":"https:\/\/sanktlukas.se\/lund\/wp-json\/wp\/v2\/media?parent=758"}],"curies":[{"name":"wp","href":"https:\/\/api.w.org\/{rel}","templated":true}]}}