{"id":10,"date":"2016-06-01T13:58:41","date_gmt":"2016-06-01T11:58:41","guid":{"rendered":"https:\/\/sanktlukas.se\/malmo\/?page_id=10"},"modified":"2016-06-01T13:58:41","modified_gmt":"2016-06-01T11:58:41","slug":"bli-medlem","status":"publish","type":"page","link":"https:\/\/sanktlukas.se\/malmo\/foreningen\/bli-medlem\/","title":{"rendered":"Bli medlem"},"content":{"rendered":"<h3>Du \u00e4r v\u00e4lkommen som medlem i S:t Lukas lokalf\u00f6rening i Malm\u00f6.<\/h3>\n<p>\u00c5rsavgiften \u00e4r 200 kronor, och 100 kronor f\u00f6r \u00f6vrig familjemedlem samt 100 kronor f\u00f6r studerande. S\u00e4tt in avgiften p\u00e5 v\u00e5rt bankgiro 5012-5277 och ange namn och adress.<\/p>\n<p>Som medlem f\u00e5r du program f\u00f6r v\u00e5ra samtalskv\u00e4llar hemskickat till dig. Som medlem st\u00f6djer du S:t Lukas verksamhet och bidrar bland annat till att vi\u00a0vid behov\u00a0kan erbjuda reducerad samtalsavgift vid v\u00e5ra mottagningar.<\/p>\n<p>Du kan \u00e4ven st\u00f6dja v\u00e5r verksamhet med att sk\u00e4nka en g\u00e5va. G\u00e5vor g\u00e5r oavkortat till att s\u00e4nka samtalsavgiften vid behov. G\u00e5vor kan s\u00e4ttas in p\u00e5 v\u00e5rt bankgiro. Ange &#8217;G\u00e5va&#8217; p\u00e5 ins\u00e4ttningen.<\/p>\n","protected":false},"excerpt":{"rendered":"<p>Du \u00e4r v\u00e4lkommen som medlem i S:t Lukas lokalf\u00f6rening i Malm\u00f6. \u00c5rsavgiften \u00e4r 200 kronor, och 100 kronor f\u00f6r \u00f6vrig familjemedlem samt 100 kronor f\u00f6r studerande. S\u00e4tt in avgiften p\u00e5 v\u00e5rt bankgiro 5012-5277 och ange namn och adress. Som medlem f\u00e5r du program f\u00f6r v\u00e5ra samtalskv\u00e4llar hemskickat till dig. Som medlem st\u00f6djer du S:t Lukas [&hellip;]<\/p>\n","protected":false},"author":3,"featured_media":0,"parent":1,"menu_order":1,"comment_status":"closed","ping_status":"closed","template":"","meta":{"_acf_changed":false,"footnotes":""},"class_list":["post-10","page","type-page","status-publish","hentry"],"acf":[],"_links":{"self":[{"href":"https:\/\/sanktlukas.se\/malmo\/wp-json\/wp\/v2\/pages\/10","targetHints":{"allow":["GET"]}}],"collection":[{"href":"https:\/\/sanktlukas.se\/malmo\/wp-json\/wp\/v2\/pages"}],"about":[{"href":"https:\/\/sanktlukas.se\/malmo\/wp-json\/wp\/v2\/types\/page"}],"author":[{"embeddable":true,"href":"https:\/\/sanktlukas.se\/malmo\/wp-json\/wp\/v2\/users\/3"}],"replies":[{"embeddable":true,"href":"https:\/\/sanktlukas.se\/malmo\/wp-json\/wp\/v2\/comments?post=10"}],"version-history":[{"count":1,"href":"https:\/\/sanktlukas.se\/malmo\/wp-json\/wp\/v2\/pages\/10\/revisions"}],"predecessor-version":[{"id":11,"href":"https:\/\/sanktlukas.se\/malmo\/wp-json\/wp\/v2\/pages\/10\/revisions\/11"}],"up":[{"embeddable":true,"href":"https:\/\/sanktlukas.se\/malmo\/wp-json\/wp\/v2\/pages\/1"}],"wp:attachment":[{"href":"https:\/\/sanktlukas.se\/malmo\/wp-json\/wp\/v2\/media?parent=10"}],"curies":[{"name":"wp","href":"https:\/\/api.w.org\/{rel}","templated":true}]}}