{"id":20,"date":"2016-06-01T14:07:42","date_gmt":"2016-06-01T12:07:42","guid":{"rendered":"https:\/\/sanktlukas.se\/malmo\/?page_id=20"},"modified":"2026-03-29T07:53:25","modified_gmt":"2026-03-29T05:53:25","slug":"aktuelltprogram","status":"publish","type":"page","link":"https:\/\/sanktlukas.se\/malmo\/foreningen\/aktuelltprogram\/","title":{"rendered":"Samtalskv\u00e4llar"},"content":{"rendered":"<h2><strong><span style=\"color: #008080\">2026<\/span><\/strong><\/h2>\n<p class=\"x_MsoNormal\"><span style=\"color: #008080\"><b>F\u00f6rel\u00e4sning den 24 april kl 13.00 \u2013 ca 16.00<br \/>\n<\/b>p\u00e5 Slagthuset, J\u00f6rgen Kocksgatan 7A, 211 20, Malm\u00f6<b><\/b><\/span><\/p>\n<p class=\"x_MsoNormal\"><span style=\"color: #008080\"><b>Ulrika Bj\u00f6rk, docent i filosofi, f\u00f6rel\u00e4ser utifr\u00e5n Simone De Beauvoirs<\/b><\/span><\/p>\n<p class=\"x_MsoNormal\"><span style=\"color: #008080\"><b>\u201dF\u00f6r en tvetydighetens moral\u201d.<\/b><\/span><\/p>\n<h2><\/h2>\n<h2><\/h2>\n<h2><\/h2>\n<h2><\/h2>\n<h2><\/h2>\n<h2><\/h2>\n<h2><\/h2>\n<h2><\/h2>\n<h2><\/h2>\n<h2><\/h2>\n<ul>\n<li><\/li>\n<\/ul>\n<h1 align=\"LEFT\"><\/h1>\n","protected":false},"excerpt":{"rendered":"<p>2026 F\u00f6rel\u00e4sning den 24 april kl 13.00 \u2013 ca 16.00 p\u00e5 Slagthuset, J\u00f6rgen Kocksgatan 7A, 211 20, Malm\u00f6 Ulrika Bj\u00f6rk, docent i filosofi, f\u00f6rel\u00e4ser utifr\u00e5n Simone De Beauvoirs \u201dF\u00f6r en tvetydighetens moral\u201d.<\/p>\n","protected":false},"author":3,"featured_media":-1,"parent":1,"menu_order":0,"comment_status":"closed","ping_status":"closed","template":"","meta":{"_acf_changed":false,"footnotes":""},"class_list":["post-20","page","type-page","status-publish","has-post-thumbnail","hentry"],"acf":[],"_links":{"self":[{"href":"https:\/\/sanktlukas.se\/malmo\/wp-json\/wp\/v2\/pages\/20","targetHints":{"allow":["GET"]}}],"collection":[{"href":"https:\/\/sanktlukas.se\/malmo\/wp-json\/wp\/v2\/pages"}],"about":[{"href":"https:\/\/sanktlukas.se\/malmo\/wp-json\/wp\/v2\/types\/page"}],"author":[{"embeddable":true,"href":"https:\/\/sanktlukas.se\/malmo\/wp-json\/wp\/v2\/users\/3"}],"replies":[{"embeddable":true,"href":"https:\/\/sanktlukas.se\/malmo\/wp-json\/wp\/v2\/comments?post=20"}],"version-history":[{"count":41,"href":"https:\/\/sanktlukas.se\/malmo\/wp-json\/wp\/v2\/pages\/20\/revisions"}],"predecessor-version":[{"id":519,"href":"https:\/\/sanktlukas.se\/malmo\/wp-json\/wp\/v2\/pages\/20\/revisions\/519"}],"up":[{"embeddable":true,"href":"https:\/\/sanktlukas.se\/malmo\/wp-json\/wp\/v2\/pages\/1"}],"wp:featuredmedia":[{"embeddable":true,"href":"https:\/\/sanktlukas.se\/malmo\/wp-json\/"}],"wp:attachment":[{"href":"https:\/\/sanktlukas.se\/malmo\/wp-json\/wp\/v2\/media?parent=20"}],"curies":[{"name":"wp","href":"https:\/\/api.w.org\/{rel}","templated":true}]}}