{"id":5,"date":"2016-05-26T06:02:32","date_gmt":"2016-05-26T04:02:32","guid":{"rendered":"https:\/\/sanktlukas.se\/malmo\/kontakt\/"},"modified":"2023-05-26T08:41:25","modified_gmt":"2023-05-26T06:41:25","slug":"kontakt","status":"publish","type":"page","link":"https:\/\/sanktlukas.se\/malmo\/kontakt\/","title":{"rendered":"Kontakt"},"content":{"rendered":"<h2>Kontakt<\/h2>\n<h3>Telefontid<\/h3>\n<p>M\u00e5ndag-fredag kl. 08.30-15.00 med lunchst\u00e4ngt kl. 12.00-12.45.<\/p>\n<p>\u00d6vrig tid har vi telefonsvarare. Om du talar in ett meddelande s\u00e5 ringer vi upp s\u00e5 snart vi kan. Om du kommer till v\u00e5r telefonsvarare under telefontid beror det p\u00e5 att vi redan talar i telefon. Tala d\u00e5 in ett meddelande eller prova igen lite senare.<\/p>\n<h3>Hitta till oss<\/h3>\n<p>V\u00e5r mottagning \u00e4r centralt bel\u00e4gen, c:a 300 m fr\u00e5n Centralstationen. Det finns goda parkeringsm\u00f6jligheter i n\u00e4rheten.<\/p>\n<p>Mottagningen ligger 1 tr upp. Hiss finns.<\/p>\n\n\n<h2 class=\"wp-block-sanktlukas-genericheading headline headline--medium dark-green\">Varmt v\u00e4lkommen att kontakta oss<\/h2>\n\n\n\n<div class=\"wp-block-sanktlukas-generictextblock textblock textblock--undefined\">Fyll i dina kontaktuppgifter nedan s\u00e5 h\u00f6r vi av oss till dig inom kort.<\/div>\n\n\n\n<div class=\"wp-block-contact-form-7-contact-form-selector\">\n<div class=\"wpcf7 no-js\" id=\"wpcf7-f333-o1\" lang=\"sv-SE\" dir=\"ltr\" data-wpcf7-id=\"333\">\n<div class=\"screen-reader-response\"><p role=\"status\" aria-live=\"polite\" aria-atomic=\"true\"><\/p> <ul><\/ul><\/div>\n<form action=\"\/malmo\/wp-json\/wp\/v2\/pages\/5#wpcf7-f333-o1\" method=\"post\" class=\"wpcf7-form init\" aria-label=\"Kontaktformul\u00e4r\" novalidate=\"novalidate\" data-status=\"init\">\n<fieldset class=\"hidden-fields-container\"><input type=\"hidden\" name=\"_wpcf7\" value=\"333\" \/><input type=\"hidden\" name=\"_wpcf7_version\" value=\"6.1.5\" \/><input type=\"hidden\" name=\"_wpcf7_locale\" value=\"sv_SE\" \/><input type=\"hidden\" name=\"_wpcf7_unit_tag\" value=\"wpcf7-f333-o1\" \/><input type=\"hidden\" name=\"_wpcf7_container_post\" value=\"0\" \/><input type=\"hidden\" name=\"_wpcf7_posted_data_hash\" value=\"\" \/>\n<\/fieldset>\n<p><label> Namn:<br \/>\n<span class=\"wpcf7-form-control-wrap\" data-name=\"your-name\"><input size=\"40\" maxlength=\"400\" class=\"wpcf7-form-control wpcf7-text wpcf7-validates-as-required\" aria-required=\"true\" aria-invalid=\"false\" value=\"\" type=\"text\" name=\"your-name\" \/><\/span> <\/label>\n<\/p>\n<p><label> E-postadress:<br \/>\n<span class=\"wpcf7-form-control-wrap\" data-name=\"your-email\"><input size=\"40\" maxlength=\"400\" class=\"wpcf7-form-control wpcf7-email wpcf7-validates-as-required wpcf7-text wpcf7-validates-as-email\" aria-required=\"true\" aria-invalid=\"false\" value=\"\" type=\"email\" name=\"your-email\" \/><\/span> <\/label>\n<\/p>\n<p><label> Telefonnummer:<br \/>\n<span class=\"wpcf7-form-control-wrap\" data-name=\"tel-504\"><input size=\"40\" maxlength=\"400\" class=\"wpcf7-form-control wpcf7-tel wpcf7-text wpcf7-validates-as-tel\" aria-invalid=\"false\" value=\"\" type=\"tel\" name=\"tel-504\" \/><\/span> <\/label>\n<\/p>\n<p><label> \u00c4mne:<br \/>\n<span class=\"wpcf7-form-control-wrap\" data-name=\"your-subject\"><input size=\"40\" maxlength=\"400\" class=\"wpcf7-form-control wpcf7-text wpcf7-validates-as-required\" aria-required=\"true\" aria-invalid=\"false\" value=\"\" type=\"text\" name=\"your-subject\" \/><\/span> <\/label>\n<\/p>\n<p><label> Meddelande:<br \/>\n<span class=\"wpcf7-form-control-wrap\" data-name=\"your-message\"><textarea cols=\"40\" rows=\"10\" maxlength=\"2000\" class=\"wpcf7-form-control wpcf7-textarea\" aria-invalid=\"false\" name=\"your-message\"><\/textarea><\/span> <\/label>\n<\/p>\n<p><input class=\"wpcf7-form-control wpcf7-submit has-spinner\" type=\"submit\" value=\"Skicka\" \/>\n<\/p><div class=\"wpcf7-response-output\" aria-hidden=\"true\"><\/div>\n<\/form>\n<\/div>\n<\/div>\n","protected":false},"excerpt":{"rendered":"<p>Kontakt Telefontid M\u00e5ndag-fredag kl. 08.30-15.00 med lunchst\u00e4ngt kl. 12.00-12.45. \u00d6vrig tid har vi telefonsvarare. Om du talar in ett meddelande s\u00e5 ringer vi upp s\u00e5 snart vi kan. Om du kommer till v\u00e5r telefonsvarare under telefontid beror det p\u00e5 att vi redan talar i telefon. Tala d\u00e5 in ett meddelande eller prova igen lite senare. [&hellip;]<\/p>\n","protected":false},"author":3,"featured_media":0,"parent":0,"menu_order":0,"comment_status":"closed","ping_status":"closed","template":"template-contact.php","meta":{"_acf_changed":false,"footnotes":""},"class_list":["post-5","page","type-page","status-publish","hentry"],"acf":[],"_links":{"self":[{"href":"https:\/\/sanktlukas.se\/malmo\/wp-json\/wp\/v2\/pages\/5","targetHints":{"allow":["GET"]}}],"collection":[{"href":"https:\/\/sanktlukas.se\/malmo\/wp-json\/wp\/v2\/pages"}],"about":[{"href":"https:\/\/sanktlukas.se\/malmo\/wp-json\/wp\/v2\/types\/page"}],"author":[{"embeddable":true,"href":"https:\/\/sanktlukas.se\/malmo\/wp-json\/wp\/v2\/users\/3"}],"replies":[{"embeddable":true,"href":"https:\/\/sanktlukas.se\/malmo\/wp-json\/wp\/v2\/comments?post=5"}],"version-history":[{"count":10,"href":"https:\/\/sanktlukas.se\/malmo\/wp-json\/wp\/v2\/pages\/5\/revisions"}],"predecessor-version":[{"id":422,"href":"https:\/\/sanktlukas.se\/malmo\/wp-json\/wp\/v2\/pages\/5\/revisions\/422"}],"wp:attachment":[{"href":"https:\/\/sanktlukas.se\/malmo\/wp-json\/wp\/v2\/media?parent=5"}],"curies":[{"name":"wp","href":"https:\/\/api.w.org\/{rel}","templated":true}]}}