{"id":459,"date":"2023-02-05T20:33:59","date_gmt":"2023-02-05T19:33:59","guid":{"rendered":"https:\/\/sanktlukas.se\/molndal\/?page_id=459"},"modified":"2024-01-19T14:37:20","modified_gmt":"2024-01-19T13:37:20","slug":"specialistutbildning-chefshandledning","status":"publish","type":"page","link":"https:\/\/sanktlukas.se\/molndal\/specialistutbildning-chefshandledning\/","title":{"rendered":"Specialistutbildning chefshandledning"},"content":{"rendered":"\n<h1 class=\"wp-block-sanktlukas-genericheading headline headline--large medium-green\">Specialistutbildning chefshandledning<\/h1>\n\n\n\n<p><strong>DIGITAL UTBILDNING <\/strong><br><strong>TIO HALVDAGAR&nbsp; &#8211;&nbsp; N\u00c4STA KURSSTART 21 MARS 2024<\/strong><\/p>\n\n\n\n<h3 class=\"wp-block-heading\">Ackrediterad som specialistkurs f\u00f6r psykologer<\/h3>\n\n\n\n<p>V\u00e4lkommen till v\u00e5r utbildning p\u00e5 specialistniv\u00e5 i chefshandledning. Utbildningen riktar sig till dig som \u00e4r leg. psykolog eller beteendevetare med adekvat vidareutbildning och som arbetar med chefshandledning. Utbildningen ger dig f\u00f6rdjupade teoretiska kunskaper inom omr\u00e5det samt teorier, metoder och tr\u00e4ning i hur du som handledare kan ta dig an olika typer av fr\u00e5gest\u00e4llningar och uppdrag.<\/p>\n\n\n\n<p>Kursen har fokus p\u00e5 f\u00e4rdighetstr\u00e4ning. Du kommer att f\u00e5 \u00f6va dig p\u00e5 att chefshandleda i flera steg. I det f\u00f6rsta steget tr\u00e4nar ni p\u00e5 varandra. I det andra steget tr\u00e4nar du med din handledare och i det tredje steget handleder du en riktig chef. Chefshandledningssessionerna sker live eller spelas in och du f\u00e5r feedback p\u00e5 din metodik.<\/p>\n\n\n\n<p>Utbildningen \u00e4r ackrediterad som f\u00f6rdjupningskurs inom specialistomr\u00e5det arbets- och organisationspsykologi f\u00f6r psykologer.<\/p>\n\n\n\n<p>Utbildningen ges helt digitalt, via Teams. Formerna f\u00f6r utbildningen varierar mellan f\u00f6rel\u00e4sningar, \u00f6vning i chefshandledning, seminarier och egen inl\u00e4sning.<\/p>\n\n\n\n<h3 class=\"wp-block-heading\">N\u00e4r, var, hur?<\/h3>\n\n\n\n<p>N\u00e4sta kursstart \u00e4r planerad till mars 2024. Kursen kommer att genomf\u00f6ras helt digitalt via Microsoft Teams. En f\u00f6ruts\u00e4ttning f\u00f6r deltagande \u00e4r att ha programmet nedladdat p\u00e5 en dator, stabil internetuppkoppling, h\u00f6rlurar och webbkamera. Kursen omfattar minst 25 l\u00e4rarledda timmar under ca 4 m\u00e5nader, med f\u00f6rel\u00e4sningar och seminarier. D\u00e4rut\u00f6ver tillkommer egen inl\u00e4sning och \u00f6vningar i chefshandledning. Antalet platser \u00e4r begr\u00e4nsat.<\/p>\n\n\n\n<h3 class=\"wp-block-heading\">Kursschema<\/h3>\n\n\n\n<figure class=\"wp-block-table\"><table><tbody><tr><td>To 21\/3<\/td><td>9.00-12.00<\/td><td>Introduktion<\/td><\/tr><tr><td>To 28\/3<\/td><td>10.30-12.00<\/td><td>Litteraturwebinarium (gruppvis, ingen handledare)<\/td><\/tr><tr><td>Ti 2\/4<\/td><td>13.00-15.30<\/td><td>Webinarium 1<\/td><\/tr><tr><td>To 11\/4<\/td><td>9.00-12.00<\/td><td>\u00d6vning 1 i chefshandledning (gruppvis)<\/td><\/tr><tr><td>To 18\/4<\/td><td>9.30-12.00<\/td><td>Webinarium 2<\/td><\/tr><tr><td>Ti 30\/4<\/td><td>13.00-15.30<\/td><td>\u00d6vning 2 med handledaren som \u201dchef\u201d (individuellt)<br>Individuell tid tilldelas 30\/4 eller 2\/5, ej valbart<\/td><\/tr><tr><td>To 2\/5<\/td><td>9.00-10.30<br>11.00-12.00<\/td><td>\u00d6vning 2 med handledaren som \u201dchef\u201d (individuellt)<br>Reflektioner \u00f6vning 2 (gruppvis)<\/td><\/tr><tr><td>On 8\/5<\/td><td>9.30-12.00<\/td><td>Webinarium 3<\/td><\/tr><tr><td>To 16\/5<\/td><td><\/td><td>Inl\u00e4mning av inspelningar (ingen tr\u00e4ff)<\/td><\/tr><tr><td>To 30\/5<\/td><td>9.00-12.00<\/td><td>Feedbacksamtal p\u00e5 inspelad chefshandledning (gruppvis)<\/td><\/tr><tr><td>On 5\/6<\/td><td>9.30-12.00<\/td><td>Webinarium 4. Inl\u00e4mning av examinationsuppgift.<\/td><\/tr><tr><td>To 13\/6<\/td><td>9.00-12.00<\/td><td>Examination och utv\u00e4rdering<\/td><\/tr><\/tbody><\/table><\/figure>\n\n\n\n<h3 class=\"wp-block-sanktlukas-genericheading headline headline--small medium-green\">F\u00f6rel\u00e4sare och examinator<\/h3>\n\n\n\n<p><strong>Examinator: Olle Persson, leg psykolog och fil dr i psykologi<\/strong>.<br>Universitetslektor, G\u00f6teborgs universitet (GU) 1993 &#8211; 2019. Pensionerad 2019. Han har varit studierektor f\u00f6r psykologprogrammet vid GU tv\u00e5 omg\u00e5ngar (1995-2000; 2014-2018), kursledare f\u00f6r flera kurser inom arbets- och organisationspsykologi, inom fr\u00e4mst psykologprogrammet. Under \u00e5ren 2008 till 2012 var han medansvarig f\u00f6r utveckling och genomf\u00f6randet av chefsutvecklingsprogrammet (CUP), ett obligatoriskt program f\u00f6r alla chefer vid GU. Parallellt med detta har han jobbat som frist\u00e5ende konsult med chefsutveckling, fr\u00e4mst chefshandledning.<br>Har under \u00e5ren 1986 och fortfarande handlett ett 100-tal chefer, huvudsakligen inom skola, v\u00e5rd och omsorg.<br>Senaste publicering: ett bokkapitel om chefshandledning (i Thylefors, I. (2020) (red). AO &#8211; konsulten. En handbok i arbets- och organisationspsykologi. Stockholm: Natur &amp; Kultur).<\/p>\n\n\n\n<h3 class=\"wp-block-sanktlukas-genericheading headline headline--small medium-green\">\u00d6vriga f\u00f6rel\u00e4sare<\/h3>\n\n\n\n<p><strong>Isabel Abrahamsson \u00e4r handledare och kursansvarig.<br><\/strong>Isabel \u00e4r legitimerad psykolog med inriktning p\u00e5 arbets- och organisationspsykologi. Hon arbetar med grupputveckling, konflikter, kris- och f\u00f6r\u00e4ndringsarbete, ledarskap, handledning och stresshantering. Hon har erfarenhet av utvecklingsarbete och handledning med ledningsgrupper, chefer p\u00e5 verksamhets- och enhetsniv\u00e5, HR, personalgrupper, fackliga f\u00f6retr\u00e4dare och enskilda medarbetare.<\/p>\n\n\n\n<p><strong>Jennie Skoglund \u00e4r handledare p\u00e5 kursen.<br><\/strong>Jennie har varit omr\u00e5deschef f\u00f6r S:t Lukas G\u00f6teborg Organisation &amp; Ledarskap och har \u00e4ven tidigare ledarerfarenhet fr\u00e5n f\u00f6retagsh\u00e4lsov\u00e5rden. Hon \u00e4r legitimerad psykolog med inriktning inom organisationspsykologi sedan 2000, med fokus p\u00e5 ledarskapsutveckling, handledning och konflikthantering.<\/p>\n\n\n\n<p><strong>Anita Naucl\u00e9r \u00e4r handledare p\u00e5 kursen.<\/strong><br>Anita \u00e4r legitimerad psykolog sedan \u00e5r 2000, med huvudsaklig inriktning mot organisationspsykologi sedan \u00e5r 2007. De omr\u00e5den hon har arbetat med l\u00e4nge samt valt att f\u00f6rdjupa sig inom \u00e4r ledarskapsfr\u00e5gor, konflikthantering, handledning, chefscoaching, stresshantering samt gruppanalys\/grupputveckling.<br><strong><br><\/strong><\/p>\n\n\n\n<h3 class=\"wp-block-heading\">Intresseanm\u00e4lan och fr\u00e5gor skickas till<\/h3>\n\n\n\n<p>Isabel Abrahamsson,&nbsp;<a href=\"mailto:isabel.abrahamsson@sanktlukas.se\">isabel.abrahamsson@sanktlukas.se<\/a>, 076-677 53 45.<br>Kostnaden f\u00f6r kursen \u00e4r 29 200 kr exkl. moms.<\/p>\n\n\n\n<p>Sista anm\u00e4lningsdag \u00e4r 28 februari 2024.<\/p>\n\n\n\n<p class=\"has-beige-background-color has-background\"><a href=\"https:\/\/sanktlukas.se\/goteborg\/wp-content\/uploads\/sites\/11\/Specialistutb-chefshandledning_start_240321.pdf\"><strong>Ladda ned utbildningens infoblad i utskriftsv\u00e4nligt format<\/strong><\/a><\/p>\n","protected":false},"excerpt":{"rendered":"<p>DIGITAL UTBILDNING TIO HALVDAGAR&nbsp; &#8211;&nbsp; N\u00c4STA KURSSTART 21 MARS 2024 Ackrediterad som specialistkurs f\u00f6r psykologer V\u00e4lkommen till v\u00e5r utbildning p\u00e5 specialistniv\u00e5 i chefshandledning. Utbildningen riktar sig till dig som \u00e4r leg. psykolog eller beteendevetare med adekvat vidareutbildning och som arbetar med chefshandledning. Utbildningen ger dig f\u00f6rdjupade teoretiska kunskaper inom omr\u00e5det samt teorier, metoder och tr\u00e4ning [&hellip;]<\/p>\n","protected":false},"author":3,"featured_media":0,"parent":0,"menu_order":0,"comment_status":"closed","ping_status":"closed","template":"","meta":{"_acf_changed":false,"footnotes":""},"class_list":["post-459","page","type-page","status-publish","hentry"],"acf":[],"_links":{"self":[{"href":"https:\/\/sanktlukas.se\/molndal\/wp-json\/wp\/v2\/pages\/459","targetHints":{"allow":["GET"]}}],"collection":[{"href":"https:\/\/sanktlukas.se\/molndal\/wp-json\/wp\/v2\/pages"}],"about":[{"href":"https:\/\/sanktlukas.se\/molndal\/wp-json\/wp\/v2\/types\/page"}],"author":[{"embeddable":true,"href":"https:\/\/sanktlukas.se\/molndal\/wp-json\/wp\/v2\/users\/3"}],"replies":[{"embeddable":true,"href":"https:\/\/sanktlukas.se\/molndal\/wp-json\/wp\/v2\/comments?post=459"}],"version-history":[{"count":4,"href":"https:\/\/sanktlukas.se\/molndal\/wp-json\/wp\/v2\/pages\/459\/revisions"}],"predecessor-version":[{"id":582,"href":"https:\/\/sanktlukas.se\/molndal\/wp-json\/wp\/v2\/pages\/459\/revisions\/582"}],"wp:attachment":[{"href":"https:\/\/sanktlukas.se\/molndal\/wp-json\/wp\/v2\/media?parent=459"}],"curies":[{"name":"wp","href":"https:\/\/api.w.org\/{rel}","templated":true}]}}