{"id":461,"date":"2023-02-05T20:35:42","date_gmt":"2023-02-05T19:35:42","guid":{"rendered":"https:\/\/sanktlukas.se\/molndal\/?page_id=461"},"modified":"2024-01-05T14:25:35","modified_gmt":"2024-01-05T13:25:35","slug":"ettarig-konsultutbildning","status":"publish","type":"page","link":"https:\/\/sanktlukas.se\/molndal\/ettarig-konsultutbildning\/","title":{"rendered":"Ett\u00e5rig konsultutbildning"},"content":{"rendered":"\n<h1 class=\"wp-block-heading\">Ett\u00e5rig specialistutbildning f\u00f6r psykologer<\/h1>\n\n\n\n<h3 class=\"wp-block-heading\">Arbets- och organisationspsykologisk konsultation och personalhandledning<\/h3>\n\n\n\n<p><strong>Ackrediterad som tre f\u00f6rdjupningskurser inom specialistomr\u00e5det arbets- och organisationspsykologi f\u00f6r psykologer<\/strong><\/p>\n\n\n\n<p>V\u00e4lkommen till v\u00e5r uppskattade specialistutbildning i arbets- och organisationspsykologisk konsultation och personalhandledning. Utbildningen ges nu f\u00f6r femte g\u00e5ngen i ordningen och riktar sig till dig som \u00e4r verksam inom det organisationspsykologiska f\u00e4ltet som psykolog eller som beteendevetare.<\/p>\n\n\n\n<p>Utbildningen inneh\u00e5ller teorier, metoder och tr\u00e4ning i hur du som konsult kan ta dig an olika typer av fr\u00e5gest\u00e4llningar och uppdrag. Formerna varierar mellan praktiska \u00f6vningar med aktivt deltagande, arbete med case, f\u00f6rel\u00e4sningar, handledning p\u00e5 egna uppdrag, seminarier och egen inl\u00e4sning.<\/p>\n\n\n\n<p>Under \u00e5ret tr\u00e4ffas vi under femton dagar, vid sex tillf\u00e4llen, d\u00e4r varje tillf\u00e4lle har ett av f\u00f6ljande teman:<\/p>\n\n\n\n<ul class=\"wp-block-list\">\n<li>Konsultrollen och organisatoriska sammanhang<\/li>\n\n\n\n<li>Personalhandledning<\/li>\n\n\n\n<li>Team- och grupputveckling<\/li>\n\n\n\n<li>Konflikthantering<\/li>\n\n\n\n<li>Organisatorisk och social arbetsmilj\u00f6<\/li>\n\n\n\n<li>Ledarskap<\/li>\n<\/ul>\n\n\n\n<p>Uppl\u00e4gget skapar goda f\u00f6ruts\u00e4ttningar f\u00f6r ett gemensamt l\u00e4rande och f\u00f6r ett fortsatt utbyte \u00e4ven efter utbildningens slut. Ett utbyte vi vet varit mycket uppskattat av tidigare deltagare.<\/p>\n\n\n\n<figure class=\"wp-block-embed is-type-video is-provider-youtube wp-block-embed-youtube wp-embed-aspect-4-3 wp-has-aspect-ratio\"><div class=\"wp-block-embed__wrapper\">\n<iframe loading=\"lazy\" title=\"S:t Lukas G\u00f6teborgs ett\u00e5riga specialistutbildning f\u00f6r psykologer - Isabel\" width=\"500\" height=\"375\" src=\"https:\/\/www.youtube.com\/embed\/M-QCR4YJZeA?feature=oembed\" frameborder=\"0\" allow=\"accelerometer; autoplay; clipboard-write; encrypted-media; gyroscope; picture-in-picture; web-share\" referrerpolicy=\"strict-origin-when-cross-origin\" allowfullscreen><\/iframe>\n<\/div><\/figure>\n\n\n\n<p>R\u00f6ster fr\u00e5n tidigare deltagare (2020):<\/p>\n\n\n\n<p><em>\u201dEn fantastiskt bra kurs, b\u00e5de till inneh\u00e5ll, uppl\u00e4gg och pedagogik. Otroligt varmt och tryggt bem\u00f6tande samtidigt som man v\u00e5gat utmana sig sj\u00e4lv genomg\u00e5ende under kursen. Har l\u00e4rt mig mycket som jag direkt kunnat applicera i mitt yrkesut\u00f6vande samt f\u00e5tt ett v\u00e4xande intresse f\u00f6r att l\u00e4ra mig mer.\u201d<\/em><\/p>\n\n\n\n<p><em>\u201dEn v\u00e4ldigt bra utbildning, med variation mellan teori och praktik. Mycket positivt med alla yrkesverksamma f\u00f6rel\u00e4sare. En stor eloge S:t Lukas f\u00f6r det goda omh\u00e4ndertagandet. Det har alltid varit roligt och motiverande att \u00e5ka till G\u00f6teborg och n\u00e5got jag sett fram emot. (\u2026 ) m\u00e5nga delar har jag kunnat anv\u00e4nda direkt i min tj\u00e4nst.\u201d<\/em><\/p>\n\n\n\n<h3 class=\"wp-block-heading\">N\u00e4r, var, hur?<\/h3>\n\n\n\n<p>N\u00e4sta kursstart planeras till h\u00f6sten 2023. Kursen kommer genomf\u00f6ras i S:t Lukas lokaler i centrala G\u00f6teborg. Kursens omfattar 15 dagar med f\u00f6rel\u00e4sningar, seminarier och examinerande moment. D\u00e4rut\u00f6ver tillkommer egen inl\u00e4sning och arbete med uppgifter. Antalet platser \u00e4r begr\u00e4nsat. Kostnaden f\u00f6r kursen \u00e4r 46 000 kr exkl moms.&nbsp;<strong>Senast 1 juli 2023<\/strong>&nbsp;vill vi ha din anm\u00e4lan.<\/p>\n\n\n\n<h3 class=\"wp-block-heading\">Examinator och f\u00f6rel\u00e4sare<\/h3>\n\n\n\n<p><strong>Olle Persson<\/strong>, leg. psykolog, fil. dr i psykologi. Universitetslektor, G\u00f6teborgs universitet (GU) 1993 \u2013 2019. Tidigare studierektor f\u00f6r psykologprogrammet vid GU och kursledare f\u00f6r flera kurser inom arbets- och organisationspsykologi. Har varit medansvarig f\u00f6r utveckling och genomf\u00f6randet av chefsutvecklingsprogrammet (CUP), f\u00f6r chefer vid GU. Parallellt med detta har han jobbat som frist\u00e5ende konsult med chefsutveckling, fr\u00e4mst chefshandledning.<\/p>\n\n\n\n<figure class=\"wp-block-embed is-type-video is-provider-youtube wp-block-embed-youtube wp-embed-aspect-4-3 wp-has-aspect-ratio\"><div class=\"wp-block-embed__wrapper\">\n<iframe loading=\"lazy\" title=\"S:t Lukas G\u00f6teborgs ett\u00e5riga specialistutbildning f\u00f6r psykologer - Olle\" width=\"500\" height=\"375\" src=\"https:\/\/www.youtube.com\/embed\/Bngl52jHAmQ?feature=oembed\" frameborder=\"0\" allow=\"accelerometer; autoplay; clipboard-write; encrypted-media; gyroscope; picture-in-picture; web-share\" referrerpolicy=\"strict-origin-when-cross-origin\" allowfullscreen><\/iframe>\n<\/div><\/figure>\n\n\n\n<h3 class=\"wp-block-heading\">F\u00f6rel\u00e4sare<\/h3>\n\n\n\n<p><strong>Charlotte Henschel<\/strong>, leg. psykolog, specialist inom arbets- och organisationspsykologi, l\u00e5ng erfarenhet av ledarskapsutveckling och ledningsgruppsutveckling.<\/p>\n\n\n\n<p><strong>Daniel Oscarsson<\/strong>, leg. psykolog, verksamhetschef, erfaren organisationskonsult.<\/p>\n\n\n\n<p><strong>Erik Matsson<\/strong>, f\u00f6rel\u00e4sare, moderator och f\u00f6rfattare inom kommunikation.<\/p>\n\n\n\n<p><strong>Jennie Skoglund<\/strong>, leg. psykolog, konsult med l\u00e5ng erfarenhet av ledarskapsutveckling, handledning och konflikthantering.<\/p>\n\n\n\n<p><strong>Stefan Blomberg<\/strong>, leg. psykolog, fil. dr i psykologi vid Link\u00f6pings universitet, med inriktning p\u00e5 mobbning och kr\u00e4nkande s\u00e4rbehandling i arbetslivet, med utgivna b\u00f6cker i \u00e4mnet.<\/p>\n\n\n\n<p>Ytterligare f\u00f6rel\u00e4sare tillkommer.<\/p>\n\n\n\n<h4 class=\"wp-block-heading\">&nbsp;<\/h4>\n\n\n\n<h3 class=\"wp-block-heading\">Kursledare och f\u00f6rel\u00e4sare<\/h3>\n\n\n\n<p><strong>Isabel Abrahamsson<\/strong>, leg. psykolog, STP-psykolog inom arbets- och organisationspsykologi, aktiv konsult p\u00e5 S:t Lukas i G\u00f6teborg.<\/p>\n\n\n\n<p><strong>Per Reinhardt<\/strong>, leg. psykolog, STP-psykolog inom arbets- och organisationspsykologi, aktiv konsult p\u00e5 S:t Lukas i G\u00f6teborg.<\/p>\n\n\n\n<h4 class=\"wp-block-heading\">&nbsp;<\/h4>\n\n\n\n<figure class=\"wp-block-embed is-type-video is-provider-youtube wp-block-embed-youtube wp-embed-aspect-4-3 wp-has-aspect-ratio\"><div class=\"wp-block-embed__wrapper\">\n<iframe loading=\"lazy\" title=\"S:t Lukas G\u00f6teborgs ett\u00e5riga specialistutbildning f\u00f6r psykologer - Per\" width=\"500\" height=\"375\" src=\"https:\/\/www.youtube.com\/embed\/nTZRk7PBP58?feature=oembed\" frameborder=\"0\" allow=\"accelerometer; autoplay; clipboard-write; encrypted-media; gyroscope; picture-in-picture; web-share\" referrerpolicy=\"strict-origin-when-cross-origin\" allowfullscreen><\/iframe>\n<\/div><\/figure>\n\n\n\n<h3 class=\"wp-block-heading\">Anm\u00e4lan\/fr\u00e5gor<\/h3>\n\n\n\n<p>Per Reinhardt,&nbsp;<a href=\"mailto:per.reinhardt@sanktlukas.se\">per.reinhardt@sanktlukas.se<\/a>, 072-050 48 58<\/p>\n\n\n\n<p class=\"has-beige-background-color has-background\"><a href=\"https:\/\/sanktlukas.se\/goteborg\/wp-content\/uploads\/sites\/11\/Infoblad_Ettarig-specialistutbildning-for-psykologer_vt2024.pdf\"><strong>Ladda ned utbildningens infoblad i utskriftsv\u00e4nligt format<\/strong><\/a><\/p>\n","protected":false},"excerpt":{"rendered":"<p>Ett\u00e5rig specialistutbildning f\u00f6r psykologer Arbets- och organisationspsykologisk konsultation och personalhandledning Ackrediterad som tre f\u00f6rdjupningskurser inom specialistomr\u00e5det arbets- och organisationspsykologi f\u00f6r psykologer V\u00e4lkommen till v\u00e5r uppskattade specialistutbildning i arbets- och organisationspsykologisk konsultation och personalhandledning. Utbildningen ges nu f\u00f6r femte g\u00e5ngen i ordningen och riktar sig till dig som \u00e4r verksam inom det organisationspsykologiska f\u00e4ltet som psykolog [&hellip;]<\/p>\n","protected":false},"author":3,"featured_media":0,"parent":0,"menu_order":0,"comment_status":"closed","ping_status":"closed","template":"","meta":{"_acf_changed":false,"footnotes":""},"class_list":["post-461","page","type-page","status-publish","hentry"],"acf":[],"_links":{"self":[{"href":"https:\/\/sanktlukas.se\/molndal\/wp-json\/wp\/v2\/pages\/461","targetHints":{"allow":["GET"]}}],"collection":[{"href":"https:\/\/sanktlukas.se\/molndal\/wp-json\/wp\/v2\/pages"}],"about":[{"href":"https:\/\/sanktlukas.se\/molndal\/wp-json\/wp\/v2\/types\/page"}],"author":[{"embeddable":true,"href":"https:\/\/sanktlukas.se\/molndal\/wp-json\/wp\/v2\/users\/3"}],"replies":[{"embeddable":true,"href":"https:\/\/sanktlukas.se\/molndal\/wp-json\/wp\/v2\/comments?post=461"}],"version-history":[{"count":8,"href":"https:\/\/sanktlukas.se\/molndal\/wp-json\/wp\/v2\/pages\/461\/revisions"}],"predecessor-version":[{"id":576,"href":"https:\/\/sanktlukas.se\/molndal\/wp-json\/wp\/v2\/pages\/461\/revisions\/576"}],"wp:attachment":[{"href":"https:\/\/sanktlukas.se\/molndal\/wp-json\/wp\/v2\/media?parent=461"}],"curies":[{"name":"wp","href":"https:\/\/api.w.org\/{rel}","templated":true}]}}