{"id":466,"date":"2023-02-05T20:37:12","date_gmt":"2023-02-05T19:37:12","guid":{"rendered":"https:\/\/sanktlukas.se\/molndal\/?page_id=466"},"modified":"2024-01-05T14:09:34","modified_gmt":"2024-01-05T13:09:34","slug":"utbildning","status":"publish","type":"page","link":"https:\/\/sanktlukas.se\/molndal\/utbildning\/","title":{"rendered":"Utbildning"},"content":{"rendered":"\n<h1 class=\"wp-block-sanktlukas-genericheading headline headline--large medium-green\">Utbildning<\/h1>\n\n\n\n<div class=\"wp-block-media-text alignwide has-media-on-the-right is-stacked-on-mobile has-beige-background-color has-background\"><div class=\"wp-block-media-text__content\">\n<h2 class=\"wp-block-sanktlukas-genericheading headline headline--medium medium-green\">Vi utbildar f\u00f6r m\u00e4nskliga m\u00f6ten<\/h2>\n\n\n\n<div class=\"wp-block-sanktlukas-generictextblock textblock textblock--undefined\">S:t Lukas har en l\u00e5ng tradition av utbildning och fortbildning \u2013 alltid med samtalet och det m\u00e4nskliga m\u00f6tet i centrum. V\u00e5ra utbildningar \u00e4r processinriktade med diskussionsseminarier, sm\u00e5gruppsarbete, \u00f6vningar och\u00a0reflekterande team. <\/div>\n<\/div><figure class=\"wp-block-media-text__media\"><img decoding=\"async\" src=\"https:\/\/sanktlukas.se\/goteborg\/wp-content\/uploads\/sites\/11\/58-300x198-1.jpg\" alt=\"\" class=\"wp-image-3132 size-full\"\/><\/figure><\/div>\n\n\n\n<div class=\"wp-block-sanktlukas-generictextblock textblock textblock--undefined\"><br><br>Beh\u00f6ver dina medarbetare eller kolleger l\u00e4ra sig mer, f\u00e5 nya insikter eller kanske bekr\u00e4fta det de inte visste att de redan kunde? S:t Lukas i G\u00f6teborg erbjuder olika f\u00f6rel\u00e4sningar, workshops eller utbildningar som relaterar till mellanm\u00e4nskliga relationer och arbetsmilj\u00f6m\u00e4ssiga krav. Att varva teori och erfarenhet \u00e4r en viktig f\u00f6ruts\u00e4ttning f\u00f6r att utveckla den personliga f\u00f6rm\u00e5gan.<br><\/div>\n\n\n\n<h3 class=\"wp-block-sanktlukas-genericheading headline headline--small medium-green\">Inspirationsf\u00f6rel\u00e4sningar och workshops<\/h3>\n\n\n\n<div class=\"wp-block-sanktlukas-generictextblock textblock textblock--undefined\">Ibland \u00e4r det hj\u00e4lpsamt att anlita n\u00e5gon extern expert f\u00f6r att belysa n\u00e5gon aktuell fr\u00e5ga eller f\u00f6rst\u00e4rka ett budskap. I n\u00e4ra samarbete med dig som uppdragsgivare anpassar vi uppdraget till era behov \u2013 allt fr\u00e5n en kort inspirationsf\u00f6rel\u00e4sning till en flera dagars workshop. <br><\/div>\n\n\n\n<h2 class=\"wp-block-sanktlukas-genericheading headline headline--medium medium-green\">Fortbildning f\u00f6r yrkesverksamma<\/h2>\n\n\n\n<div class=\"wp-block-columns is-layout-flex wp-container-core-columns-is-layout-9d6595d7 wp-block-columns-is-layout-flex\" style=\"font-style:normal;font-weight:100\">\n<div class=\"wp-block-column is-vertically-aligned-center has-dark-green-color has-beige-background-color has-text-color has-background is-content-justification-center is-layout-constrained wp-container-core-column-is-layout-921875f4 wp-block-column-is-layout-constrained\" style=\"flex-basis:350px\"><div class=\"sanktlukas-puff\">\n    <div class=\"sanktlukas-puff__photo\" style=\"background-image: url('https:\/\/sanktlukas.se\/molndal\/wp-content\/uploads\/sites\/43\/2024\/01\/kopt-bild_shutterstock_1706921074_beskuren-382x230.jpg');\"><\/div>        \n    <div class=\"sanktlukas-puff__container\">\n        <div class=\"sanktlukas-puff__data\">\n            \n\n<h3 class=\"wp-block-sanktlukas-genericheading headline headline--small medium-green\">CHEFSHANDLEDNING<br>Specialistutbildning<\/h3>\n\n\n\n<div class=\"wp-block-sanktlukas-generictextblock textblock textblock--undefined\">Digital utbildning<br>N\u00e4sta kursstart 21 mars 2024<\/div>\n\n\n\n<div class=\"wp-block-sanktlukas-genericbutton button-container\"><a role=\"button\" href=\"https:\/\/sanktlukas.se\/goteborg\/organisationspsykologi\/specialistutbildning-chefshandledning\/\" class=\"button button--small button--dark-green\">L\u00e4s mer<\/a><\/div>\n\n        <\/div>\n    <\/div>\n<\/div><\/div>\n\n\n\n<div class=\"wp-block-column is-vertically-aligned-center has-dark-green-color has-beige-background-color has-text-color has-background is-layout-constrained wp-block-column-is-layout-constrained\" style=\"flex-basis:350px\"><div class=\"sanktlukas-puff\">\n    <div class=\"sanktlukas-puff__photo\" style=\"background-image: url('https:\/\/sanktlukas.se\/molndal\/wp-content\/uploads\/sites\/43\/2024\/01\/Grupp-dar-tre-personer-lyssnar-pa-kvinna_kopt-bild1-382x230.jpg');\"><\/div>        \n    <div class=\"sanktlukas-puff__container\">\n        <div class=\"sanktlukas-puff__data\">\n            \n\n<h3 class=\"wp-block-sanktlukas-genericheading headline headline--small medium-green\">LEDARSKAPSUTBILDNING<br><\/h3>\n\n\n\n<div class=\"wp-block-sanktlukas-generictextblock textblock textblock--undefined\">Kan \u00e4ven genomf\u00f6ras som f\u00f6retagsanpassad utbildning<\/div>\n\n\n\n<div class=\"wp-block-sanktlukas-genericbutton button-container\"><a role=\"button\" href=\"https:\/\/sanktlukas.se\/goteborg\/organisationspsykologi\/ledarskapsutbildning\/\" class=\"button button--small button--dark-green\">L\u00e4s mer<\/a><\/div>\n\n        <\/div>\n    <\/div>\n<\/div><\/div>\n\n\n\n<div class=\"wp-block-column is-vertically-aligned-center has-dark-green-color has-beige-background-color has-text-color has-background is-layout-flow wp-block-column-is-layout-flow\" style=\"flex-basis:350px\"><div class=\"sanktlukas-puff\">\n    <div class=\"sanktlukas-puff__photo\" style=\"background-image: url('https:\/\/sanktlukas.se\/goteborg\/wp-content\/uploads\/sites\/11\/kopt-bild_shutterstock_358977299_beskuren-382x230.jpg');\"><\/div>        \n    <div class=\"sanktlukas-puff__container\">\n        <div class=\"sanktlukas-puff__data\">\n            \n\n<h3 class=\"wp-block-sanktlukas-genericheading headline headline--small medium-green\">KONSULTUTBILDNING<br>Specialistutbildning<\/h3>\n\n\n\n<div class=\"wp-block-sanktlukas-generictextblock textblock textblock--undefined\">N\u00e4sta kursstart <br>1 febr 2024<\/div>\n\n\n\n<div class=\"wp-block-sanktlukas-genericbutton button-container\"><a role=\"button\" href=\"https:\/\/sanktlukas.se\/goteborg\/organisationspsykologi\/organisationskonsultutbildning\/\" class=\"button button--small button--dark-green\">L\u00e4s mer<\/a><\/div>\n\n        <\/div>\n    <\/div>\n<\/div><\/div>\n<\/div>\n\n\n\n<h3 class=\"wp-block-sanktlukas-genericheading headline headline--small medium-green\">Hur g\u00e5r jag vidare?<\/h3>\n\n\n\n<div class=\"wp-block-sanktlukas-generictextblock textblock textblock--undefined\">Kontakta oss f\u00f6r mer information, vxl 031-58 85 00, <a href=\"mailto:goteborg@sanktlukas.se\" data-type=\"mailto\" data-id=\"mailto:goteborg@sanktlukas.se\">goteborg@sanktlukas.se<\/a>.<\/div>\n","protected":false},"excerpt":{"rendered":"","protected":false},"author":3,"featured_media":0,"parent":0,"menu_order":0,"comment_status":"closed","ping_status":"closed","template":"","meta":{"_acf_changed":false,"footnotes":""},"class_list":["post-466","page","type-page","status-publish","hentry"],"acf":[],"_links":{"self":[{"href":"https:\/\/sanktlukas.se\/molndal\/wp-json\/wp\/v2\/pages\/466","targetHints":{"allow":["GET"]}}],"collection":[{"href":"https:\/\/sanktlukas.se\/molndal\/wp-json\/wp\/v2\/pages"}],"about":[{"href":"https:\/\/sanktlukas.se\/molndal\/wp-json\/wp\/v2\/types\/page"}],"author":[{"embeddable":true,"href":"https:\/\/sanktlukas.se\/molndal\/wp-json\/wp\/v2\/users\/3"}],"replies":[{"embeddable":true,"href":"https:\/\/sanktlukas.se\/molndal\/wp-json\/wp\/v2\/comments?post=466"}],"version-history":[{"count":5,"href":"https:\/\/sanktlukas.se\/molndal\/wp-json\/wp\/v2\/pages\/466\/revisions"}],"predecessor-version":[{"id":562,"href":"https:\/\/sanktlukas.se\/molndal\/wp-json\/wp\/v2\/pages\/466\/revisions\/562"}],"wp:attachment":[{"href":"https:\/\/sanktlukas.se\/molndal\/wp-json\/wp\/v2\/media?parent=466"}],"curies":[{"name":"wp","href":"https:\/\/api.w.org\/{rel}","templated":true}]}}