{"id":5,"date":"2016-05-26T06:03:47","date_gmt":"2016-05-26T04:03:47","guid":{"rendered":"https:\/\/sanktlukas.se\/molndal\/kontakt\/"},"modified":"2024-01-25T18:35:56","modified_gmt":"2024-01-25T17:35:56","slug":"kontakt","status":"publish","type":"page","link":"https:\/\/sanktlukas.se\/molndal\/kontakt\/","title":{"rendered":"Kontakt"},"content":{"rendered":"\n<h1 class=\"wp-block-sanktlukas-genericheading headline headline--large medium-green\">Kontakt<\/h1>\n\n\n\n<div class=\"wp-block-sanktlukas-generictextblock textblock textblock--undefined\">S:t Lukas erbjuder privatpersoner och organisationer st\u00f6d i utsatta och kr\u00e4vande situationer genom psykoterapi, handledning, utbildning och organisationsutveckling. Vi arbetar\u00a0b\u00e5de med enskilda,\u00a0par\/familjer och grupper.\u00a0 Hos oss finns leg\u00a0psykoterapeuter, leg psykologer och organisationskonsulter\u00a0med bred kompetens kring olika typer av samtal, metoder och inriktningar.<br><\/div>\n\n\n\n<h3 class=\"wp-block-sanktlukas-genericheading headline headline--small medium-green\">Vill du veta mer innan du bokar tid i v\u00e5r onlinebokning?<\/h3>\n\n\n\n<div class=\"wp-block-sanktlukas-generictextblock textblock textblock--undefined\"><strong>Privatpersoner <\/strong>som vill boka tid eller har fr\u00e5gor kring psykoterapi kan nu ringa direkt till v\u00e5r telefonmottagning. H\u00e4r kan du boka tid f\u00f6r ett f\u00f6rsta samtal och tillsammans med en terapeut ta st\u00e4llning till vilken typ av st\u00f6d som passar dig\/er b\u00e4st.<br>Ring v\u00e5r telefonmottagning p\u00e5 <b>031-58 85 25<\/b>, \u00f6ppettider tisdagar och torsdagar kl 14.00-15.00.<br><br>\u00c4r du\u00a0<strong>f\u00f6retags- eller avtalskund<\/strong>\u00a0som vill veta mer, beg\u00e4ra en offert eller om du har andra fr\u00e5gor \u00e4r du v\u00e4lkommen att ringa v\u00e5r v\u00e4xel p\u00e5 031-58 85 00 eller maila:\u00a0<a href=\"mailto:goteborg@sanktlukas.se\">goteborg@sanktlukas.se<\/a><br><br>Vi har \u00e4ven en st\u00f6rre mottagning p\u00e5 F\u00f6rsta L\u00e5nggatan 21 i centrala <a href=\"http:\/\/sanktlukas.se\/goteborg\">G\u00f6teborg<\/a>. <br><br>S:t Lukas \u00e4r en id\u00e9buren organisation utan vinstintresse och vi \u00e4r politiskt och religi\u00f6st obundna.<\/div>\n","protected":false},"excerpt":{"rendered":"","protected":false},"author":4,"featured_media":-1,"parent":0,"menu_order":0,"comment_status":"closed","ping_status":"closed","template":"template-contact.php","meta":{"_acf_changed":false,"footnotes":""},"class_list":["post-5","page","type-page","status-publish","has-post-thumbnail","hentry"],"acf":[],"_links":{"self":[{"href":"https:\/\/sanktlukas.se\/molndal\/wp-json\/wp\/v2\/pages\/5","targetHints":{"allow":["GET"]}}],"collection":[{"href":"https:\/\/sanktlukas.se\/molndal\/wp-json\/wp\/v2\/pages"}],"about":[{"href":"https:\/\/sanktlukas.se\/molndal\/wp-json\/wp\/v2\/types\/page"}],"author":[{"embeddable":true,"href":"https:\/\/sanktlukas.se\/molndal\/wp-json\/wp\/v2\/users\/4"}],"replies":[{"embeddable":true,"href":"https:\/\/sanktlukas.se\/molndal\/wp-json\/wp\/v2\/comments?post=5"}],"version-history":[{"count":13,"href":"https:\/\/sanktlukas.se\/molndal\/wp-json\/wp\/v2\/pages\/5\/revisions"}],"predecessor-version":[{"id":589,"href":"https:\/\/sanktlukas.se\/molndal\/wp-json\/wp\/v2\/pages\/5\/revisions\/589"}],"wp:featuredmedia":[{"embeddable":true,"href":"https:\/\/sanktlukas.se\/molndal\/wp-json\/"}],"wp:attachment":[{"href":"https:\/\/sanktlukas.se\/molndal\/wp-json\/wp\/v2\/media?parent=5"}],"curies":[{"name":"wp","href":"https:\/\/api.w.org\/{rel}","templated":true}]}}