{"id":83,"date":"2017-12-19T09:45:41","date_gmt":"2017-12-19T08:45:41","guid":{"rendered":"https:\/\/sanktlukas.se\/molndal\/?page_id=83"},"modified":"2025-09-03T15:31:35","modified_gmt":"2025-09-03T13:31:35","slug":"familjeradgivning","status":"publish","type":"page","link":"https:\/\/sanktlukas.se\/molndal\/familjeradgivning\/","title":{"rendered":"Familjer\u00e5dgivning M\u00f6lndals stad"},"content":{"rendered":"\n<h1 class=\"wp-block-sanktlukas-genericheading headline headline--large medium-green\">Familjer\u00e5dgivning M\u00f6lndals stad<\/h1>\n\n\n\n<div class=\"wp-block-media-text alignwide is-stacked-on-mobile\" style=\"grid-template-columns:15% auto\"><figure class=\"wp-block-media-text__media\"><img loading=\"lazy\" decoding=\"async\" width=\"110\" height=\"114\" src=\"https:\/\/sanktlukas.se\/molndal\/wp-content\/uploads\/sites\/43\/2023\/01\/molndallogo114h.png\" alt=\"\" class=\"wp-image-419 size-full\"\/><\/figure><div class=\"wp-block-media-text__content\">\n<p class=\"has-dark-green-color has-light-green-background-color has-text-color has-background\">Sedan 2018 driver S:t Lukas&nbsp;familjer\u00e5dgivning p\u00e5 uppdrag av M\u00f6lndals stad.<br><br>Till oss \u00e4r du v\u00e4lkommen att v\u00e4nda dig om du \u00e4r bosatt i M\u00f6lndals kommun och om du och din partner eller familj vill ha hj\u00e4lp att reda ut problem som uppst\u00e5r mellan er. <\/p>\n<\/div><\/div>\n\n\n\n<h3 class=\"wp-block-sanktlukas-genericheading headline headline--small medium-green\">Vem kan s\u00f6ka familjer\u00e5dgivning?<\/h3>\n\n\n\n<div class=\"wp-block-sanktlukas-generictextblock textblock textblock--undefined textblock--thin\">Familjer\u00e5dgivningen \u00e4r \u00f6ppen f\u00f6r alla slags familjebildningar s\u00e5som gifta, sambor, s\u00e4rbor, samk\u00f6nade, ensamst\u00e5ende och styvfamiljer, med eller utan barn.<\/div>\n\n\n\n<h3 class=\"wp-block-sanktlukas-genericheading headline headline--small medium-green\">Vad \u00e4r familjer\u00e5dgivning<\/h3>\n\n\n\n<div class=\"wp-block-sanktlukas-generictextblock textblock textblock--undefined textblock--normal\">Familjer\u00e5dgivning inneb\u00e4r att<\/div>\n\n\n\n<ul class=\"wp-block-list\">\n<li>hitta v\u00e4gar ut ur l\u00e5sta positioner<\/li>\n\n\n\n<li>i lugn milj\u00f6 kunna samtala med varandra<\/li>\n\n\n\n<li>acceptera och b\u00e4ttre f\u00f6rst\u00e5 sig sj\u00e4lv och sin partner<\/li>\n\n\n\n<li>uppt\u00e4cka v\u00e4gar och m\u00f6jligheter att hantera problem och konflikter<\/li>\n\n\n\n<li>tillsammans med familjer\u00e5dgivare skapa m\u00f6jlighet till f\u00f6r\u00e4ndring<\/li>\n\n\n\n<li>utveckla relationen och f\u00f6rebygga problem<\/li>\n<\/ul>\n\n\n\n<div class=\"wp-block-sanktlukas-generictextblock textblock textblock--undefined textblock--thin\">Kontakten bygger p\u00e5 frivillighet och utg\u00e5r fr\u00e5n parternas behov och engagemang.\u00a0Ni formulerar tillsammans med erfarna familjer\u00e5dgivare m\u00e5let med samtalen.\u00a0 F\u00f6r n\u00e5gra kan det handla om att stanna i relationer och utveckla den. F\u00f6r andra kan det handla om att kommunicera b\u00e4ttre kring en separation.<br><br>Alla behandlare hos oss \u00e4r leg. psykoterapeuter. Vi har tystnadsplikt, du kan vara anonym och vi skriver inte n\u00e5gra journaler. Om du beh\u00f6ver tolk till samtalen kan du f\u00e5 det.<\/div>\n\n\n\n<h3 class=\"wp-block-sanktlukas-genericheading headline headline--small medium-green\">Vad kostar det<\/h3>\n\n\n\n<div class=\"wp-block-sanktlukas-generictextblock textblock textblock--undefined textblock--thin\">Varje samtal kostar 300 kronor. Betalning sker via Swish direkt p\u00e5 plats.<br>\u00c5terbud senare \u00e4n 24 timmar f\u00f6re bes\u00f6kstidens b\u00f6rjan, eller uteblivande, debiteras med full\u00a0avgift.<\/div>\n\n\n\n<h3 class=\"wp-block-sanktlukas-genericheading headline headline--small medium-green\">Boka tid f\u00f6r familjer\u00e5dgivning<\/h3>\n\n\n\n<div class=\"wp-block-sanktlukas-generictextblock textblock textblock--undefined\">V\u00e4lkommen att kontakta v\u00e5r telefonmottagning\u00a0f\u00f6r tidbokning och r\u00e5dgivning p\u00e5<strong> 031-58 85 12<\/strong>.<br><br>Familjer\u00e5dgivningens telefonmottagning \u00e4r \u00f6ppen:<br>M\u00e5ndag till fredag kl 10.00-10.30.<br><br>Du kan alltid l\u00e4mna meddelande p\u00e5 telefonsvararen, s\u00e5 ringer vi upp dig eller maila\u00a0till\u00a0<a href=\"mailto:familjeradgivningen.molndal@sanktlukas.se\" data-type=\"mailto\" data-id=\"mailto:familjeradgivningen.molndal@sanktlukas.se\">familjeradgivningen.molndal@sanktlukas.se<\/a>.<\/div>\n\n\n\n<h3 class=\"wp-block-sanktlukas-genericheading headline headline--small medium-green\">Avbokningsregler familjer\u00e5dgivning M\u00f6lndals stad<\/h3>\n\n\n\n<div class=\"wp-block-sanktlukas-generictextblock textblock textblock--undefined textblock--thin\">\u00c5terbud senare \u00e4n 24 timmar f\u00f6re bes\u00f6kstidens b\u00f6rjan, eller uteblivande, debiteras med full\u00a0avgift.<\/div>\n\n\n\n<h3 class=\"wp-block-sanktlukas-genericheading headline headline--small medium-green\">M\u00f6jlighet till samtal i M\u00f6lndal och i centrala G\u00f6teborg<\/h3>\n\n\n\n<div class=\"wp-block-sanktlukas-generictextblock textblock textblock--undefined textblock--thin\">S:t Lukas har mottagningar b\u00e5de p\u00e5 M\u00f6lndalsv\u00e4gen 30A och i centrala G\u00f6teborg vid Masthuggstorget. Du v\u00e4ljer sj\u00e4lv vilken mottagning du vill att vi tr\u00e4ffas p\u00e5.<br><br>S:t Lukas M\u00f6lndal, M\u00f6lndalsv\u00e4gen 30A, v\u00e5n 5, 412 63 G\u00f6teborg<br>S:t Lukas G\u00f6teborg, F\u00f6rsta L\u00e5nggatan 21, 413 27 G\u00f6teborg<br><\/div>\n\n\n\n<h3 class=\"wp-block-sanktlukas-genericheading headline headline--small dark-red\">V\u00e5r M\u00f6lndalsmottagning har flyttat till nya lokaler <\/h3>\n\n\n\n<div class=\"wp-block-sanktlukas-generictextblock textblock textblock--undefined\">V\u00e5r M\u00f6lndalsmottagning finns i nya lokaler p\u00e5\u00a0<a href=\"https:\/\/www.google.se\/maps\/place\/M%C3%B6lndalsv%C3%A4gen+30A,+412+63+G%C3%B6teborg\/@57.6888333,11.9910189,17z\/data=!3m1!4b1!4m6!3m5!1s0x464ff3a275e79825:0x54d2b908c58beca3!8m2!3d57.6888305!4d11.9958898!16s%2Fg%2F11c2hk5hd4?entry=ttu\"><strong>M\u00f6lndalsv\u00e4gen 30 A, v\u00e5n 5<\/strong><\/a>, 412 63 G\u00f6teborg. Lokalen n\u00e5s via hiss eller trappor.\u00a0<br>N\u00e4rmaste sp\u00e5rvagnsh\u00e5llplats \u00e4r\u00a0<a href=\"https:\/\/www.vasttrafik.se\/reseplanering\/reseplaneraren\/\"><strong>Almedal<\/strong><\/a>,\u00a0d\u00e4r sp\u00e5rvagn 2 och 4 stannar.\u00a0N\u00e4rmaste parkering \u00e4r i\u00a0<a href=\"https:\/\/www.parkeringgoteborg.se\/besoksomraden\/p\/p-hus-liseberg-sodra-1900\/\"><strong>P-hus Liseberg S\u00f6dra<\/strong><\/a>\u00a0(under World of Volvo), med 1500 platser.\u00a0Efter kl 15.00 p\u00e5 vardagar \u00e4r \u00e4ven parkeringen bredvid v\u00e5r\u00a0kontorsfastighet tillg\u00e4nglig, adress\u00a0<a href=\"https:\/\/www.apcoa.se\/parkering-i\/goeteborg\/moelndalsvaegen-24\/\"><strong>Getebergsled<\/strong><\/a>.\u00a0<br>Varmt v\u00e4lkomna till v\u00e5rt nya kontor!<\/div>\n\n\n\n<p><\/p>\n","protected":false},"excerpt":{"rendered":"<p>Sedan 2018 driver S:t Lukas&nbsp;familjer\u00e5dgivning p\u00e5 uppdrag av M\u00f6lndals stad. Till oss \u00e4r du v\u00e4lkommen att v\u00e4nda dig om du \u00e4r bosatt i M\u00f6lndals kommun och om du och din partner eller familj vill ha hj\u00e4lp att reda ut problem som uppst\u00e5r mellan er.<\/p>\n","protected":false},"author":3,"featured_media":-1,"parent":0,"menu_order":0,"comment_status":"closed","ping_status":"closed","template":"template-landingpage.php","meta":{"_acf_changed":false,"footnotes":""},"class_list":["post-83","page","type-page","status-publish","has-post-thumbnail","hentry"],"acf":[],"_links":{"self":[{"href":"https:\/\/sanktlukas.se\/molndal\/wp-json\/wp\/v2\/pages\/83","targetHints":{"allow":["GET"]}}],"collection":[{"href":"https:\/\/sanktlukas.se\/molndal\/wp-json\/wp\/v2\/pages"}],"about":[{"href":"https:\/\/sanktlukas.se\/molndal\/wp-json\/wp\/v2\/types\/page"}],"author":[{"embeddable":true,"href":"https:\/\/sanktlukas.se\/molndal\/wp-json\/wp\/v2\/users\/3"}],"replies":[{"embeddable":true,"href":"https:\/\/sanktlukas.se\/molndal\/wp-json\/wp\/v2\/comments?post=83"}],"version-history":[{"count":53,"href":"https:\/\/sanktlukas.se\/molndal\/wp-json\/wp\/v2\/pages\/83\/revisions"}],"predecessor-version":[{"id":672,"href":"https:\/\/sanktlukas.se\/molndal\/wp-json\/wp\/v2\/pages\/83\/revisions\/672"}],"wp:featuredmedia":[{"embeddable":true,"href":"https:\/\/sanktlukas.se\/molndal\/wp-json\/"}],"wp:attachment":[{"href":"https:\/\/sanktlukas.se\/molndal\/wp-json\/wp\/v2\/media?parent=83"}],"curies":[{"name":"wp","href":"https:\/\/api.w.org\/{rel}","templated":true}]}}