{"id":1,"date":"2016-05-26T06:02:42","date_gmt":"2016-05-26T04:02:42","guid":{"rendered":"https:\/\/sanktlukas.se\/nordvastra-skane-angelholm\/foreningen\/"},"modified":"2023-07-11T14:48:56","modified_gmt":"2023-07-11T12:48:56","slug":"foreningen","status":"publish","type":"page","link":"https:\/\/sanktlukas.se\/nordvastra-skane-angelholm\/foreningen\/","title":{"rendered":"F\u00f6reningen"},"content":{"rendered":"<h2>S:t Lukas f\u00f6rening i Nordv\u00e4stra Sk\u00e5ne<\/h2>\n<p>Vi bildades 1990 och \u00e4r en ideell f\u00f6rening utan vinstsyfte. I Sverige bildades S: t Lukas 1939 och det finns 30 f\u00f6reningar som bedriver verksamhet vid 40 mottagningar i hela landet. Vi anordnar intressanta f\u00f6rel\u00e4sningar och seminarier. V\u00e4lkommen till v\u00e5ra olika arrangemang. Du som vill bli medlem \u00e4r v\u00e4lkommen att h\u00f6ra av dig till n\u00e5gon i styrelsen.<\/p>\n","protected":false},"excerpt":{"rendered":"<p>S:t Lukas f\u00f6rening i Nordv\u00e4stra Sk\u00e5ne Vi bildades 1990 och \u00e4r en ideell f\u00f6rening utan vinstsyfte. I Sverige bildades S: t Lukas 1939 och det finns 30 f\u00f6reningar som bedriver verksamhet vid 40 mottagningar i hela landet. Vi anordnar intressanta f\u00f6rel\u00e4sningar och seminarier. V\u00e4lkommen till v\u00e5ra olika arrangemang. Du som vill bli medlem \u00e4r v\u00e4lkommen [&hellip;]<\/p>\n","protected":false},"author":3,"featured_media":-1,"parent":0,"menu_order":0,"comment_status":"closed","ping_status":"closed","template":"","meta":{"_acf_changed":false,"footnotes":""},"class_list":["post-1","page","type-page","status-publish","has-post-thumbnail","hentry"],"acf":[],"_links":{"self":[{"href":"https:\/\/sanktlukas.se\/nordvastra-skane-angelholm\/wp-json\/wp\/v2\/pages\/1","targetHints":{"allow":["GET"]}}],"collection":[{"href":"https:\/\/sanktlukas.se\/nordvastra-skane-angelholm\/wp-json\/wp\/v2\/pages"}],"about":[{"href":"https:\/\/sanktlukas.se\/nordvastra-skane-angelholm\/wp-json\/wp\/v2\/types\/page"}],"author":[{"embeddable":true,"href":"https:\/\/sanktlukas.se\/nordvastra-skane-angelholm\/wp-json\/wp\/v2\/users\/3"}],"replies":[{"embeddable":true,"href":"https:\/\/sanktlukas.se\/nordvastra-skane-angelholm\/wp-json\/wp\/v2\/comments?post=1"}],"version-history":[{"count":3,"href":"https:\/\/sanktlukas.se\/nordvastra-skane-angelholm\/wp-json\/wp\/v2\/pages\/1\/revisions"}],"predecessor-version":[{"id":235,"href":"https:\/\/sanktlukas.se\/nordvastra-skane-angelholm\/wp-json\/wp\/v2\/pages\/1\/revisions\/235"}],"wp:featuredmedia":[{"embeddable":true,"href":"https:\/\/sanktlukas.se\/nordvastra-skane-angelholm\/wp-json\/"}],"wp:attachment":[{"href":"https:\/\/sanktlukas.se\/nordvastra-skane-angelholm\/wp-json\/wp\/v2\/media?parent=1"}],"curies":[{"name":"wp","href":"https:\/\/api.w.org\/{rel}","templated":true}]}}