{"id":12,"date":"2016-06-01T16:52:21","date_gmt":"2016-06-01T14:52:21","guid":{"rendered":"https:\/\/sanktlukas.se\/nordvastra-skane-angelholm\/?page_id=12"},"modified":"2016-06-01T16:52:21","modified_gmt":"2016-06-01T14:52:21","slug":"bli-medlem","status":"publish","type":"page","link":"https:\/\/sanktlukas.se\/nordvastra-skane-angelholm\/foreningen\/bli-medlem\/","title":{"rendered":"Bli medlem"},"content":{"rendered":"<h4><strong>V\u00e4lkommen att bli medlem i S:t Lukasf\u00f6reningen i Nordv\u00e4stra Sk\u00e5ne!<\/strong><\/h4>\n<p>Medlemsavgiften \u00e4r 150 kr per \u00e5r.\u00a0Du f\u00e5r v\u00e5rt terminsprogram hem i brevl\u00e5dan och betalar inget f\u00f6r programkv\u00e4llar. \u00c5rsavgiften s\u00e4tter Du in p\u00e5 v\u00e5rt bankgiro: 5112-4725, med tydlig uppgift om ditt namn och din adress.<\/p>\n","protected":false},"excerpt":{"rendered":"<p>V\u00e4lkommen att bli medlem i S:t Lukasf\u00f6reningen i Nordv\u00e4stra Sk\u00e5ne! Medlemsavgiften \u00e4r 150 kr per \u00e5r.\u00a0Du f\u00e5r v\u00e5rt terminsprogram hem i brevl\u00e5dan och betalar inget f\u00f6r programkv\u00e4llar. \u00c5rsavgiften s\u00e4tter Du in p\u00e5 v\u00e5rt bankgiro: 5112-4725, med tydlig uppgift om ditt namn och din adress.<\/p>\n","protected":false},"author":3,"featured_media":0,"parent":1,"menu_order":0,"comment_status":"closed","ping_status":"closed","template":"","meta":{"_acf_changed":false,"footnotes":""},"class_list":["post-12","page","type-page","status-publish","hentry"],"acf":[],"_links":{"self":[{"href":"https:\/\/sanktlukas.se\/nordvastra-skane-angelholm\/wp-json\/wp\/v2\/pages\/12","targetHints":{"allow":["GET"]}}],"collection":[{"href":"https:\/\/sanktlukas.se\/nordvastra-skane-angelholm\/wp-json\/wp\/v2\/pages"}],"about":[{"href":"https:\/\/sanktlukas.se\/nordvastra-skane-angelholm\/wp-json\/wp\/v2\/types\/page"}],"author":[{"embeddable":true,"href":"https:\/\/sanktlukas.se\/nordvastra-skane-angelholm\/wp-json\/wp\/v2\/users\/3"}],"replies":[{"embeddable":true,"href":"https:\/\/sanktlukas.se\/nordvastra-skane-angelholm\/wp-json\/wp\/v2\/comments?post=12"}],"version-history":[{"count":1,"href":"https:\/\/sanktlukas.se\/nordvastra-skane-angelholm\/wp-json\/wp\/v2\/pages\/12\/revisions"}],"predecessor-version":[{"id":13,"href":"https:\/\/sanktlukas.se\/nordvastra-skane-angelholm\/wp-json\/wp\/v2\/pages\/12\/revisions\/13"}],"up":[{"embeddable":true,"href":"https:\/\/sanktlukas.se\/nordvastra-skane-angelholm\/wp-json\/wp\/v2\/pages\/1"}],"wp:attachment":[{"href":"https:\/\/sanktlukas.se\/nordvastra-skane-angelholm\/wp-json\/wp\/v2\/media?parent=12"}],"curies":[{"name":"wp","href":"https:\/\/api.w.org\/{rel}","templated":true}]}}