{"id":15,"date":"2016-06-01T16:53:27","date_gmt":"2016-06-01T14:53:27","guid":{"rendered":"https:\/\/sanktlukas.se\/nordvastra-skane-angelholm\/?page_id=15"},"modified":"2016-06-01T16:53:27","modified_gmt":"2016-06-01T14:53:27","slug":"stodfond","status":"publish","type":"page","link":"https:\/\/sanktlukas.se\/nordvastra-skane-angelholm\/foreningen\/stodfond\/","title":{"rendered":"St\u00f6dfond"},"content":{"rendered":"<h4>M\u00e5nga har stora behov av terapeutisk hj\u00e4lp, men sv\u00e5rt att klara kostnaden f\u00f6r terapitimmar.<\/h4>\n<p>Din g\u00e5va kommer d\u00e5 v\u00e4l till pass.<\/p>\n<p>V\u00e5rt bankgiro: 5112-4725. Ange St\u00f6dfond p\u00e5 talongen.<\/p>\n","protected":false},"excerpt":{"rendered":"<p>M\u00e5nga har stora behov av terapeutisk hj\u00e4lp, men sv\u00e5rt att klara kostnaden f\u00f6r terapitimmar. Din g\u00e5va kommer d\u00e5 v\u00e4l till pass. V\u00e5rt bankgiro: 5112-4725. Ange St\u00f6dfond p\u00e5 talongen.<\/p>\n","protected":false},"author":3,"featured_media":0,"parent":1,"menu_order":4,"comment_status":"closed","ping_status":"closed","template":"","meta":{"_acf_changed":false,"footnotes":""},"class_list":["post-15","page","type-page","status-publish","hentry"],"acf":[],"_links":{"self":[{"href":"https:\/\/sanktlukas.se\/nordvastra-skane-angelholm\/wp-json\/wp\/v2\/pages\/15","targetHints":{"allow":["GET"]}}],"collection":[{"href":"https:\/\/sanktlukas.se\/nordvastra-skane-angelholm\/wp-json\/wp\/v2\/pages"}],"about":[{"href":"https:\/\/sanktlukas.se\/nordvastra-skane-angelholm\/wp-json\/wp\/v2\/types\/page"}],"author":[{"embeddable":true,"href":"https:\/\/sanktlukas.se\/nordvastra-skane-angelholm\/wp-json\/wp\/v2\/users\/3"}],"replies":[{"embeddable":true,"href":"https:\/\/sanktlukas.se\/nordvastra-skane-angelholm\/wp-json\/wp\/v2\/comments?post=15"}],"version-history":[{"count":1,"href":"https:\/\/sanktlukas.se\/nordvastra-skane-angelholm\/wp-json\/wp\/v2\/pages\/15\/revisions"}],"predecessor-version":[{"id":16,"href":"https:\/\/sanktlukas.se\/nordvastra-skane-angelholm\/wp-json\/wp\/v2\/pages\/15\/revisions\/16"}],"up":[{"embeddable":true,"href":"https:\/\/sanktlukas.se\/nordvastra-skane-angelholm\/wp-json\/wp\/v2\/pages\/1"}],"wp:attachment":[{"href":"https:\/\/sanktlukas.se\/nordvastra-skane-angelholm\/wp-json\/wp\/v2\/media?parent=15"}],"curies":[{"name":"wp","href":"https:\/\/api.w.org\/{rel}","templated":true}]}}