{"id":17,"date":"2018-08-13T21:52:55","date_gmt":"2018-08-13T19:52:55","guid":{"rendered":"https:\/\/sanktlukas.se\/nordvastra-skane-angelholm\/?page_id=17"},"modified":"2026-02-09T16:23:14","modified_gmt":"2026-02-09T15:23:14","slug":"program","status":"publish","type":"page","link":"https:\/\/sanktlukas.se\/nordvastra-skane-angelholm\/foreningen\/program\/","title":{"rendered":"Programkv\u00e4llar"},"content":{"rendered":"\n<p><\/p>\n\n\n\n<h2 class=\"wp-block-heading\">Program v\u00e5ren 2026<\/h2>\n\n\n\n<p><strong>S:t Lukas i Nordv\u00e4stra Sk\u00e5ne<\/strong>&nbsp;<\/p>\n\n\n\n<p>V\u00e4lkommen till \u00c5valla f\u00f6rsamlingshem, S Kyrkogatan 3, 262 41 \u00c4ngelholm<\/p>\n\n\n\n<p><strong>Torsdag 19 mars kl 19.00<\/strong><\/p>\n\n\n\n<p>\u201dExistentiell ensamhet bland ungdomar\u201d<\/p>\n\n\n\n<p>Tide Garnow,&nbsp;filosofie doktor i v\u00e5rdvetenskap och&nbsp;universitetslektor vid H\u00f6gskolan i Kristianstad<\/p>\n\n\n\n<p><strong>OBS! Kv\u00e4llen inleds kl 18.00 med \u00e5rsm\u00f6te.<\/strong>&nbsp;<\/p>\n\n\n\n<p><\/p>\n\n\n\n<p><\/p>\n\n\n\n<p><\/p>\n\n\n\n<p><\/p>\n\n\n\n<p><\/p>\n\n\n\n<h2 class=\"wp-block-heading\">Program h\u00f6sten 2025<\/h2>\n\n\n\n<p><\/p>\n\n\n\n<p><strong>S:t Lukas i Nordv\u00e4stra Sk\u00e5ne<\/strong>&nbsp;<\/p>\n\n\n\n<p>V\u00e4lkommen till \u00c5valla f\u00f6rsamlingshem, S Kyrkogatan 3, 262 41 \u00c4ngelholm<\/p>\n\n\n\n<p><strong>M\u00e5nd 22 sept kl 19.00<\/strong><\/p>\n\n\n\n<p>\u201dVad \u00e4r Gud?\u201d<\/p>\n\n\n\n<p>Py B\u00e4ckman och Rune Broberg kommer och samtalar med oss. Se ocks\u00e5 kalendern f\u00f6r \u00c4ngelholms f\u00f6rsamling!<\/p>\n\n\n\n<p>Torsd 23 okt kl 19.00 till \u00c5valla f\u00f6rsamlingshem<\/p>\n\n\n\n<p>\u201dAtt f\u00f6ruts\u00e4ga och f\u00f6rhindra v\u00e5ld hos personer med psykisk sjukdom \u2013 vad vet vi?\u201d<\/p>\n\n\n\n<p>M\u00e4rta Wallinius delar med sig av sina kunskaper.<\/p>\n\n\n\n<p><strong>Torsd 20 nov kl 19.00 till \u00c5valla f\u00f6rsamlingshem<\/strong><\/p>\n\n\n\n<p>Anna-Lena Harmsund fr\u00e5n ASIH, Avancerad sjukv\u00e5rd i hemmet kommer och ber\u00e4ttar om palliativ v\u00e5rd och om ASIH:s verksamhet.<\/p>\n\n\n\n<p>Fika med samtal L\u00f6rd 4 okt kl 14 \u2013 16 i lokalen p\u00e5 Bruksgatan 27<\/p>\n\n\n\n<p><strong>L\u00f6rd 8 nov kl 14 \u2013 16 i lokalen p\u00e5 Bruksgatan 27<\/strong><\/p>\n\n\n\n<p>Kv\u00e4llarna arrangeras tillsammans med Studief\u00f6rbundet Sensus och \u00e4r kostnadsfria.<\/p>\n\n\n\n<p>Bjud g\u00e4rna med n\u00e5gon som kan vara intresserad av kv\u00e4llens \u00e4mne!<\/p>\n\n\n\n<p>Vi ser g\u00e4rna att fler blir medlemmar i S:t Lukas i Nordv\u00e4stra Sk\u00e5ne och m\u00f6jligg\u00f6r f\u00f6rel\u00e4sningar i angel\u00e4gna \u00e4mnen.<\/p>\n\n\n\n<p><em>Medlemsavgiften \u00e4r 150 kr\/\u00e5r till bg 5112 \u2013 4725.<\/em><\/p>\n\n\n\n<p>S:t Lukas har mottagning p\u00e5 Bruksgatan 27 i \u00c4ngelholm med m\u00f6jlighet till psykoterapi och en f\u00f6rening, som erbjuder f\u00f6rel\u00e4sningar i olika \u00e4mnen som r\u00f6r v\u00e5r m\u00e4nskliga existens. Dessutom s\u00f6ker f\u00f6reningen medel fr\u00e5n fonder, stiftelser och f\u00f6rsamlingar, f\u00f6r att underl\u00e4tta f\u00f6r den som har en anstr\u00e4ngd ekonomi. Man kan genom Region Sk\u00e5ne f\u00e5 remiss till S:t Lukas mottagningar f\u00f6r visst antal samtal.<\/p>\n\n\n\n<p>Se g\u00e4rna S:t Lukas hemsida, d\u00e4r Du ocks\u00e5 finner de olika f\u00f6reningarnas program: <a href=\"http:\/\/www.sanktlukas.se\" rel=\"nofollow\">http:\/\/www.sanktlukas.se<\/a><\/p>\n\n\n\n<p>H\u00f6stens program annonseras i HD\/NST under F\u00f6reningsnytt, N\u00f6jen eller \u00d6vrigt.<\/p>\n\n\n\n<p>Detta brev f\u00e5r Du som betalat medlemsavgift 2025 eller visat intresse f\u00f6r S:t Lukasf\u00f6reningens arbete!<\/p>\n\n\n\n<p>H\u00e4lsningar fr\u00e5n styrelsen i S:t Lukas i Nordv\u00e4stra Sk\u00e5ne<\/p>\n\n\n\n<p>Genom Ann-Marie Nelson, ordf 070 \u2013 62 52 912<\/p>\n\n\n\n<p><\/p>\n\n\n\n<p><\/p>\n\n\n\n<p><\/p>\n\n\n\n<p><\/p>\n\n\n\n<p><\/p>\n\n\n\n<p><\/p>\n\n\n\n<p><\/p>\n\n\n\n<h2 class=\"wp-block-heading\">Program v\u00e5ren 2025<\/h2>\n\n\n\n<p>V\u00e4lkommen till<\/p>\n\n\n\n<p><strong>\u00c5valla f\u00f6rsamlingshem, S Kyrkogatan 3, 262 41 \u00c4ngelholm<\/strong>&nbsp;<\/p>\n\n\n\n<p><strong>Torsd 13 febr kl 19.00&nbsp; \u00c4tst\u00f6rningar. Hur f\u00f6rst\u00e5r vi och hur hj\u00e4lper vi.<\/strong>&nbsp;<\/p>\n\n\n\n<p>Vi f\u00e5r \u00e5ter bes\u00f6k av<strong> Per Johnsson, docent&nbsp;<\/strong> i klinisk psykologi, leg psykolog vid Lunds universitet .&nbsp;<\/p>\n\n\n\n<p><strong>Torsd 20 mars kl 19.00&nbsp; \u201dErfarenheter med Operation Smile fr\u00e5n uppdrag till utbildning\u201d<\/strong>&nbsp;<\/p>\n\n\n\n<p><strong>Patrik Boive, <\/strong>\u00f6verl\u00e4kare plastikkirurgen Sahlgrenska universitetssjukhuset och ordf\u00f6rande i Operation Smile Sveriges medicinska referensgrupp ber\u00e4ttar om sina erfarenheter som volont\u00e4r f\u00f6r Operation Smile,&nbsp; samt om organisationens utveckling fr\u00e5n 2011 till idag.&nbsp;<\/p>\n\n\n\n<p><strong>OBS! Kv\u00e4llen inleds kl 18.00 med \u00e5rsm\u00f6te.<\/strong>&nbsp;<\/p>\n\n\n\n<p><strong>Tors 10 april Kl 19.00<\/strong> <strong>\u201dHur m\u00f6ter vi barn och unga med NPF*?\u201d&nbsp;<\/strong>&nbsp;<\/p>\n\n\n\n<p><strong>&nbsp;Sara&nbsp; Karlsson-L\u00f6fgren<\/strong>, f\u00f6r\u00e4lder och f\u00f6rsamlingspedagog i S:t Matteus f\u00f6rsamling i Malm\u00f6. En kv\u00e4ll om bem\u00f6tande och om att skapa gemenskaper d\u00e4r fler f\u00e5r plats. *<em>F\u00f6rkortningen st\u00e5r f\u00f6r neuropsykiatriska funktionsneds\u00e4ttningar<\/em>&nbsp;<\/p>\n\n\n\n<p>&nbsp;<strong>Tisd 6 maj<\/strong> <strong>Bes\u00f6k i Kvidinge kyrka och en fr\u00e4lsarkransvandring<\/strong> runt kyrkan med komminister <strong>Karin Holmgren Nilsson.<\/strong>&nbsp;<\/p>\n\n\n\n<p>Samling vid \u00c5valla kl 17 f\u00f6r den som vill \u00e5ka till Kvidinge.&nbsp;<\/p>\n\n\n\n<p>Anm\u00e4lan senast 2 maj till&nbsp; Karin&nbsp; tel 070-247 75 75 Kv\u00e4llsfika&nbsp;&nbsp;<\/p>\n\n\n\n<p><strong>Kv\u00e4llarna <\/strong>arrangeras tillsammans med studief\u00f6rbundet Sensus och \u00e4r kostnadsfria. Bjud g\u00e4rna med n\u00e5gon som kan vara intresserad av kv\u00e4llens \u00e4mne!&nbsp;&nbsp;<\/p>\n\n\n\n<p>Vi ser g\u00e4rna att fler blir medlemmar i S:t Lukas i Nordv\u00e4stra Sk\u00e5ne och m\u00f6jligg\u00f6r f\u00f6rel\u00e4sningar i angel\u00e4gna \u00e4mnen samt st\u00f6djer v\u00e5r mottagning.&nbsp;<strong>&nbsp;<\/strong>&nbsp;<\/p>\n\n\n\n<p><strong>Medlemsavgiften \u00e4r 150 kr \/ \u00e5r till bg 5112-4725<\/strong>&nbsp;<\/p>\n\n\n\n<p><strong>FIKA MED SAMTAL p\u00e5 mottagningen p\u00e5 Bruksgatan 27:<\/strong>&nbsp;<\/p>\n\n\n\n<p><strong>L\u00f6r 1 mars kl 14 \u2013 16<\/strong>&nbsp;<\/p>\n\n\n\n<p><strong>L\u00f6r 26 april kl 14 \u2013 16<\/strong>&nbsp;<\/p>\n\n\n\n<p><\/p>\n\n\n\n<p>H\u00e4r hittar Du <strong>S:t Lukas hemsida <\/strong>och \u00f6vriga f\u00f6reningars program: <a href=\"http:\/\/www.sanktlukas.se\/\" target=\"_blank\" rel=\"noreferrer noopener\">http:\/\/www.sanktlukas.se<\/a>&nbsp;<\/p>\n\n\n\n<p>&nbsp;<\/p>\n\n\n\n<p><\/p>\n\n\n\n<p><\/p>\n\n\n\n<p><\/p>\n\n\n\n<h2 class=\"wp-block-heading\">Program h\u00f6sten 2024<\/h2>\n\n\n\n<p><\/p>\n\n\n\n<p><strong>Tis 17 sept kl 19.00 \u201dAtt m\u00f6tas p\u00e5 olika villkor\u201d&nbsp;<\/strong>&nbsp;<\/p>\n\n\n\n<p>&nbsp;&nbsp;<strong>&nbsp;&nbsp;&nbsp;<\/strong><\/p>\n\n\n\n<p><strong>Emma Mattsson, <\/strong>sjukhuspr\u00e4st p\u00e5 Centralsjukhuset i Kristianstad, bes\u00f6ker oss och ber\u00e4ttar om det projekt hon startade h\u00f6sten 2022<em>. \u201dFlera g\u00e5nger under mina levnads\u00e5r, och s\u00e4rskilt som vuxen, har jag upplevt att den bild jag har av mig sj\u00e4lv, inte riktigt st\u00e4mmer \u00f6verens med den som mina medm\u00e4nniskor m\u00f6ter mig med. Av olika anledningar k\u00e4nner jag ett behov av att ber\u00e4tta att jag har en diagnos, som en slags urs\u00e4kt f\u00f6r att jag upplever mig annorlunda \u00e4n andra.\u201d<\/em>&nbsp;<\/p>\n\n\n\n<p>Emma ber\u00e4ttar om gruppen som deltagit i projektet och som till st\u00f6rsta delen h\u00e5ller sig inom NPF-spektrat (Neuropsykiatriska funktionsneds\u00e4ttningar). I f\u00f6rel\u00e4sningen f\u00e5r vi m\u00f6ta Emma tillsammans med Isabella och Anna fr\u00e5n projektet, som lyfter bakgrund, tillv\u00e4gag\u00e5ngss\u00e4tt och syfte med projektet.&nbsp;<\/p>\n\n\n\n<p>Plats: \u00c5valla f\u00f6rsamlingshem, S Kyrkogatan 3, 262 41 \u00c4ngelholm&nbsp;<\/p>\n\n\n\n<p><strong>Tis 22 okt kl 19.00 \u201dAtt hitta livets mening och forts\u00e4tta leva fylld av f\u00f6rtr\u00f6stan\u201d<\/strong>&nbsp;<\/p>\n\n\n\n<p><strong>Karin H\u00e5kansson, \u00c4ngelholm, <\/strong>ber\u00e4ttar om sitt psalmskapande som varit en del av livet som s\u00f6kare, troende, maka, mor, mormor och pr\u00e4st. Som pr\u00e4st har Karin varit f\u00f6rsamlingspr\u00e4st, f\u00e4ngelsepr\u00e4st och skolpr\u00e4st. Hon \u00e4r nu pension\u00e4r och tj\u00e4nstg\u00f6r d\u00e5 och d\u00e5. Karin har g\u00e5tt p\u00e5 Anders Frostenssonstiftelsens psalmskola och har \u00e4ven f\u00e5tt stipendium d\u00e4rifr\u00e5n flera g\u00e5nger. Det viktiga i psalmerna \u00e4r att alla har chans att k\u00e4nna sig inkluderade. De existentiella fr\u00e5gorna har stor plats i hennes skrivande. Elna Stoll spelar och sjunger n\u00e5gra av psalmerna som Karin skrivit och Karin ber\u00e4ttar och l\u00e4ser n\u00e5gra av sina texter.&nbsp;<\/p>\n\n\n\n<p>Plats: \u00c5valla f\u00f6rsamlingshem, S Kyrkogatan 3, 262 41 \u00c4ngelholm&nbsp;<\/p>\n\n\n\n<p><strong>Ons 6 nov kl 19.00 \u201dV\u00e4gm\u00e4rken f\u00f6r v\u00e5r tid?\u201d&nbsp;<\/strong>&nbsp;<\/p>\n\n\n\n<p>Om Dag Hammarskj\u00f6ld, mystiken och klimatkrisen..<strong> K G Hammar, <\/strong>f d \u00e4rkebiskop och tidigare ocks\u00e5 biskop i Lunds stift, bes\u00f6ker oss.&nbsp;<\/p>\n\n\n\n<p>Plats: \u00c5valla f\u00f6rsamlingshem, S Kyrkogatan 3, 262 41 \u00c4ngelholm&nbsp;<\/p>\n\n\n\n<p><strong>F\u00f6rel\u00e4sningarna \u00e4r kostnadsfria och sker i&nbsp;samarbete med studief\u00f6rbundet Sensus.<\/strong><\/p>\n\n\n\n<p> &nbsp;<\/p>\n\n\n\n<p><\/p>\n\n\n\n<p><\/p>\n\n\n\n<p><\/p>\n\n\n\n<p><\/p>\n\n\n\n<p><\/p>\n\n\n\n<h2 class=\"wp-block-heading\"><strong>V\u00e5ren 2024<\/strong> <strong>med Sankt Lukas i Nordv\u00e4stra Sk\u00e5ne<\/strong><\/h2>\n\n\n\n<h4 class=\"wp-block-heading has-text-align-left\"><strong>Tis 13 febr kl 19.00<\/strong>&nbsp;<strong>\u201dMedvetet eller omedvetet, uppv\u00e4xten formar oss.<\/strong><\/h4>\n\n\n\n<p class=\"has-text-align-left\"><strong>Mats Hermansson,&nbsp;<\/strong>f\u00f6rfattare, konstn\u00e4r o pr\u00e4st delar tankar om barndomens p\u00e5verkan utifr\u00e5n sin sj\u00e4lvbiografiska roman Farsan. Boken handlar om uppv\u00e4xt i folkhemmet under 60-talet och om vad som utspelar sig bakom st\u00e4ngda l\u00e4genhetsd\u00f6rren, om en farsa som \u00e4r idolen, men som ocks\u00e5 skr\u00e4mmer.<\/p>\n\n\n\n<p>Plats: \u00c5valla f\u00f6rsamlingshem, S Kyrkog 3, \u00c4ngelholm.<strong><\/strong><\/p>\n\n\n\n<p>Mats st\u00e4ller ut sina pressenningsikoner i \u00c4ngelholms kyrka under fyra veckor fr\u00e5n 11 febr med vernissage \u2013 fredagen 8 mars. Missa inte att bes\u00f6ka utst\u00e4llningen!<\/p>\n\n\n\n<p><\/p>\n\n\n\n<h4 class=\"wp-block-heading has-text-align-left\">                                                                                                    <strong>Tis 12 mars<\/strong>&nbsp;<strong>\u00c5rsm\u00f6te kl 18.00<\/strong>&nbsp;&nbsp;&nbsp; &nbsp;&nbsp;&nbsp; &nbsp;&nbsp;&nbsp; &nbsp;&nbsp;&nbsp; &nbsp;&nbsp;&nbsp; &nbsp;&nbsp;&nbsp; &nbsp;&nbsp;&nbsp; &nbsp;&nbsp;&nbsp; &nbsp;&nbsp;&nbsp; &nbsp;&nbsp;&nbsp; &nbsp;&nbsp;&nbsp; &nbsp;&nbsp;&nbsp; &nbsp;&nbsp;&nbsp; &nbsp;&nbsp;&nbsp; &nbsp;&nbsp;&nbsp; &nbsp;&nbsp;&nbsp; &nbsp;&nbsp;&nbsp; &nbsp;&nbsp;&nbsp; &nbsp;&nbsp;&nbsp; &nbsp;&nbsp;&nbsp; &nbsp;&nbsp;&nbsp; &nbsp;&nbsp;&nbsp; &nbsp;&nbsp;&nbsp; &nbsp;&nbsp;&nbsp; &nbsp;&nbsp;&nbsp; &nbsp;&nbsp;&nbsp; &nbsp;&nbsp;&nbsp; &nbsp;&nbsp;&nbsp; &nbsp;&nbsp;&nbsp; &nbsp;&nbsp;&nbsp; &nbsp;&nbsp;&nbsp; &nbsp;&nbsp;&nbsp; &nbsp;&nbsp;&nbsp; &nbsp;&nbsp;&nbsp; &nbsp;&nbsp;<strong>Tis 12 mars Kl. 19.00<\/strong>&nbsp;<strong>Helsingborgsf\u00f6rfattaren Conny Palmkvist<\/strong>&nbsp;kommer till oss och samtalar om sin bok&nbsp;<strong>\u201dSundets r\u00f6da nejlikor\u201d.<\/strong>&nbsp;<\/h4>\n\n\n\n<h4 class=\"wp-block-heading has-text-align-left\">Hur svensk polis och Helsing\u00f6rs syklubb med risk f\u00f6r egna liv r\u00e4ddade 1&nbsp;500 danska flyktingar under andra v\u00e4rldskriget.<\/h4>\n\n\n\n<p>I boken skildras hur skepparen Erling Kjaer, kallad den r\u00f6da nejlikan, p\u00e5 n\u00e4tterna d\u00f6dsf\u00f6raktande kryssade \u00f6ver \u00d6resund i en liten motorb\u00e5t mellan minf\u00e4lt och tyska jagare.&nbsp;&nbsp;Conny Palmkvist, som ocks\u00e5 \u00e4r litteraturkritiker, har skrivit sjutton b\u00f6cker sedan debuten 2005. Flera med dokument\u00e4r bakgrund, tex Sundets r\u00f6da nejlikor&nbsp;&nbsp;2020 och Den som aldrig saknar dig 2022.<\/p>\n\n\n\n<p><strong>Plats: \u00c5valla f\u00f6rsamlingshem, S Kyrkogatan 3, \u00c4ngelholm<\/strong><\/p>\n\n\n\n<h4 class=\"wp-block-heading has-text-align-left\"><strong>Tis 9 april kl 19.00 \u201d\u00c4tst\u00f6rningar i ett historiskt perspektiv. Fr\u00e5n heliga Birgitta till v\u00e5r samtida syn p\u00e5 anorexia och bulimia.\u201d<\/strong><\/h4>\n\n\n\n<p>F\u00f6rel\u00e4sning med<strong>&nbsp;Per Johnsson,&nbsp;<\/strong>docent i klinisk psykologi, leg. psykolog vid Lunds universitet,<\/p>\n\n\n\n<p>Plats: \u00c5valla f\u00f6rsamlingshem, S Kyrkog 3, \u00c4ngelholm<\/p>\n\n\n\n<p><strong>Tis 7 maj Vi \u00e5ker till Hjortag\u00e5rden, terapig\u00e5rd i T\u00e5starp<\/strong>, och f\u00e5r h\u00f6ra om deras arbete med naturunderst\u00f6dd rehabilitering.<\/p>\n\n\n\n<p>Samling kl 16.30 utanf\u00f6r \u00c5valla f\u00f6r ev.sam\u00e5kning.<\/p>\n\n\n\n<p><strong>Anm\u00e4lan senast 3 maj till Karin tel 070-247 75 75<\/strong><\/p>\n\n\n\n<p><strong>Kv\u00e4llarna \u00e4r ett samarrangemang med studief\u00f6rbundet Sensus<\/strong>&nbsp;och kv\u00e4llarna \u00e4r kostnadsfria.<\/p>\n\n\n\n<p>Bjud g\u00e4rna med n\u00e5gon som kan vara intresserad av kv\u00e4llens \u00e4mne!<\/p>\n\n\n\n<p>&nbsp;Tipsa g\u00e4rna v\u00e4nner och andra att bli medlemmar i S:t Lukas i NVS och st\u00f6dja m\u00f6jligheten till samtal med en psykoterapeut.<\/p>\n\n\n\n<p><strong>Medlemsavgiften \u00e4r 150 kr och betalas till Bg 5112-4725.<\/strong><\/p>\n\n\n\n<p><strong>S:t Lukas&nbsp;<\/strong>har mottagning i v\u00e5rt n\u00e4romr\u00e5de h\u00e4r i \u00c4ngelholm med m\u00f6jlighet till psykoterapi och en f\u00f6rening, som erbjuder f\u00f6rel\u00e4sningar i olika \u00e4mnen, som r\u00f6r v\u00e5r m\u00e4nskliga existens. Dessutom s\u00f6ker f\u00f6reningen medel fr\u00e5n fonder, f\u00f6rsamlingar och stiftelser, f\u00f6r att underl\u00e4tta f\u00f6r den som har en anstr\u00e4ngd ekonomi. Man kan genom Region Sk\u00e5ne f\u00e5 remiss till S:t Lukas\u00b4 mottagningar<\/p>\n\n\n\n<p><\/p>\n\n\n\n<p><\/p>\n\n\n\n<p><\/p>\n\n\n\n<p><\/p>\n\n\n\n<p><\/p>\n\n\n\n<p><\/p>\n\n\n\n<p><\/p>\n\n\n\n<p><em>Tidigare programkv\u00e4llar<\/em><\/p>\n\n\n\n<p><\/p>\n\n\n\n<p><\/p>\n\n\n\n<p><\/p>\n\n\n\n<p><\/p>\n\n\n\n<h2 class=\"wp-block-heading\">H\u00f6sten 2023 med S:t Lukas i Nordv\u00e4stra Sk\u00e5ne<\/h2>\n\n\n\n<p><strong>Tors 28 sept kl 19<\/strong>,&nbsp;<strong>\u201dN\u00e4r livet v\u00e4nder\u201d.<\/strong>&nbsp;Gittel Ullebo talar om hur det \u00e4r att leva med psykisk oh\u00e4lsa och ett liv som amputerad, med protes och stomi. Hon delar med sig av hur hon lyckats v\u00e4nda sitt liv till gl\u00e4dje och tacksamhet efter en traumatisk olycka.&nbsp;Plats: \u00c5valla f\u00f6rsamlingshem, S Kyrkog 3, \u00c4ngelholm<\/p>\n\n\n\n<p><strong>Tis 24 okt kl 19 \u201dDelande av liv \u2013 i en vardag av utsatthet\u201d,<\/strong>&nbsp;Kristina Tyrberg, pr\u00e4st, tog tj\u00e4nstledighet f\u00f6r att dela vardagen med herdar som med sina familjer dagligen konfronteras av bos\u00e4ttare, som vill ta \u00f6ver marken p\u00e5 den av Israel ockuperade V\u00e4stbanken. Under tre m\u00e5nader var hon med andra deltagare i det Ekumeniska f\u00f6ljeslagarprogrammet EAPPI i Yatt, s\u00f6dra V\u00e4stbanken f\u00f6r att ut\u00f6va s k \u201dprotective presence\u201d.<\/p>\n\n\n\n<p>Plats: \u00c5valla f\u00f6rsamlingshem, S Kyrkog 3, \u00c4ngelholm <strong>M\u00e5n 20 nov kl 19 \u201dInre gl\u00e4dje\u201d.<\/strong>&nbsp;Martin D Stenberg, konstn\u00e4r, ber\u00e4ttar om sonen Emanuel, som var sv\u00e5rt CP-skadad och inte hade n\u00e5gon egen m\u00f6jlighet att styra sitt liv, men genom sin stora livsaptit gav s\u00e5 mycket k\u00e4rlek. Martin ber\u00e4ttar ocks\u00e5 om sin kristna tro och uppv\u00e4xten i pr\u00e4stg\u00e5rd, d\u00e4r han b\u00f6rjade m\u00e5la intryck han fick i kyrko\u00e5rets gudstj\u00e4nster. Plats: \u00c5valla f\u00f6rsamlingshem, S Kyrkog 3, \u00c4ngelholm<\/p>\n\n\n\n<p><strong>Kv\u00e4llarna \u00e4r ett samarrangemang med studief\u00f6rbundet Sensus<\/strong>&nbsp;och kv\u00e4llarna \u00e4r kostnadsfria.<\/p>\n\n\n\n<p>Bjud g\u00e4rna med n\u00e5gon som kan vara intresserad av kv\u00e4llens \u00e4mne!<\/p>\n\n\n\n<p>&nbsp;Tipsa g\u00e4rna v\u00e4nner och andra att bli medlemmar i S:t Lukas i NVS och st\u00f6dja m\u00f6jligheten till samtal med en psykoterapeut.<\/p>\n\n\n\n<p><strong>Medlemsavgiften \u00e4r 150 kr och betalas till Bg 5112-4725.<\/strong><\/p>\n\n\n\n<p><strong>S:t Lukas&nbsp;<\/strong>har mottagning i v\u00e5rt n\u00e4romr\u00e5de h\u00e4r i \u00c4ngelholm med m\u00f6jlighet till psykoterapi och en f\u00f6rening, som erbjuder f\u00f6rel\u00e4sningar i olika \u00e4mnen, som r\u00f6r v\u00e5r m\u00e4nskliga existens. Dessutom s\u00f6ker f\u00f6reningen medel fr\u00e5n fonder, f\u00f6rsamlingar och stiftelser, f\u00f6r att underl\u00e4tta f\u00f6r den som har en anstr\u00e4ngd ekonomi. Man kan genom Region Sk\u00e5ne f\u00e5 remiss till S:t Lukas\u00b4 mottagningar.<\/p>\n\n\n\n<h2 class=\"wp-block-heading has-medium-green-color has-text-color\">V\u00e5ren 2023 med S:t Lukas i Nordv\u00e4stra Sk\u00e5ne<\/h2>\n\n\n\n<h3 class=\"wp-block-heading\">M\u00e5ndag 27 februari kl 19.00 \u2013 \u201dInnanf\u00f6r murarna\u201d<\/h3>\n\n\n\n<p class=\"has-text-align-center\">Stellan Ponnert, pr\u00e4st och medarbetare i f\u00f6rsoningsgruppen, ber\u00e4ttar om f\u00f6rsoningsgruppens arbete med f\u00f6rsoning p\u00e5 anstalter och f\u00e4ngelser.<br>Plats: \u00c5valla f\u00f6rsamlingsg\u00e5rd, S Kyrkog 3, \u00c4ngelholm.<\/p>\n\n\n\n<h3 class=\"wp-block-heading\"><br>Tisdag 14 mars kl 18.00 \u2013 \u00c5rsm\u00f6te med bes\u00f6k av Victor Bergendahl<\/h3>\n\n\n\n<p><br>Efter \u00e5rsm\u00f6tet (kl 19.00) f\u00e5r vi bes\u00f6k av Victor Bergendahl, l\u00e4kare och musiker och<br>nu \u00e4ven f\u00f6rfattare. Han talar utifr\u00e5n sin bok: \u201dJo, doktorn, det var en sak till\u2026.\u201d<br>Under kv\u00e4llen f\u00e5r vi ocks\u00e5 h\u00f6ra Victor spela p\u00e5 flygeln.<br>Plats: \u00c5valla f\u00f6rsamlingsg\u00e5rd, S Kyrkog. 3, \u00c4ngelholm.<\/p>\n\n\n\n<h3 class=\"wp-block-heading has-text-align-center\"><br>Torsdag 20 april kl 17.30 \u2013 Kv\u00e4llsvandring p\u00e5 Sankta Thoras Pilgrimsled<\/h3>\n\n\n\n<p class=\"has-text-align-center\"><br>Under ledning av Linn Bj\u00f6rklund, pilgrim. Samling vid Rebbelberga kyrka, d\u00e4r Linn ger<br>en introduktion till pilgrimsvandringen. Vi utg\u00e5r fr\u00e5n kyrkan, vandrar ca 3 km och<br>avslutar i kyrkan med uppf\u00f6ljning och samtal om vandringen. Vid d\u00e5ligt v\u00e4der g\u00f6r vi<br>vandringen inomhus eller i kyrkans n\u00e4rhet och \u00e5terv\u00e4nder till den.<br>Ta g\u00e4rna med eget fika!<\/p>\n\n\n\n<p><br><strong>Alla arrangemang sker i samarbete med studief\u00f6rbundet Sensus!<br>Fri entr\u00e9 till alla kv\u00e4llarna!<\/strong><\/p>\n\n\n\n<p><br><em>S:t Lukas i Nordv\u00e4stra Sk\u00e5ne erbjuder psykoterapi och har mottagningar \u00f6ver hela<br>landet och \u00e4ven i \u00c4ngelholm. Man kan f\u00e5 remiss genom Region Sk\u00e5ne till S:t Lukas<br>mottagningar. S:t Lukas i Nordv\u00e4stra Sk\u00e5ne \u00e4r en st\u00f6df\u00f6rening som ordnar f\u00f6rel\u00e4sningar<br>som r\u00f6r m\u00e4nniskans existens. F\u00f6reningen bedriver ocks\u00e5 insamlingsverksamhet f\u00f6r att<br>m\u00e4nniskor som saknar ekonomiska m\u00f6jligheter ska kunna f\u00e5 del av psykoterapi n\u00e4r livet<br>\u00e4r sv\u00e5rt. Bli g\u00e4rna medlem! S\u00e4tt in 150 kr\/\u00e5r p\u00e5 bg 5112-4725 och st\u00f6d S:t Lukas i NVS!<\/em><\/p>\n\n\n\n<p><\/p>\n\n\n\n<p><\/p>\n\n\n\n<p><\/p>\n\n\n\n<p><\/p>\n\n\n\n<p><\/p>\n\n\n\n<p><\/p>\n\n\n\n<p><\/p>\n\n\n\n<p><\/p>\n\n\n\n<p><\/p>\n\n\n\n<p><\/p>\n\n\n\n<p><\/p>\n\n\n\n<p><\/p>\n\n\n\n<p><\/p>\n\n\n\n<p><\/p>\n\n\n\n<p><\/p>\n\n\n\n<p><\/p>\n\n\n\n<p><\/p>\n\n\n\n<p><\/p>\n\n\n\n<p><\/p>\n\n\n\n<p><\/p>\n\n\n\n<p><\/p>\n\n\n\n<p><\/p>\n\n\n\n<p><\/p>\n\n\n\n<p><\/p>\n\n\n\n<p><\/p>\n\n\n\n<p><\/p>\n\n\n\n<p><\/p>\n\n\n\n<p><\/p>\n\n\n\n<p><\/p>\n\n\n\n<p><\/p>\n\n\n\n<p><\/p>\n\n\n\n<p><\/p>\n\n\n\n<p><\/p>\n\n\n\n<p><\/p>\n\n\n\n<p><\/p>\n\n\n\n<p><\/p>\n\n\n\n<p><\/p>\n\n\n\n<p><\/p>\n\n\n\n<p><\/p>\n\n\n\n<p><\/p>\n\n\n\n<p><\/p>\n\n\n\n<p><\/p>\n\n\n\n<p class=\"has-large-font-size\"><\/p>\n\n\n\n<p><\/p>\n\n\n\n<p><\/p>\n\n\n\n<p><strong> <\/strong><\/p>\n\n\n\n<p><\/p>\n\n\n\n<p><\/p>\n\n\n\n<p><\/p>\n\n\n\n<p><\/p>\n\n\n\n<p><\/p>\n\n\n\n<p><\/p>\n\n\n\n<p><\/p>\n\n\n\n<p><\/p>\n\n\n\n<p><\/p>\n\n\n\n<p><\/p>\n\n\n\n<p><\/p>\n\n\n\n<p><\/p>\n\n\n\n<p><\/p>\n\n\n\n<p><\/p>\n\n\n\n<p><\/p>\n\n\n\n<p><\/p>\n\n\n\n<p><\/p>\n\n\n\n<p class=\"has-medium-font-size\">.<\/p>\n\n\n\n<p><\/p>\n\n\n\n<p><\/p>\n\n\n\n<p>Grati<\/p>\n\n\n<\/p>\n<h1>\u00a0<\/h1>\n<h1>\u00a0<\/h1>\n<\/p>\n\n\n<h2 class=\"wp-block-heading\"><\/h2>\n\n\n\n<h2 class=\"wp-block-heading\"><\/h2>\n","protected":false},"excerpt":{"rendered":"<p>Program v\u00e5ren 2026 S:t Lukas i Nordv\u00e4stra Sk\u00e5ne&nbsp; V\u00e4lkommen till \u00c5valla f\u00f6rsamlingshem, S Kyrkogatan 3, 262 41 \u00c4ngelholm Torsdag 19 mars kl 19.00 \u201dExistentiell ensamhet bland ungdomar\u201d Tide Garnow,&nbsp;filosofie doktor i v\u00e5rdvetenskap och&nbsp;universitetslektor vid H\u00f6gskolan i Kristianstad OBS! Kv\u00e4llen inleds kl 18.00 med \u00e5rsm\u00f6te.&nbsp; Program h\u00f6sten 2025 S:t Lukas i Nordv\u00e4stra Sk\u00e5ne&nbsp; V\u00e4lkommen till \u00c5valla [&hellip;]<\/p>\n","protected":false},"author":3,"featured_media":-1,"parent":1,"menu_order":1,"comment_status":"closed","ping_status":"closed","template":"","meta":{"_acf_changed":false,"footnotes":""},"class_list":["post-17","page","type-page","status-publish","has-post-thumbnail","hentry"],"acf":[],"_links":{"self":[{"href":"https:\/\/sanktlukas.se\/nordvastra-skane-angelholm\/wp-json\/wp\/v2\/pages\/17","targetHints":{"allow":["GET"]}}],"collection":[{"href":"https:\/\/sanktlukas.se\/nordvastra-skane-angelholm\/wp-json\/wp\/v2\/pages"}],"about":[{"href":"https:\/\/sanktlukas.se\/nordvastra-skane-angelholm\/wp-json\/wp\/v2\/types\/page"}],"author":[{"embeddable":true,"href":"https:\/\/sanktlukas.se\/nordvastra-skane-angelholm\/wp-json\/wp\/v2\/users\/3"}],"replies":[{"embeddable":true,"href":"https:\/\/sanktlukas.se\/nordvastra-skane-angelholm\/wp-json\/wp\/v2\/comments?post=17"}],"version-history":[{"count":52,"href":"https:\/\/sanktlukas.se\/nordvastra-skane-angelholm\/wp-json\/wp\/v2\/pages\/17\/revisions"}],"predecessor-version":[{"id":286,"href":"https:\/\/sanktlukas.se\/nordvastra-skane-angelholm\/wp-json\/wp\/v2\/pages\/17\/revisions\/286"}],"up":[{"embeddable":true,"href":"https:\/\/sanktlukas.se\/nordvastra-skane-angelholm\/wp-json\/wp\/v2\/pages\/1"}],"wp:featuredmedia":[{"embeddable":true,"href":"https:\/\/sanktlukas.se\/nordvastra-skane-angelholm\/wp-json\/"}],"wp:attachment":[{"href":"https:\/\/sanktlukas.se\/nordvastra-skane-angelholm\/wp-json\/wp\/v2\/media?parent=17"}],"curies":[{"name":"wp","href":"https:\/\/api.w.org\/{rel}","templated":true}]}}