{"id":36,"date":"2016-06-01T17:20:23","date_gmt":"2016-06-01T15:20:23","guid":{"rendered":"https:\/\/sanktlukas.se\/nordvastra-skane-angelholm\/?page_id=36"},"modified":"2025-05-08T09:49:08","modified_gmt":"2025-05-08T07:49:08","slug":"rehabiliteringsgarantin","status":"publish","type":"page","link":"https:\/\/sanktlukas.se\/nordvastra-skane-angelholm\/rehabiliteringsgarantin\/","title":{"rendered":"V\u00e5rdval psykoterapi"},"content":{"rendered":"\n<h3 class=\"wp-block-heading\">Vi har avtal med Region Sk\u00e5ne f\u00f6r att arbeta med H\u00e4lsoval \u2013 psykoterapi.<\/h3>\n\n\n\n<p>V\u00e5ra leg. psykoterapeuter kan erbjuda f\u00f6ljande behandlingar:<\/p>\n\n\n\n<ul class=\"wp-block-list\">\n<li><strong>Psykodynamisk behandling (PDT)<\/strong><\/li>\n\n\n\n<li><strong>Kognitiv beteendeterapi (KBT<\/strong><\/li>\n<\/ul>\n\n\n\n<p>Inom ramen f\u00f6r detta avtal behandlar vi f\u00f6ljande diagnoser:<\/p>\n\n\n\n<ul class=\"wp-block-list\">\n<li><em>Lindrig och medelsv\u00e5r depressiv episod<\/em><\/li>\n\n\n\n<li><em>Fobiska syndrom, Paniksyndrom, Tv\u00e5ngssyndrom<\/em><\/li>\n\n\n\n<li><em>Generaliserat \u00e5ngestsyndrom, \u00c5ngesttillst\u00e5nd, ospecificerat<\/em><\/li>\n\n\n\n<li><em>Reaktion p\u00e5 sv\u00e5r stress, ospecificerad och specificerad<\/em><\/li>\n<\/ul>\n\n\n\n<p>Antal behandlingstillf\u00e4llen baseras p\u00e5 patientens behov men kan som maximalt uppg\u00e5 till&nbsp;<strong>16 behandlingar + 1 uppf\u00f6ljning efter 3 m\u00e5nader.<\/strong><\/p>\n\n\n\n<p><strong>Avgifter&nbsp;<\/strong><\/p>\n\n\n\n<h4 class=\"wp-block-heading\">Du betalar 200:-\/g\u00e5ng upp till 1450:- och d\u00e4refter f\u00e5r du frikort.<\/h4>\n\n\n\n<p>Personer med remiss under 20 \u00e5r samt som fyllt 85 \u00e5r g\u00e5r kostnadsfritt.<\/p>\n\n\n\n<p><strong>Vid uteblivet bes\u00f6k, eller om \u00e5terbud l\u00e4mnas mindre \u00e4n 24 timmar f\u00f6re bokad tid, debiteras du 400 kr \u00e4ven vid frikort.<\/strong><\/p>\n\n\n\n<p>Mer om h\u00f6gkostnadskortet h\u00e4r:&nbsp;&nbsp;<a href=\"https:\/\/www.1177.se\/skane\/sa-fungerar-varden\/kostnader-och-ersattningar\/hogkostnadsskydd-for-oppenvard\/\">https:\/\/www.1177.se\/skane\/sa-fungerar-varden\/kostnader-och-ersattningar\/hogkostnadsskydd-for-oppenvard\/<\/a><\/p>\n\n\n\n<p><a href=\"https:\/\/sanktlukas.se\/malmo\/kontakt\/\">Kontakta oss<\/a><\/p>\n\n\n\n<p><strong>Om du inte \u00e4r n\u00f6jd<\/strong>&nbsp;f\u00e5r du g\u00e4rna h\u00f6ra av dig till oss.<\/p>\n\n\n\n<p>Du kan ocks\u00e5 kontakta Patientn\u00e4mnden Sk\u00e5ne om du vill ha hj\u00e4lp med att l\u00e4mna synpunkter eller klaga p\u00e5 v\u00e5rden. Du kan \u00e4ven l\u00e4mna synpunkter eller klagom\u00e5l f\u00f6r en n\u00e4rst\u00e5ende.<br>Patientn\u00e4mnden Sk\u00e5ne tar emot synpunkter och klagom\u00e5l p\u00e5 offentlig h\u00e4lso- och sjukv\u00e5rd som drivs av Region Sk\u00e5ne, h\u00e4lso- och sjukv\u00e5rd hos privata v\u00e5rdgivare som har avtal med Region Sk\u00e5ne, kommunal h\u00e4lso- och sjukv\u00e5rd samt viss tandv\u00e5rd.<\/p>\n\n\n\n<p>Patientn\u00e4mnden kan hj\u00e4lpa dig att f\u00e5 svar p\u00e5 dina synpunkter eller klagom\u00e5l och informera om dina r\u00e4ttigheter i v\u00e5rden. De inkomna synpunkterna och klagom\u00e5len sammanst\u00e4lls sedan och slutsatserna kan anv\u00e4ndas f\u00f6r att v\u00e5rden ska bli b\u00e4ttre.<\/p>\n\n\n\n<p>H\u00e4r hittar du mer information om hur du g\u00e5r till v\u00e4ga om du vill l\u00e4mna ett klagom\u00e5l:&nbsp;<a href=\"https:\/\/www.1177.se\/Skane\/sa-fungerar-varden\/om-du-inte-ar-nojd\/om-du-inte-ar-nojd-med-varden\/#section-18272\">Om du inte \u00e4r n\u00f6jd med v\u00e5rden \u2013 1177<\/a><\/p>\n\n\n\n<p><strong>P\u00e5 1177 V\u00e5rdguiden<\/strong>&nbsp;finns en beskrivning av vad det inneb\u00e4r&nbsp;<a href=\"http:\/\/www.1177.se\/Skane\/Fakta-och-rad\/Behandlingar\/Att-ga-i-terapi\/\">att g\u00e5 i psykoterapi<\/a>. H\u00e4r finns \u00e4ven en beskrivning av&nbsp;<a href=\"http:\/\/www.1177.se\/Skane\/Fakta-och-rad\/Behandlingar\/Psykoterapi\/\" target=\"_blank\" rel=\"noreferrer noopener\">psykoterapi<\/a>&nbsp;och olika behandlingar.<\/p>\n\n\n\n<p>L\u00e4kare p\u00e5 din v\u00e5rdcentral kan skriva remiss&nbsp;f\u00f6r psykoterapi.<\/p>\n\n\n\n<p>Du har som patient r\u00e4tt att v\u00e4lja hos vem du vill f\u00e5 behandling. Mer information om detta finns p\u00e5 1177 V\u00e5rdguidens&nbsp;<a href=\"http:\/\/www.1177.se\/Skane\/Regler-och-rattigheter\/Valj-mottagning-for-psykoterapi\/\" target=\"_blank\" rel=\"noreferrer noopener\">V\u00e4lj mottagning<\/a>.<\/p>\n\n\n\n<p>V\u00e4ljer du oss, kontaktar vi dig n\u00e4r vi f\u00e5tt remissen.&nbsp;<\/p>\n","protected":false},"excerpt":{"rendered":"<p>Vi har avtal med Region Sk\u00e5ne f\u00f6r att arbeta med H\u00e4lsoval \u2013 psykoterapi. V\u00e5ra leg. psykoterapeuter kan erbjuda f\u00f6ljande behandlingar: Inom ramen f\u00f6r detta avtal behandlar vi f\u00f6ljande diagnoser: Antal behandlingstillf\u00e4llen baseras p\u00e5 patientens behov men kan som maximalt uppg\u00e5 till&nbsp;16 behandlingar + 1 uppf\u00f6ljning efter 3 m\u00e5nader. Avgifter&nbsp; Du betalar 200:-\/g\u00e5ng upp till 1450:- [&hellip;]<\/p>\n","protected":false},"author":3,"featured_media":-1,"parent":0,"menu_order":5,"comment_status":"closed","ping_status":"closed","template":"","meta":{"_acf_changed":false,"footnotes":""},"class_list":["post-36","page","type-page","status-publish","has-post-thumbnail","hentry"],"acf":[],"_links":{"self":[{"href":"https:\/\/sanktlukas.se\/nordvastra-skane-angelholm\/wp-json\/wp\/v2\/pages\/36","targetHints":{"allow":["GET"]}}],"collection":[{"href":"https:\/\/sanktlukas.se\/nordvastra-skane-angelholm\/wp-json\/wp\/v2\/pages"}],"about":[{"href":"https:\/\/sanktlukas.se\/nordvastra-skane-angelholm\/wp-json\/wp\/v2\/types\/page"}],"author":[{"embeddable":true,"href":"https:\/\/sanktlukas.se\/nordvastra-skane-angelholm\/wp-json\/wp\/v2\/users\/3"}],"replies":[{"embeddable":true,"href":"https:\/\/sanktlukas.se\/nordvastra-skane-angelholm\/wp-json\/wp\/v2\/comments?post=36"}],"version-history":[{"count":8,"href":"https:\/\/sanktlukas.se\/nordvastra-skane-angelholm\/wp-json\/wp\/v2\/pages\/36\/revisions"}],"predecessor-version":[{"id":270,"href":"https:\/\/sanktlukas.se\/nordvastra-skane-angelholm\/wp-json\/wp\/v2\/pages\/36\/revisions\/270"}],"wp:featuredmedia":[{"embeddable":true,"href":"https:\/\/sanktlukas.se\/nordvastra-skane-angelholm\/wp-json\/"}],"wp:attachment":[{"href":"https:\/\/sanktlukas.se\/nordvastra-skane-angelholm\/wp-json\/wp\/v2\/media?parent=36"}],"curies":[{"name":"wp","href":"https:\/\/api.w.org\/{rel}","templated":true}]}}