{"id":114,"date":"2019-03-19T14:38:31","date_gmt":"2019-03-19T13:38:31","guid":{"rendered":"https:\/\/sanktlukas.se\/norrkoping\/?page_id=114"},"modified":"2024-06-03T09:01:19","modified_gmt":"2024-06-03T07:01:19","slug":"psykoterapi","status":"publish","type":"page","link":"https:\/\/sanktlukas.se\/norrkoping\/psykoterapi\/","title":{"rendered":"Psykoterapi"},"content":{"rendered":"\n<h3 class=\"wp-block-heading\">Beh\u00f6ver du n\u00e5gon att prata med?<\/h3>\n\n\n\n<h4 class=\"wp-block-heading\">Psykoterapi och samtalsst\u00f6d \u00e4r stor del av verksamheten&nbsp;inom S:t Lukas.&nbsp;Om man m\u00e5r psykiskt d\u00e5ligt,&nbsp;g\u00e5r&nbsp;igenom en sv\u00e5r livssituation&nbsp;eller har fr\u00e5gor om livet kan man sj\u00e4lv ta kontakt med v\u00e5ra mottagningar f\u00f6r att boka tid f\u00f6r samtal.<\/h4>\n\n\n\n<p>Vi har bred kompetens inom olika psykoterapeutiska inriktningar och l\u00e5ng erfarenhet av att arbeta med livsfr\u00e5gor och existentiella fr\u00e5gest\u00e4llningar. Verksamheten bygger p\u00e5 en helhetssyn p\u00e5 m\u00e4nniskan som inneb\u00e4r respekt f\u00f6r det unika i varje individ och \u00f6ppenhet f\u00f6r existentiella fr\u00e5gor. Vi arbetar med psykisk h\u00e4lsa enligt vetenskap och bepr\u00f6vad erfarenhet. Vi \u00e4r inte vinstdrivande och st\u00e5r politiskt och religi\u00f6st obundna.<\/p>\n\n\n\n<p>Hos oss kan du g\u00e5 i&nbsp;individuell psykoterapi och f\u00e5 st\u00f6d i form av par- och familjesamtal. Vi arbetar \u00e4ven med familjeterapi och tar emot ungdomar i samtal. (Dock ej barn, <a href=\"https:\/\/www.norrkoping.se\/stod-och-omsorg\/barn-ungdom-och-familj\/stod-till-barn-och-ungdomar\/att-ma-daligt\">s\u00f6k st\u00f6d h\u00e4r<\/a>).<\/p>\n\n\n\n<p>S:t Lukas i Norrk\u00f6ping erbjuder 5 subventionerade samtal 200:-\/45 minuter till unga vuxna 18-25 \u00e5r som studerar eller \u00e4r icke f\u00f6rv\u00e4rvsarbetande, \u00e4r skrivna i Norrk\u00f6pings kommun och lider av psykisk oh\u00e4lsa. (Med f\u00f6rbeh\u00e5llet om att det finns en begr\u00e4nsad avsatt \u00e5rsbudget, d.v.s. subventionen kan ta slut under \u00e5ret).<\/p>\n\n\n\n<p>Du kan komma till oss p\u00e5 eget initiativ eller via ett avtal med din arbetsgivare. F\u00f6rsta bes\u00f6ket best\u00e5r alltid av ett orienterande samtal d\u00e4r vi tillsammans tar reda p\u00e5 varf\u00f6r du s\u00f6ker och hur vi kan hj\u00e4lpa dig. Vi kallar de som s\u00f6ker hj\u00e4lp hos oss f\u00f6r konfidenter. Det betyder att vi m\u00f6ter m\u00e4nniskor i en f\u00f6rtrolig och respektfull relation, d\u00e4r ingenting som s\u00e4gs eller h\u00e4nder under v\u00e5ra samtal f\u00f6rs vidare.<\/p>\n\n\n\n<h4 class=\"wp-block-heading\">Hos oss arbetar\u00a0enbart legitimerad personal\u00a0\u2013 din kvalitetss\u00e4kring<\/h4>\n\n\n\n<p>Inom S:t Lukas m\u00f6ter du legitimerade psykoterapeuter och legitimerade psykologer med m\u00e5ng\u00e5rig erfarenhet fr\u00e5n privat och offentlig v\u00e5rd, socialt arbete och&nbsp;id\u00e9burna organisationer.<\/p>\n\n\n\n<p>F\u00f6r att bedriva psykoterapi ska man vara legitimerad psykolog eller vara legitimerad psykoterapeut. F\u00f6rutom psykologer kan \u00e4ven sjuksk\u00f6terskor, sjukgymnaster, fysioterapeuter, socionomer, psykiater och pr\u00e4ster utbilda sig till psykoterapeuter. F\u00f6r att bli legitimerad psykoterapeut kr\u00e4vs f\u00f6rutom ovanst\u00e5ende grundutbildning \u00e4ven&nbsp;minst tre \u00e5rs forts\u00e4ttningsutbildning i psykoterapi.<\/p>\n\n\n\n<h4 class=\"wp-block-heading\">Symptom vid psykisk oh\u00e4lsa<\/h4>\n\n\n\n<p>Psykisk oh\u00e4lsa kan yttra sig genom m\u00e5nga olika psykiska symptom som t.ex s\u00f6mnst\u00f6rningar, relationsproblem, tr\u00f6tthet och koncentrationssv\u00e5righeter. Man kan k\u00e4nna sig nedst\u00e4md eller irriterad utan att f\u00f6rst\u00e5 varf\u00f6r. F\u00f6r en del kan r\u00e4dsla, \u00e5ngest och oro&nbsp;skapa konflikter och sv\u00e5righeter&nbsp;i b\u00e5de privatliv och arbetsliv.<\/p>\n\n\n\n<h4 class=\"wp-block-heading\">Vanliga orsaker till psykoterapeutisk behandling<\/h4>\n\n\n\n<ul class=\"wp-block-list\">\n<li>Livskriser;\u00a0skilsm\u00e4ssa,\u00a0arbetsl\u00f6shet, sorger och f\u00f6rluster av olika slag<\/li>\n\n\n\n<li>Utbr\u00e4ndhet och tr\u00f6tthetssyndrom<\/li>\n\n\n\n<li>Depression och \u00e5ngest<\/li>\n\n\n\n<li>Existentiella livskriser och fr\u00e5gest\u00e4llningar<\/li>\n\n\n\n<li>Relationsproblem i yrkesliv eller i privatliv<\/li>\n\n\n\n<li>Sjukdom eller olycka som p\u00e5verkat din livssituation<\/li>\n<\/ul>\n\n\n\n<h4 class=\"wp-block-heading\">Tystnadsplikt<\/h4>\n\n\n\n<p>En&nbsp;psykoterapeut har tystnadsplikt.&nbsp;\u00c4ven om&nbsp;arbetsgivaren helt eller delvis betalar&nbsp;f\u00f6r dina samtal g\u00e4ller sekretessen \u00e4ven gentemot arbetsgivaren.<\/p>\n\n\n\n<h4 class=\"wp-block-heading\">Sekretess och GDPR<\/h4>\n\n\n\n<p>Vi till\u00e4mpar <strong>sammanh\u00e5llen journalf\u00f6ring<\/strong>. <a href=\"https:\/\/sanktlukas.se\/om-oss\/sekretess-och-gdpr\/\">L\u00e4s mer<\/a> om detta och hur vi behandlar personuppgifter.<\/p>\n","protected":false},"excerpt":{"rendered":"<p>Beh\u00f6ver du n\u00e5gon att prata med? Psykoterapi och samtalsst\u00f6d \u00e4r stor del av verksamheten&nbsp;inom S:t Lukas.&nbsp;Om man m\u00e5r psykiskt d\u00e5ligt,&nbsp;g\u00e5r&nbsp;igenom en sv\u00e5r livssituation&nbsp;eller har fr\u00e5gor om livet kan man sj\u00e4lv ta kontakt med v\u00e5ra mottagningar f\u00f6r att boka tid f\u00f6r samtal. Vi har bred kompetens inom olika psykoterapeutiska inriktningar och l\u00e5ng erfarenhet av att arbeta [&hellip;]<\/p>\n","protected":false},"author":28,"featured_media":-1,"parent":0,"menu_order":0,"comment_status":"closed","ping_status":"closed","template":"","meta":{"_acf_changed":false,"footnotes":""},"class_list":["post-114","page","type-page","status-publish","has-post-thumbnail","hentry"],"acf":[],"_links":{"self":[{"href":"https:\/\/sanktlukas.se\/norrkoping\/wp-json\/wp\/v2\/pages\/114","targetHints":{"allow":["GET"]}}],"collection":[{"href":"https:\/\/sanktlukas.se\/norrkoping\/wp-json\/wp\/v2\/pages"}],"about":[{"href":"https:\/\/sanktlukas.se\/norrkoping\/wp-json\/wp\/v2\/types\/page"}],"author":[{"embeddable":true,"href":"https:\/\/sanktlukas.se\/norrkoping\/wp-json\/wp\/v2\/users\/28"}],"replies":[{"embeddable":true,"href":"https:\/\/sanktlukas.se\/norrkoping\/wp-json\/wp\/v2\/comments?post=114"}],"version-history":[{"count":15,"href":"https:\/\/sanktlukas.se\/norrkoping\/wp-json\/wp\/v2\/pages\/114\/revisions"}],"predecessor-version":[{"id":362,"href":"https:\/\/sanktlukas.se\/norrkoping\/wp-json\/wp\/v2\/pages\/114\/revisions\/362"}],"wp:featuredmedia":[{"embeddable":true,"href":"https:\/\/sanktlukas.se\/norrkoping\/wp-json\/"}],"wp:attachment":[{"href":"https:\/\/sanktlukas.se\/norrkoping\/wp-json\/wp\/v2\/media?parent=114"}],"curies":[{"name":"wp","href":"https:\/\/api.w.org\/{rel}","templated":true}]}}