{"id":122,"date":"2019-03-19T14:44:14","date_gmt":"2019-03-19T13:44:14","guid":{"rendered":"https:\/\/sanktlukas.se\/norrkoping\/?page_id=122"},"modified":"2026-02-19T09:38:21","modified_gmt":"2026-02-19T08:38:21","slug":"tjanster-for-foretag","status":"publish","type":"page","link":"https:\/\/sanktlukas.se\/norrkoping\/tjanster-for-foretag\/","title":{"rendered":"Tj\u00e4nster f\u00f6r f\u00f6retag"},"content":{"rendered":"<h4>S:t Lukas erbjuder olika\u00a0avtalsformer f\u00f6r f\u00f6retag och organisationer i Norrk\u00f6ping<\/h4>\n<p>Vi p\u00e5 S:t Lukas har m\u00e5nga st\u00f6dfunktioner d\u00e4r f\u00f6retag och organisationer kan ta hj\u00e4lp av v\u00e5ra terapeuter och organisationskonsulter\u00a0i samtal och utveckling. Vi skr\u00e4ddarsyr\u00a0avtal och\u00a0anpassar tj\u00e4nsternas inneh\u00e5ll\u00a0efter era behov.<\/p>\n<h5><strong>Tj\u00e4nster<\/strong><\/h5>\n<ul>\n<li>Samtalsjour<\/li>\n<li>Krisst\u00f6d<\/li>\n<li>Handledning<\/li>\n<li>Chefsst\u00f6d<\/li>\n<li>Samtalsst\u00f6d<\/li>\n<li>Konflikthantering<\/li>\n<li>Organisationsutveckling och ledarskap<\/li>\n<\/ul>\n<h5>\u00a0<\/h5>\n<h5>Ramavtal f\u00f6r avrop vid behov<\/h5>\n<p>Ett avtal\u00a0med oss ger alla medarbetare st\u00f6rre trygghet vid of\u00f6rutsedda h\u00e4ndelser.<\/p>\n<h5>\u00a0<\/h5>\n<h5><strong>Hur g\u00e5r jag vidare?<\/strong><\/h5>\n<p>Du och ditt f\u00f6retag \u00e4r Varmt V\u00e4lkomna att ta kontakt med mig som verksamhetschef Christina Karlsson 076-050 94 34 eller mejla <a href=\"mailto:christina.karlsson@sanktlukas.se\">christina.karlsson@sanktlukas.se<\/a><\/p>\n\n\n<p><\/p>\n","protected":false},"excerpt":{"rendered":"<p>S:t Lukas erbjuder olika\u00a0avtalsformer f\u00f6r f\u00f6retag och organisationer i Norrk\u00f6ping Vi p\u00e5 S:t Lukas har m\u00e5nga st\u00f6dfunktioner d\u00e4r f\u00f6retag och organisationer kan ta hj\u00e4lp av v\u00e5ra terapeuter och organisationskonsulter\u00a0i samtal och utveckling. Vi skr\u00e4ddarsyr\u00a0avtal och\u00a0anpassar tj\u00e4nsternas inneh\u00e5ll\u00a0efter era behov. Tj\u00e4nster Samtalsjour Krisst\u00f6d Handledning Chefsst\u00f6d Samtalsst\u00f6d Konflikthantering Organisationsutveckling och ledarskap \u00a0 Ramavtal f\u00f6r avrop vid behov [&hellip;]<\/p>\n","protected":false},"author":28,"featured_media":-1,"parent":0,"menu_order":0,"comment_status":"closed","ping_status":"closed","template":"","meta":{"_acf_changed":false,"footnotes":""},"class_list":["post-122","page","type-page","status-publish","has-post-thumbnail","hentry"],"acf":[],"_links":{"self":[{"href":"https:\/\/sanktlukas.se\/norrkoping\/wp-json\/wp\/v2\/pages\/122","targetHints":{"allow":["GET"]}}],"collection":[{"href":"https:\/\/sanktlukas.se\/norrkoping\/wp-json\/wp\/v2\/pages"}],"about":[{"href":"https:\/\/sanktlukas.se\/norrkoping\/wp-json\/wp\/v2\/types\/page"}],"author":[{"embeddable":true,"href":"https:\/\/sanktlukas.se\/norrkoping\/wp-json\/wp\/v2\/users\/28"}],"replies":[{"embeddable":true,"href":"https:\/\/sanktlukas.se\/norrkoping\/wp-json\/wp\/v2\/comments?post=122"}],"version-history":[{"count":6,"href":"https:\/\/sanktlukas.se\/norrkoping\/wp-json\/wp\/v2\/pages\/122\/revisions"}],"predecessor-version":[{"id":473,"href":"https:\/\/sanktlukas.se\/norrkoping\/wp-json\/wp\/v2\/pages\/122\/revisions\/473"}],"wp:featuredmedia":[{"embeddable":true,"href":"https:\/\/sanktlukas.se\/norrkoping\/wp-json\/"}],"wp:attachment":[{"href":"https:\/\/sanktlukas.se\/norrkoping\/wp-json\/wp\/v2\/media?parent=122"}],"curies":[{"name":"wp","href":"https:\/\/api.w.org\/{rel}","templated":true}]}}