{"id":125,"date":"2019-03-19T14:46:31","date_gmt":"2019-03-19T13:46:31","guid":{"rendered":"https:\/\/sanktlukas.se\/norrkoping\/?page_id=125"},"modified":"2023-02-21T21:13:10","modified_gmt":"2023-02-21T20:13:10","slug":"par-familjeterapi-i-norrkoping","status":"publish","type":"page","link":"https:\/\/sanktlukas.se\/norrkoping\/par-familjeterapi-i-norrkoping\/","title":{"rendered":"Par- &amp; familjeterapi"},"content":{"rendered":"<h4>Vid S:t Lukas mottagningar finns m\u00f6jlighet f\u00f6r par (partners, f\u00f6r\u00e4lder\u2013barn, syskon och andra konstellationer) att g\u00e5 i parterapi.<\/h4>\n<p>Parterapi erbjuder en m\u00f6jlighet att\u00a0unders\u00f6ka och f\u00f6rst\u00e5 konflikter och problem som ett par g\u00e5r igenom. Problemen har oftast en negativ effekt p\u00e5 arbetslivet och f\u00f6r\u00e4ldraskapet.<\/p>\n<h5><strong>Vad hj\u00e4lper parterapi till med?<\/strong><\/h5>\n<ul>\n<li>Att\u00a0\u00f6ka f\u00f6rst\u00e5elsen\u00a0f\u00f6r dolda och outtalade konflikter.<\/li>\n<li>Att\u00a0bryta\u00a0gamla och destruktiva m\u00f6nster och\u00a0hitta nya s\u00e4tt\u00a0att l\u00f6sa kommande problem.<\/li>\n<li>Att f\u00e5 en djupare syn p\u00e5\u00a0konsekvenserna\u00a0av obalansen i parf\u00f6rh\u00e5llandet.<\/li>\n<li>Att \u00f6ppna nya v\u00e4gar att \u00e5stadkomma\u00a0f\u00f6r\u00e4ndringar\u00a0som individer och som partner i f\u00f6rh\u00e5llandet.<\/li>\n<\/ul>\n<p>Separerade par kan ocks\u00e5 f\u00e5 hj\u00e4lp av parterapi genom:<\/p>\n<ul>\n<li>Att\u00a0\u00f6ka f\u00f6rst\u00e5elsen\u00a0f\u00f6r det beslut som ledde fram till skilsm\u00e4ssan.<\/li>\n<li>Att unders\u00f6ka de dolda konflikter som paret inte kunde och inte kan se.<\/li>\n<li>Att ge m\u00f6jlighet att kunna s\u00f6rja en livsviktig f\u00f6rlust.<\/li>\n<\/ul>\n<h5><strong><br \/>\nFamiljeterapi<\/strong><\/h5>\n<p>Denna terapiform v\u00e4nder sig fr\u00e4mst till familjer med barn och ungdomar. I arbetet med familjer handlar det oftast om l\u00e5sningar i samspels- och kommunikationsm\u00f6nster samt sv\u00e5righeter att hantera konflikter och olikheter. M\u00e5let \u00e4r att erbjuda v\u00e4gledning och hj\u00e4lp till f\u00f6rb\u00e4ttrad f\u00f6rst\u00e5else av varandra och sig sj\u00e4lva samt till \u00f6kad beredskap att prova sig fram till olika probleml\u00f6sningar.<\/p>\n<h4><strong>Hur g\u00e5r jag vidare?<\/strong><\/h4>\n<p>Kontakta mottagningen i Norrk\u00f6ping p\u00e5\u00a0011-104120 f\u00f6r att boka tid.<\/p>\n","protected":false},"excerpt":{"rendered":"<p>Vid S:t Lukas mottagningar finns m\u00f6jlighet f\u00f6r par (partners, f\u00f6r\u00e4lder\u2013barn, syskon och andra konstellationer) att g\u00e5 i parterapi. Parterapi erbjuder en m\u00f6jlighet att\u00a0unders\u00f6ka och f\u00f6rst\u00e5 konflikter och problem som ett par g\u00e5r igenom. Problemen har oftast en negativ effekt p\u00e5 arbetslivet och f\u00f6r\u00e4ldraskapet. Vad hj\u00e4lper parterapi till med? Att\u00a0\u00f6ka f\u00f6rst\u00e5elsen\u00a0f\u00f6r dolda och outtalade konflikter. Att\u00a0bryta\u00a0gamla [&hellip;]<\/p>\n","protected":false},"author":28,"featured_media":-1,"parent":0,"menu_order":0,"comment_status":"closed","ping_status":"closed","template":"","meta":{"_acf_changed":false,"footnotes":""},"class_list":["post-125","page","type-page","status-publish","has-post-thumbnail","hentry"],"acf":[],"_links":{"self":[{"href":"https:\/\/sanktlukas.se\/norrkoping\/wp-json\/wp\/v2\/pages\/125","targetHints":{"allow":["GET"]}}],"collection":[{"href":"https:\/\/sanktlukas.se\/norrkoping\/wp-json\/wp\/v2\/pages"}],"about":[{"href":"https:\/\/sanktlukas.se\/norrkoping\/wp-json\/wp\/v2\/types\/page"}],"author":[{"embeddable":true,"href":"https:\/\/sanktlukas.se\/norrkoping\/wp-json\/wp\/v2\/users\/28"}],"replies":[{"embeddable":true,"href":"https:\/\/sanktlukas.se\/norrkoping\/wp-json\/wp\/v2\/comments?post=125"}],"version-history":[{"count":3,"href":"https:\/\/sanktlukas.se\/norrkoping\/wp-json\/wp\/v2\/pages\/125\/revisions"}],"predecessor-version":[{"id":257,"href":"https:\/\/sanktlukas.se\/norrkoping\/wp-json\/wp\/v2\/pages\/125\/revisions\/257"}],"wp:featuredmedia":[{"embeddable":true,"href":"https:\/\/sanktlukas.se\/norrkoping\/wp-json\/"}],"wp:attachment":[{"href":"https:\/\/sanktlukas.se\/norrkoping\/wp-json\/wp\/v2\/media?parent=125"}],"curies":[{"name":"wp","href":"https:\/\/api.w.org\/{rel}","templated":true}]}}