{"id":134,"date":"2019-05-07T10:45:16","date_gmt":"2019-05-07T08:45:16","guid":{"rendered":"https:\/\/sanktlukas.se\/norrkoping\/?page_id=134"},"modified":"2026-02-02T13:17:15","modified_gmt":"2026-02-02T12:17:15","slug":"1100-45-min","status":"publish","type":"page","link":"https:\/\/sanktlukas.se\/norrkoping\/1100-45-min\/","title":{"rendered":"Priser"},"content":{"rendered":"\n<h2 class=\"wp-block-heading\">Priser<\/h2>\n\n\n\n<h4 class=\"wp-block-heading\">Privatpersoner<\/h4>\n\n\n\n<p>Individuell psykoterapi: 1100 kr\/45 min<\/p>\n\n\n\n<p>Parterapi\/familjer\u00e5dgivning: 1550 kr\/60 min, 2325 kr\/90 min<\/p>\n\n\n\n<p>Efter godk\u00e4nd remiss till S:t Lukas f\u00f6r psykoterapisamtal fr\u00e5n specialistpsykiatrin tas patientavgift 200:-\/bes\u00f6k upp till frikort.<\/p>\n\n\n\n<h4 class=\"wp-block-heading\">Betalning<\/h4>\n\n\n\n<p>Betalning g\u00f6rs via&nbsp;<a rel=\"noreferrer noopener\" href=\"https:\/\/www.swish.nu\/\" target=\"_blank\">Swish<\/a>&nbsp;p\u00e5 plats eller faktura till hemadress m\u00e5nadsvis.<\/p>\n\n\n\n<h4 class=\"wp-block-heading\">Bokning och avbokning<\/h4>\n\n\n\n<p>Bokningar\/avbokningar sker via mail eller telefon\/telefonsvarare, i f\u00f6rsta hand till din terapeut och i andra hand till mottagningen.<\/p>\n\n\n\n<p><em>Uteblivna bes\u00f6k och avbokning senare \u00e4n 24 tim debiteras fullt pris<\/em>.<\/p>\n\n\n\n<p>Observera att om du kommer p\u00e5 remiss fr\u00e5n din arbetsgivare eller f\u00f6rs\u00e4kringsbolag kan andra tidsgr\u00e4nser f\u00f6r avbokning g\u00e4lla.<\/p>\n\n\n\n<h4 class=\"wp-block-heading\">F\u00f6retag<\/h4>\n\n\n\n<p>Kontakta oss p\u00e5 011-104120 eller verksamhetschef  Christina Karlsson 076-0509434<\/p>\n","protected":false},"excerpt":{"rendered":"<p>Priser Privatpersoner Individuell psykoterapi: 1100 kr\/45 min Parterapi\/familjer\u00e5dgivning: 1550 kr\/60 min, 2325 kr\/90 min Efter godk\u00e4nd remiss till S:t Lukas f\u00f6r psykoterapisamtal fr\u00e5n specialistpsykiatrin tas patientavgift 200:-\/bes\u00f6k upp till frikort. Betalning Betalning g\u00f6rs via&nbsp;Swish&nbsp;p\u00e5 plats eller faktura till hemadress m\u00e5nadsvis. Bokning och avbokning Bokningar\/avbokningar sker via mail eller telefon\/telefonsvarare, i f\u00f6rsta hand till din terapeut [&hellip;]<\/p>\n","protected":false},"author":28,"featured_media":-1,"parent":0,"menu_order":0,"comment_status":"closed","ping_status":"closed","template":"","meta":{"_acf_changed":false,"footnotes":""},"class_list":["post-134","page","type-page","status-publish","has-post-thumbnail","hentry"],"acf":[],"_links":{"self":[{"href":"https:\/\/sanktlukas.se\/norrkoping\/wp-json\/wp\/v2\/pages\/134","targetHints":{"allow":["GET"]}}],"collection":[{"href":"https:\/\/sanktlukas.se\/norrkoping\/wp-json\/wp\/v2\/pages"}],"about":[{"href":"https:\/\/sanktlukas.se\/norrkoping\/wp-json\/wp\/v2\/types\/page"}],"author":[{"embeddable":true,"href":"https:\/\/sanktlukas.se\/norrkoping\/wp-json\/wp\/v2\/users\/28"}],"replies":[{"embeddable":true,"href":"https:\/\/sanktlukas.se\/norrkoping\/wp-json\/wp\/v2\/comments?post=134"}],"version-history":[{"count":22,"href":"https:\/\/sanktlukas.se\/norrkoping\/wp-json\/wp\/v2\/pages\/134\/revisions"}],"predecessor-version":[{"id":470,"href":"https:\/\/sanktlukas.se\/norrkoping\/wp-json\/wp\/v2\/pages\/134\/revisions\/470"}],"wp:featuredmedia":[{"embeddable":true,"href":"https:\/\/sanktlukas.se\/norrkoping\/wp-json\/"}],"wp:attachment":[{"href":"https:\/\/sanktlukas.se\/norrkoping\/wp-json\/wp\/v2\/media?parent=134"}],"curies":[{"name":"wp","href":"https:\/\/api.w.org\/{rel}","templated":true}]}}