{"id":5,"date":"2016-05-26T06:02:48","date_gmt":"2016-05-26T04:02:48","guid":{"rendered":"https:\/\/sanktlukas.se\/norrkoping\/kontakt\/"},"modified":"2024-01-24T13:03:38","modified_gmt":"2024-01-24T12:03:38","slug":"kontakt","status":"publish","type":"page","link":"https:\/\/sanktlukas.se\/norrkoping\/kontakt\/","title":{"rendered":"Kontakt"},"content":{"rendered":"\n<h2 class=\"wp-block-heading\">Kontakt<\/h2>\n\n\n\n<p>Du kan kontakta oss via telefon d\u00e4r vi finns tillg\u00e4ngliga 8.00-17.00, helgfria vardagar. Vi svarar i m\u00e5n av tid, om vi inte har m\u00f6jlighet att svara\u00a0tala g\u00e4rna in ett meddelande p\u00e5 telefonsvararen s\u00e5 ringer vi upp s\u00e5 snart vi kan.<\/p>\n\n\n\n<p>Du kan ocks\u00e5 maila oss om du har fr\u00e5gor eller vill bli kontaktad.<\/p>\n\n\n\n<div class=\"wp-block-sanktlukas-genericbutton button-container\"><a role=\"button\" href=\"mailto:ostergotland@sanktlukas.se\" class=\"button button--medium button--dark-green\">Kontakta oss<\/a><\/div>\n","protected":false},"excerpt":{"rendered":"<p>Kontakt Du kan kontakta oss via telefon d\u00e4r vi finns tillg\u00e4ngliga 8.00-17.00, helgfria vardagar. Vi svarar i m\u00e5n av tid, om vi inte har m\u00f6jlighet att svara\u00a0tala g\u00e4rna in ett meddelande p\u00e5 telefonsvararen s\u00e5 ringer vi upp s\u00e5 snart vi kan. Du kan ocks\u00e5 maila oss om du har fr\u00e5gor eller vill bli kontaktad.<\/p>\n","protected":false},"author":28,"featured_media":-1,"parent":0,"menu_order":0,"comment_status":"closed","ping_status":"closed","template":"template-contact.php","meta":{"_acf_changed":false,"footnotes":""},"class_list":["post-5","page","type-page","status-publish","has-post-thumbnail","hentry"],"acf":[],"_links":{"self":[{"href":"https:\/\/sanktlukas.se\/norrkoping\/wp-json\/wp\/v2\/pages\/5","targetHints":{"allow":["GET"]}}],"collection":[{"href":"https:\/\/sanktlukas.se\/norrkoping\/wp-json\/wp\/v2\/pages"}],"about":[{"href":"https:\/\/sanktlukas.se\/norrkoping\/wp-json\/wp\/v2\/types\/page"}],"author":[{"embeddable":true,"href":"https:\/\/sanktlukas.se\/norrkoping\/wp-json\/wp\/v2\/users\/28"}],"replies":[{"embeddable":true,"href":"https:\/\/sanktlukas.se\/norrkoping\/wp-json\/wp\/v2\/comments?post=5"}],"version-history":[{"count":7,"href":"https:\/\/sanktlukas.se\/norrkoping\/wp-json\/wp\/v2\/pages\/5\/revisions"}],"predecessor-version":[{"id":332,"href":"https:\/\/sanktlukas.se\/norrkoping\/wp-json\/wp\/v2\/pages\/5\/revisions\/332"}],"wp:featuredmedia":[{"embeddable":true,"href":"https:\/\/sanktlukas.se\/norrkoping\/wp-json\/"}],"wp:attachment":[{"href":"https:\/\/sanktlukas.se\/norrkoping\/wp-json\/wp\/v2\/media?parent=5"}],"curies":[{"name":"wp","href":"https:\/\/api.w.org\/{rel}","templated":true}]}}