{"id":12,"date":"2016-01-15T15:11:58","date_gmt":"2016-01-15T14:11:58","guid":{"rendered":"https:\/\/sanktlukas.se\/orebro\/kontakt\/"},"modified":"2023-08-29T09:48:26","modified_gmt":"2023-08-29T07:48:26","slug":"kontakt","status":"publish","type":"page","link":"https:\/\/sanktlukas.se\/orebro\/kontakt\/","title":{"rendered":"Kontakt\/Intresseanm\u00e4lan"},"content":{"rendered":"\n<h2 class=\"wp-block-sanktlukas-genericheading headline headline--medium medium-green\">Kontakt\/Intresseanm\u00e4lan<\/h2>\n\n\n\n<div class=\"wp-block-sanktlukas-generictextblock textblock textblock--undefined\">V\u00e5r administrat\u00f6r \u00e4r tillg\u00e4nglig p\u00e5 telefonnummer <strong>019-10 40 33<\/strong> kontorstid.<br><br>Du kan \u00e4ven kontakta oss via epost:\u00a0<a href=\"mailto:orebro@sanktlukas.se\">orebro@sanktlukas.se<\/a>. Ange ditt namn och nummer s\u00e5 ringer vi upp!<br><br>Det g\u00e5r alltid att l\u00e4mna meddelande p\u00e5 telefonsvararen om ingen svarar, s\u00e5 \u00e5terkommer vi till dig s\u00e5 snart vi kan.<br><br>Filialen i Lindesberg, <a rel=\"noreferrer noopener\" href=\"https:\/\/www.google.se\/maps\/place\/Smedjegatan+13\/@59.5949049,15.2263284,17z\/data=!3m1!4b1!4m2!3m1!1s0x465c495a570f925d:0xbc780a016fd7cc37\" target=\"_blank\">Smedjegatan 13<\/a>,\u00a0 f\u00f6r anm\u00e4lan, v\u00e4lj n\u00e5got av ovanst\u00e5ende alternativ.<br><br><\/div>\n\n\n\n<h3 class=\"wp-block-sanktlukas-genericheading headline headline--small medium-green\">Varmt v\u00e4lkommen att kontakta oss<\/h3>\n\n\n\n<div class=\"wp-block-sanktlukas-generictextblock textblock textblock--undefined\">Fyll i dina kontaktuppgifter nedan s\u00e5 h\u00f6r vi av oss till dig inom kort.<\/div>\n\n\n\n<div class=\"wp-block-contact-form-7-contact-form-selector\">\n<div class=\"wpcf7 no-js\" id=\"wpcf7-f351-o1\" lang=\"sv-SE\" dir=\"ltr\" data-wpcf7-id=\"351\">\n<div class=\"screen-reader-response\"><p role=\"status\" aria-live=\"polite\" aria-atomic=\"true\"><\/p> <ul><\/ul><\/div>\n<form action=\"\/orebro\/wp-json\/wp\/v2\/pages\/12#wpcf7-f351-o1\" method=\"post\" class=\"wpcf7-form init\" aria-label=\"Kontaktformul\u00e4r\" novalidate=\"novalidate\" data-status=\"init\">\n<fieldset class=\"hidden-fields-container\"><input type=\"hidden\" name=\"_wpcf7\" value=\"351\" \/><input type=\"hidden\" name=\"_wpcf7_version\" value=\"6.1.5\" \/><input type=\"hidden\" name=\"_wpcf7_locale\" value=\"sv_SE\" \/><input type=\"hidden\" name=\"_wpcf7_unit_tag\" value=\"wpcf7-f351-o1\" \/><input type=\"hidden\" name=\"_wpcf7_container_post\" value=\"0\" \/><input type=\"hidden\" name=\"_wpcf7_posted_data_hash\" value=\"\" \/>\n<\/fieldset>\n<p><label> Ditt namn (obligatorisk)<br \/>\n<span class=\"wpcf7-form-control-wrap\" data-name=\"your-name\"><input size=\"40\" maxlength=\"400\" class=\"wpcf7-form-control wpcf7-text wpcf7-validates-as-required form-control\" aria-required=\"true\" aria-invalid=\"false\" value=\"\" type=\"text\" name=\"your-name\" \/><\/span> <\/label>\n<\/p>\n<p><label> F\u00f6retag\/Verksamhet<br \/>\n<span class=\"wpcf7-form-control-wrap\" data-name=\"your-organisation\"><input size=\"40\" maxlength=\"400\" class=\"wpcf7-form-control wpcf7-text\" aria-invalid=\"false\" value=\"\" type=\"text\" name=\"your-organisation\" \/><\/span> <\/label>\n<\/p>\n<p><label> Din epost (obligatorisk)<br \/>\n<span class=\"wpcf7-form-control-wrap\" data-name=\"your-email\"><input size=\"40\" maxlength=\"400\" class=\"wpcf7-form-control wpcf7-email wpcf7-validates-as-required wpcf7-text wpcf7-validates-as-email form-control\" aria-required=\"true\" aria-invalid=\"false\" value=\"\" type=\"email\" name=\"your-email\" \/><\/span> <\/label>\n<\/p>\n<p><label> Ditt telefonnummer (obligatorisk)<br \/>\n<span class=\"wpcf7-form-control-wrap\" data-name=\"your-mobile\"><input size=\"40\" maxlength=\"400\" class=\"wpcf7-form-control wpcf7-text wpcf7-validates-as-required form-control\" aria-required=\"true\" aria-invalid=\"false\" value=\"\" type=\"text\" name=\"your-mobile\" \/><\/span> <\/label>\n<\/p>\n<p><label> Meddelande (valfritt)<br \/>\n<span class=\"wpcf7-form-control-wrap\" data-name=\"your-message\"><textarea cols=\"40\" rows=\"10\" maxlength=\"2000\" class=\"wpcf7-form-control wpcf7-textarea form-control\" aria-invalid=\"false\" name=\"your-message\"><\/textarea><\/span> <\/label>\n<\/p>\n<p><input class=\"wpcf7-form-control wpcf7-submit has-spinner btn btn-default\" type=\"submit\" value=\"Skicka\" \/>\n<\/p><div class=\"wpcf7-response-output\" aria-hidden=\"true\"><\/div>\n<\/form>\n<\/div>\n<\/div>\n","protected":false},"excerpt":{"rendered":"","protected":false},"author":3,"featured_media":-1,"parent":0,"menu_order":0,"comment_status":"closed","ping_status":"closed","template":"template-contact.php","meta":{"_acf_changed":false,"footnotes":""},"class_list":["post-12","page","type-page","status-publish","has-post-thumbnail","hentry"],"acf":[],"_links":{"self":[{"href":"https:\/\/sanktlukas.se\/orebro\/wp-json\/wp\/v2\/pages\/12","targetHints":{"allow":["GET"]}}],"collection":[{"href":"https:\/\/sanktlukas.se\/orebro\/wp-json\/wp\/v2\/pages"}],"about":[{"href":"https:\/\/sanktlukas.se\/orebro\/wp-json\/wp\/v2\/types\/page"}],"author":[{"embeddable":true,"href":"https:\/\/sanktlukas.se\/orebro\/wp-json\/wp\/v2\/users\/3"}],"replies":[{"embeddable":true,"href":"https:\/\/sanktlukas.se\/orebro\/wp-json\/wp\/v2\/comments?post=12"}],"version-history":[{"count":44,"href":"https:\/\/sanktlukas.se\/orebro\/wp-json\/wp\/v2\/pages\/12\/revisions"}],"predecessor-version":[{"id":580,"href":"https:\/\/sanktlukas.se\/orebro\/wp-json\/wp\/v2\/pages\/12\/revisions\/580"}],"wp:featuredmedia":[{"embeddable":true,"href":"https:\/\/sanktlukas.se\/orebro\/wp-json\/"}],"wp:attachment":[{"href":"https:\/\/sanktlukas.se\/orebro\/wp-json\/wp\/v2\/media?parent=12"}],"curies":[{"name":"wp","href":"https:\/\/api.w.org\/{rel}","templated":true}]}}