{"id":150,"date":"2016-06-27T15:35:35","date_gmt":"2016-06-27T13:35:35","guid":{"rendered":"https:\/\/sanktlukas.se\/orebro\/?page_id=150"},"modified":"2024-05-24T14:11:20","modified_gmt":"2024-05-24T12:11:20","slug":"bli-medlem","status":"publish","type":"page","link":"https:\/\/sanktlukas.se\/orebro\/foreningen\/bli-medlem\/","title":{"rendered":"Bli medlem"},"content":{"rendered":"<p>Du som \u00e4r intresserad av existentiella samtal och vill att psykoterapi ska vara tillg\u00e4ngligt f\u00f6r alla som beh\u00f6ver, st\u00f6tta oss genom att bli medlem!<\/p>\n<p>Som medlem kan du st\u00f6dja och vara med och p\u00e5verka f\u00f6reningens verksamhet, och du blir inbjuden till v\u00e5ra programaktiviteter. Genom att st\u00f6tta S:t Lukas i\u00a0\u00d6rebro\u00a0\u00e4r du med och v\u00e4rnar det goda samtalet som g\u00f6r att vi kan v\u00e4xa som m\u00e4nniskor.\u00a0\u00c4r du beteendevetare eller har erfarenhet av m\u00e4nniskov\u00e5rdande yrke kan du delta som volont\u00e4r i v\u00e5r chatt Nicodemus. D\u00e4r st\u00f6ttar vi ungdommar som\u00a0vill diskutera sv\u00e5ra fr\u00e5gor.<\/p>\n<p>Bli medlem genom att s\u00e4tta in\u00a0\u00e5rsavgiften 150 kr till\u00a0bankgiro\u00a05805-9296.<\/p>\n<p>M\u00e4rk inbetalningsavin med namn, adress, epost, tel nr samt &#8221;\u00e5rsavgift&#8221;.<\/p>\n<p>&nbsp;<\/p>\n","protected":false},"excerpt":{"rendered":"<p>Du som \u00e4r intresserad av existentiella samtal och vill att psykoterapi ska vara tillg\u00e4ngligt f\u00f6r alla som beh\u00f6ver, st\u00f6tta oss genom att bli medlem! Som medlem kan du st\u00f6dja och vara med och p\u00e5verka f\u00f6reningens verksamhet, och du blir inbjuden till v\u00e5ra programaktiviteter. Genom att st\u00f6tta S:t Lukas i\u00a0\u00d6rebro\u00a0\u00e4r du med och v\u00e4rnar det goda [&hellip;]<\/p>\n","protected":false},"author":5,"featured_media":0,"parent":8,"menu_order":0,"comment_status":"closed","ping_status":"closed","template":"mall-sidomeny-utan-banner","meta":{"_acf_changed":false,"footnotes":""},"class_list":["post-150","page","type-page","status-publish","hentry"],"acf":[],"_links":{"self":[{"href":"https:\/\/sanktlukas.se\/orebro\/wp-json\/wp\/v2\/pages\/150","targetHints":{"allow":["GET"]}}],"collection":[{"href":"https:\/\/sanktlukas.se\/orebro\/wp-json\/wp\/v2\/pages"}],"about":[{"href":"https:\/\/sanktlukas.se\/orebro\/wp-json\/wp\/v2\/types\/page"}],"author":[{"embeddable":true,"href":"https:\/\/sanktlukas.se\/orebro\/wp-json\/wp\/v2\/users\/5"}],"replies":[{"embeddable":true,"href":"https:\/\/sanktlukas.se\/orebro\/wp-json\/wp\/v2\/comments?post=150"}],"version-history":[{"count":1,"href":"https:\/\/sanktlukas.se\/orebro\/wp-json\/wp\/v2\/pages\/150\/revisions"}],"predecessor-version":[{"id":152,"href":"https:\/\/sanktlukas.se\/orebro\/wp-json\/wp\/v2\/pages\/150\/revisions\/152"}],"up":[{"embeddable":true,"href":"https:\/\/sanktlukas.se\/orebro\/wp-json\/wp\/v2\/pages\/8"}],"wp:attachment":[{"href":"https:\/\/sanktlukas.se\/orebro\/wp-json\/wp\/v2\/media?parent=150"}],"curies":[{"name":"wp","href":"https:\/\/api.w.org\/{rel}","templated":true}]}}