{"id":70,"date":"2016-01-28T14:14:58","date_gmt":"2016-01-28T13:14:58","guid":{"rendered":"https:\/\/sanktlukas.se\/orebro\/?page_id=70"},"modified":"2025-04-04T13:19:07","modified_gmt":"2025-04-04T11:19:07","slug":"utbildning","status":"publish","type":"page","link":"https:\/\/sanktlukas.se\/orebro\/utbildning\/","title":{"rendered":"Utbildning"},"content":{"rendered":"<h3>Vi erbjuder olika typer av utbildning och kompetensutveckling kring \u00e4mnen som r\u00f6r relationer, samtalsmetodik, konflikthantering, organisationsutveckling m.m.<\/h3>\n<p>N\u00e5gra exempel p\u00e5 omr\u00e5den:<\/p>\n<ul>\n<li>Chefs- och ledarskap<\/li>\n<li>Mentalisering<\/li>\n<li>Trauma<\/li>\n<li>Anknytningsteori<\/li>\n<li>Stress, \u00e5ngest och depression<\/li>\n<li>Relationella perspektiv p\u00e5 behandling<\/li>\n<\/ul>\n<h3>Vi skr\u00e4ddarsyr efter era behov<em>.<\/em><\/h3>\n<p>Kontakta oss p\u00e5 mottagningens telefon 019-10 40 33 eller Verksamhetschef Patrik Karlsson-S\u00f6derstr\u00f6m 070-878 02 91.<\/p>\n","protected":false},"excerpt":{"rendered":"<p>Vi erbjuder olika typer av utbildning och kompetensutveckling kring \u00e4mnen som r\u00f6r relationer, samtalsmetodik, konflikthantering, organisationsutveckling m.m. N\u00e5gra exempel p\u00e5 omr\u00e5den: Chefs- och ledarskap Mentalisering Trauma Anknytningsteori Stress, \u00e5ngest och depression Relationella perspektiv p\u00e5 behandling Vi skr\u00e4ddarsyr efter era behov. Kontakta oss p\u00e5 mottagningens telefon 019-10 40 33 eller Verksamhetschef Patrik Karlsson-S\u00f6derstr\u00f6m 070-878 02 91.<\/p>\n","protected":false},"author":3,"featured_media":0,"parent":0,"menu_order":0,"comment_status":"closed","ping_status":"closed","template":"mall-sidomeny-utan-banner","meta":{"_acf_changed":false,"footnotes":""},"class_list":["post-70","page","type-page","status-publish","hentry"],"acf":[],"_links":{"self":[{"href":"https:\/\/sanktlukas.se\/orebro\/wp-json\/wp\/v2\/pages\/70","targetHints":{"allow":["GET"]}}],"collection":[{"href":"https:\/\/sanktlukas.se\/orebro\/wp-json\/wp\/v2\/pages"}],"about":[{"href":"https:\/\/sanktlukas.se\/orebro\/wp-json\/wp\/v2\/types\/page"}],"author":[{"embeddable":true,"href":"https:\/\/sanktlukas.se\/orebro\/wp-json\/wp\/v2\/users\/3"}],"replies":[{"embeddable":true,"href":"https:\/\/sanktlukas.se\/orebro\/wp-json\/wp\/v2\/comments?post=70"}],"version-history":[{"count":11,"href":"https:\/\/sanktlukas.se\/orebro\/wp-json\/wp\/v2\/pages\/70\/revisions"}],"predecessor-version":[{"id":682,"href":"https:\/\/sanktlukas.se\/orebro\/wp-json\/wp\/v2\/pages\/70\/revisions\/682"}],"wp:attachment":[{"href":"https:\/\/sanktlukas.se\/orebro\/wp-json\/wp\/v2\/media?parent=70"}],"curies":[{"name":"wp","href":"https:\/\/api.w.org\/{rel}","templated":true}]}}