{"id":8,"date":"2016-01-15T15:11:56","date_gmt":"2016-01-15T14:11:56","guid":{"rendered":"https:\/\/sanktlukas.se\/orebro\/foreningen\/"},"modified":"2024-10-24T13:43:28","modified_gmt":"2024-10-24T11:43:28","slug":"foreningen","status":"publish","type":"page","link":"https:\/\/sanktlukas.se\/orebro\/foreningen\/","title":{"rendered":"F\u00f6reningen"},"content":{"rendered":"\n<p>S:t Lukas \u00e4r en riksomfattande ideell och allm\u00e4nnyttig organisation med trettiotal&nbsp;f\u00f6reningar i landet. Organisationen bildades 1939 av l\u00e4kare, pr\u00e4ster och socialarbetare.<\/p>\n\n\n\n<p>Den b\u00e4rande id\u00e9n var en gemensam syn p\u00e5 m\u00e4nniskan som en helhet med s\u00e5v\u00e4l fysiska, psykiska som existentiella och andliga behov. Med \u00f6ppenhet och respekt ville man ge m\u00e4nniskor m\u00f6jlighet att arbeta med sina psykiska problem och livsfr\u00e5gor. Tron p\u00e5 m\u00e4nniskans egna inre l\u00e4kande krafter och m\u00f6jligheter till personlig utveckling \u00e4r central f\u00f6r&nbsp;S:t Lukas.<\/p>\n\n\n\n<p>S:t Lukas vill fr\u00e4mja samarbetet mellan f\u00f6retr\u00e4dare f\u00f6r&nbsp;m\u00e4nniskov\u00e5rdande yrken, samt&nbsp;informera och v\u00e4cka opinion i fr\u00e5gor som r\u00f6r det inre livets betydelse f\u00f6r individer, grupper och organisationer.<\/p>\n\n\n\n<p>F\u00f6reningen i&nbsp;\u00d6rebro&nbsp;\u00e4r en sj\u00e4lvst\u00e4ndig ideel f\u00f6rening och ansluten till riksorganisationen F\u00f6rbundet S:t Lukas och \u00e4r&nbsp;huvudman f\u00f6r&nbsp;psykoterapimottagningen i&nbsp;\u00d6rebro.<\/p>\n\n\n\n<p>\u00d6rebro i oktober 2024<\/p>\n\n\n\n<p>B\u00e4sta medlemmar i S:t Lukas \u00d6rebro!<\/p>\n\n\n\n<p>Mottagningen i \u00d6rebro 60 \u00e5r.<\/p>\n\n\n\n<p>V\u00e5r f\u00f6rening fyller 60 \u00e5r, n\u00e5got som \u00e4r v\u00e4rt att uppm\u00e4rksamma. Vi kan konstatera att efterfr\u00e5gan av v\u00e5ra tj\u00e4nster \u00e4r fortsatt stor d\u00e5 vi har ett gott renomm\u00e9 i staden. V\u00e5r verksamhetschef, Patrik Karlsson-S\u00f6derberg leder verksamheten och utveckling p\u00e5 ett tryggt s\u00e4tt. Mottagningen \u00e4r inne i ett f\u00f6r\u00e4ndringsskeende, i och med att flera i personalen slutar p\u00e5 grund av pensionering. I det n\u00e4rmaste h\u00e4lften av v\u00e5r personal byts ut inom en period av 3 \u2013 4 \u00e5r. Vi \u00e4r tacksamma att nyrekryteringen g\u00e5r bra och ser med tillf\u00f6rsikt mot framtiden med en v\u00e4xande samtalsmottagning.<\/p>\n\n\n\n<p>Sj\u00e4lva firandet \u00e4ger rum den 9 december \u2013 se nedan!<\/p>\n\n\n\n<p>Program under h\u00f6sten<\/p>\n\n\n\n<p>\u00d8 Den 11 november inbjuder vi till samtalskv\u00e4ll, d\u00e4r vi f\u00e5r lyssna till ett samtal mellan Lovisa Bonerf\u00e4lt och Christina Holmqvist. (Se bifogade info.)<\/p>\n\n\n\n<p>\u00d8 Den 9 december firar vi v\u00e5ra 60 \u00e5r. Vi samlas i Centrumg\u00e5rden\/Betelkyrkan kl 17. Kv\u00e4llen inleds med att Lars\u00e5ke W Persson, som har mer \u00e4n 40 \u00e5rs erfarenhet som pastor, terapeut och sj\u00e4lav\u00e5rdare, ber\u00e4ttar och reflekterar kring S:t Lukas historia och roll i dagens samh\u00e4lle.<\/p>\n\n\n\n<p>Vid 17.30 bjuder f\u00f6reningen p\u00e5 l\u00e4ttare f\u00f6rt\u00e4ring f\u00f6r att fira v\u00e5r 60-\u00e5ring<\/p>\n\n\n\n<p>Vid 18-tiden forts\u00e4tter kv\u00e4llen med ett samtal mellan Lars\u00e5ke W Persson och Maria Palmblad \u00f6ver \u00e4mnet \u201dHur hel kan man bli\u201d. M\u00f6jlighet till fr\u00e5gor!<\/p>\n\n\n\n<p>V\u00e4lkommen till tv\u00e5 intressanta kv\u00e4llar.<\/p>\n\n\n\n<p>F\u00f6r att l\u00e4ttare och snabbare kunna kontakta er medlemmar vill vi g\u00e4rna att ni meddelar er epostadress till oss. Skicka uppgiften till <a href=\"mailto:orebro@sanktlukas.se\">orebro@sanktlukas.se<\/a>.<\/p>\n\n\n\n<p>Tack f\u00f6r att du kommer ih\u00e5g att betala \u00e5rsavgiften f\u00f6r 2024, 150 kr till bankgiro 5805\u20139296. M\u00e4rk inbetalningsavin med namn, adress, tel. nr samt \u201d\u00e5rsavgift\u201d.<\/p>\n\n\n\n<p>Med v\u00e4nliga h\u00e4lsningar<\/p>\n\n\n\n<p>Johnny Albenius Ordf\u00f6rande<\/p>\n\n\n\n<p>S:t Lukas \u00d6rebro<\/p>\n","protected":false},"excerpt":{"rendered":"<p>S:t Lukas \u00e4r en riksomfattande ideell och allm\u00e4nnyttig organisation med trettiotal&nbsp;f\u00f6reningar i landet. Organisationen bildades 1939 av l\u00e4kare, pr\u00e4ster och socialarbetare. Den b\u00e4rande id\u00e9n var en gemensam syn p\u00e5 m\u00e4nniskan som en helhet med s\u00e5v\u00e4l fysiska, psykiska som existentiella och andliga behov. Med \u00f6ppenhet och respekt ville man ge m\u00e4nniskor m\u00f6jlighet att arbeta med sina [&hellip;]<\/p>\n","protected":false},"author":3,"featured_media":-1,"parent":0,"menu_order":0,"comment_status":"closed","ping_status":"closed","template":"mall-sidomeny-utan-banner","meta":{"_acf_changed":false,"footnotes":""},"class_list":["post-8","page","type-page","status-publish","has-post-thumbnail","hentry"],"acf":[],"_links":{"self":[{"href":"https:\/\/sanktlukas.se\/orebro\/wp-json\/wp\/v2\/pages\/8","targetHints":{"allow":["GET"]}}],"collection":[{"href":"https:\/\/sanktlukas.se\/orebro\/wp-json\/wp\/v2\/pages"}],"about":[{"href":"https:\/\/sanktlukas.se\/orebro\/wp-json\/wp\/v2\/types\/page"}],"author":[{"embeddable":true,"href":"https:\/\/sanktlukas.se\/orebro\/wp-json\/wp\/v2\/users\/3"}],"replies":[{"embeddable":true,"href":"https:\/\/sanktlukas.se\/orebro\/wp-json\/wp\/v2\/comments?post=8"}],"version-history":[{"count":14,"href":"https:\/\/sanktlukas.se\/orebro\/wp-json\/wp\/v2\/pages\/8\/revisions"}],"predecessor-version":[{"id":643,"href":"https:\/\/sanktlukas.se\/orebro\/wp-json\/wp\/v2\/pages\/8\/revisions\/643"}],"wp:featuredmedia":[{"embeddable":true,"href":"https:\/\/sanktlukas.se\/orebro\/wp-json\/"}],"wp:attachment":[{"href":"https:\/\/sanktlukas.se\/orebro\/wp-json\/wp\/v2\/media?parent=8"}],"curies":[{"name":"wp","href":"https:\/\/api.w.org\/{rel}","templated":true}]}}