{"id":128,"date":"2023-05-08T16:26:21","date_gmt":"2023-05-08T14:26:21","guid":{"rendered":"https:\/\/sanktlukas.se\/skaraborg\/?page_id=128"},"modified":"2025-12-02T14:55:47","modified_gmt":"2025-12-02T13:55:47","slug":"avbokningsregler","status":"publish","type":"page","link":"https:\/\/sanktlukas.se\/skaraborg\/avbokningsregler\/","title":{"rendered":"Avbokningsregler"},"content":{"rendered":"\n<h2 class=\"wp-block-sanktlukas-genericheading headline headline--medium medium-green\">Avbokningsregler<\/h2>\n\n\n\n<div class=\"wp-block-sanktlukas-generictextblock textblock textblock--undefined\">Avbokning eller ombokning av tid skall g\u00f6ras senast 48 timmar innan det bokade bes\u00f6ket. Betalar din arbetsgivare eller f\u00f6rs\u00e4kringsbolag f\u00f6r dina samtal kan du omfattas av s\u00e4rskilda avbokningsregler baserat p\u00e5 ert avtal.<br>F\u00f6r dig som privatbetalande \u00e4r avbokningsregeln senast 24 timmar innan det bokade bes\u00f6ket.<br>Sen avbokning samt uteblivet bes\u00f6k debiteras med full taxa. Avbokning\/ombokning g\u00f6rs direkt till din behandlare via sms, mail eller telefon \u2013 kontaktuppgifter hittar du <a href=\"https:\/\/sanktlukas.se\/skaraborg\/personal\/\">h\u00e4r<\/a>.<\/div>\n\n\n\n<p><\/p>\n","protected":false},"excerpt":{"rendered":"","protected":false},"author":3,"featured_media":0,"parent":0,"menu_order":0,"comment_status":"closed","ping_status":"closed","template":"","meta":{"_acf_changed":false,"footnotes":""},"class_list":["post-128","page","type-page","status-publish","hentry"],"acf":[],"_links":{"self":[{"href":"https:\/\/sanktlukas.se\/skaraborg\/wp-json\/wp\/v2\/pages\/128","targetHints":{"allow":["GET"]}}],"collection":[{"href":"https:\/\/sanktlukas.se\/skaraborg\/wp-json\/wp\/v2\/pages"}],"about":[{"href":"https:\/\/sanktlukas.se\/skaraborg\/wp-json\/wp\/v2\/types\/page"}],"author":[{"embeddable":true,"href":"https:\/\/sanktlukas.se\/skaraborg\/wp-json\/wp\/v2\/users\/3"}],"replies":[{"embeddable":true,"href":"https:\/\/sanktlukas.se\/skaraborg\/wp-json\/wp\/v2\/comments?post=128"}],"version-history":[{"count":2,"href":"https:\/\/sanktlukas.se\/skaraborg\/wp-json\/wp\/v2\/pages\/128\/revisions"}],"predecessor-version":[{"id":254,"href":"https:\/\/sanktlukas.se\/skaraborg\/wp-json\/wp\/v2\/pages\/128\/revisions\/254"}],"wp:attachment":[{"href":"https:\/\/sanktlukas.se\/skaraborg\/wp-json\/wp\/v2\/media?parent=128"}],"curies":[{"name":"wp","href":"https:\/\/api.w.org\/{rel}","templated":true}]}}