{"id":5,"date":"2016-05-26T06:02:56","date_gmt":"2016-05-26T04:02:56","guid":{"rendered":"https:\/\/sanktlukas.se\/skaraborg\/kontakt\/"},"modified":"2025-12-02T14:56:22","modified_gmt":"2025-12-02T13:56:22","slug":"kontakt","status":"publish","type":"page","link":"https:\/\/sanktlukas.se\/skaraborg\/kontakt\/","title":{"rendered":"Kontakt"},"content":{"rendered":"\n<h2 class=\"wp-block-sanktlukas-genericheading headline headline--medium medium-green\">V\u00e4lkommen till\u00a0mottagningen i Skaraborg<\/h2>\n\n\n\n<div class=\"wp-block-sanktlukas-generictextblock textblock textblock--undefined\">S:t Lukas i Skaraborg \u00e4r till f\u00f6r dig som genom samtal vill bearbeta personliga problem\u00a0av tillf\u00e4llig eller mer djupg\u00e5ende art.\u00a0Vi \u00e4r professionella terapeuter och tystnadsplikt g\u00e4ller alltid hos oss.<br><\/div>\n\n\n\n<div class=\"wp-block-sanktlukas-generictextblock textblock textblock--undefined\"><br>Du kan s\u00f6ka hj\u00e4lp hos oss av m\u00e5nga anledningar, exempelvis:<br><\/div>\n\n\n\n<ul class=\"wp-block-list\">\n<li>Utbr\u00e4ndhet och tr\u00f6tthetssyndrom<\/li>\n\n\n\n<li>Depression och \u00e5ngest<\/li>\n\n\n\n<li>Livskriser, sorger och f\u00f6rluster av olika slag<\/li>\n\n\n\n<li>Bearbetning efter sjukdomsuppt\u00e4ckt eller operation<\/li>\n\n\n\n<li>Existentiella livskriser och fr\u00e5gest\u00e4llningar<\/li>\n\n\n\n<li>Relationsproblem i yrkesliv eller privatliv<\/li>\n\n\n\n<li>Vid olyckor som p\u00e5verkat din livssituation<\/li>\n<\/ul>\n\n\n\n<div class=\"wp-block-sanktlukas-generictextblock textblock textblock--undefined\">Du kan komma till oss p\u00e5 eget initiativ eller via ett avtal med din arbetsgivare. F\u00f6rsta bes\u00f6ket best\u00e5r alltid av ett orienterande samtal d\u00e4r vi tar reda p\u00e5 varf\u00f6r du s\u00f6ker och hur vi kan hj\u00e4lpa dig.<br><br>Vi kallar den som s\u00f6ker hj\u00e4lp hos oss f\u00f6r konfident. Det betyder att vi m\u00f6ter dig i en f\u00f6rtrolig och respektfull relation, d\u00e4r ingenting som s\u00e4gs eller h\u00e4nder under v\u00e5ra m\u00f6ten f\u00f6rs vidare.<\/div>\n\n\n\n<h3 class=\"wp-block-sanktlukas-genericheading headline headline--small medium-green\">V\u00e5ra priser f\u00f6r dig som privatbetalande<\/h3>\n\n\n\n<div class=\"wp-block-sanktlukas-generictextblock textblock textblock--undefined\"><strong>Priser t.o.m 31\/12 2025<\/strong><br>Individuellt samtal\u00a0 \u00a0 \u00a0 \u00a0 1.100 kr\/timme (45 min samtal, 15 min adm)<br>Parsamtal\u00a0 \u00a0 \u00a0 \u00a0 \u00a0 \u00a0 \u00a0 \u00a0 \u00a0 \u00a0 \u00a0 2.250 kr\/90 min, 1.500 kr\/60 min.<br><br><strong>Nya priser fr.o.m 1\/1 2026<br><\/strong>Individuellt samtal\u00a0 \u00a0 \u00a0 \u00a0 1.170 kr\/timme (45 min samtal, 15 min adm)<br>Parsamtal\u00a0 \u00a0 \u00a0 \u00a0 \u00a0 \u00a0 \u00a0 \u00a0 \u00a0 \u00a0 \u00a0 2.400 kr\/90 min, 1.600 kr\/60 min.<\/div>\n\n\n\n<h3 class=\"wp-block-sanktlukas-genericheading headline headline--small medium-green\">Mottagningen<\/h3>\n\n\n\n<div class=\"wp-block-sanktlukas-generictextblock textblock textblock--undefined\">Vill du best\u00e4lla tid eller samtala om v\u00e5rt utbud kan du ringa oss p\u00e5 0500-49 41 42.<\/div>\n","protected":false},"excerpt":{"rendered":"","protected":false},"author":3,"featured_media":-1,"parent":0,"menu_order":0,"comment_status":"closed","ping_status":"closed","template":"template-contact.php","meta":{"_acf_changed":false,"footnotes":""},"class_list":["post-5","page","type-page","status-publish","has-post-thumbnail","hentry"],"acf":[],"_links":{"self":[{"href":"https:\/\/sanktlukas.se\/skaraborg\/wp-json\/wp\/v2\/pages\/5","targetHints":{"allow":["GET"]}}],"collection":[{"href":"https:\/\/sanktlukas.se\/skaraborg\/wp-json\/wp\/v2\/pages"}],"about":[{"href":"https:\/\/sanktlukas.se\/skaraborg\/wp-json\/wp\/v2\/types\/page"}],"author":[{"embeddable":true,"href":"https:\/\/sanktlukas.se\/skaraborg\/wp-json\/wp\/v2\/users\/3"}],"replies":[{"embeddable":true,"href":"https:\/\/sanktlukas.se\/skaraborg\/wp-json\/wp\/v2\/comments?post=5"}],"version-history":[{"count":12,"href":"https:\/\/sanktlukas.se\/skaraborg\/wp-json\/wp\/v2\/pages\/5\/revisions"}],"predecessor-version":[{"id":255,"href":"https:\/\/sanktlukas.se\/skaraborg\/wp-json\/wp\/v2\/pages\/5\/revisions\/255"}],"wp:featuredmedia":[{"embeddable":true,"href":"https:\/\/sanktlukas.se\/skaraborg\/wp-json\/"}],"wp:attachment":[{"href":"https:\/\/sanktlukas.se\/skaraborg\/wp-json\/wp\/v2\/media?parent=5"}],"curies":[{"name":"wp","href":"https:\/\/api.w.org\/{rel}","templated":true}]}}