{"id":11,"date":"2016-06-12T13:52:50","date_gmt":"2016-06-12T11:52:50","guid":{"rendered":"https:\/\/sanktlukas.se\/skelleftea\/?page_id=11"},"modified":"2016-06-12T13:56:30","modified_gmt":"2016-06-12T11:56:30","slug":"bli-medlem","status":"publish","type":"page","link":"https:\/\/sanktlukas.se\/skelleftea\/foreningen\/bli-medlem\/","title":{"rendered":"Bli medlem"},"content":{"rendered":"<p>Du som \u00e4r intresserad av existentiella samtal och vill att psykoterapi ska vara tillg\u00e4ngligt f\u00f6r alla som beh\u00f6ver, st\u00f6tta oss genom att bli medlem!<\/p>\n<p>Bli medlem genom att s\u00e4tta in\u00a0\u00e5rsavgiften 100 kr till Plusgiro 399541-5 eller bankgiro 5856-3636.<\/p>\n<p>M\u00e4rk inbetalningsavin med namn, adress, epost, tel nr samt &#8221;\u00e5rsavgift&#8221;.<\/p>\n<p>&nbsp;<\/p>\n","protected":false},"excerpt":{"rendered":"<p>Du som \u00e4r intresserad av existentiella samtal och vill att psykoterapi ska vara tillg\u00e4ngligt f\u00f6r alla som beh\u00f6ver, st\u00f6tta oss genom att bli medlem! Bli medlem genom att s\u00e4tta in\u00a0\u00e5rsavgiften 100 kr till Plusgiro 399541-5 eller bankgiro 5856-3636. M\u00e4rk inbetalningsavin med namn, adress, epost, tel nr samt &#8221;\u00e5rsavgift&#8221;. &nbsp;<\/p>\n","protected":false},"author":5,"featured_media":0,"parent":1,"menu_order":0,"comment_status":"closed","ping_status":"closed","template":"","meta":{"_acf_changed":false,"footnotes":""},"class_list":["post-11","page","type-page","status-publish","hentry"],"acf":[],"_links":{"self":[{"href":"https:\/\/sanktlukas.se\/skelleftea\/wp-json\/wp\/v2\/pages\/11","targetHints":{"allow":["GET"]}}],"collection":[{"href":"https:\/\/sanktlukas.se\/skelleftea\/wp-json\/wp\/v2\/pages"}],"about":[{"href":"https:\/\/sanktlukas.se\/skelleftea\/wp-json\/wp\/v2\/types\/page"}],"author":[{"embeddable":true,"href":"https:\/\/sanktlukas.se\/skelleftea\/wp-json\/wp\/v2\/users\/5"}],"replies":[{"embeddable":true,"href":"https:\/\/sanktlukas.se\/skelleftea\/wp-json\/wp\/v2\/comments?post=11"}],"version-history":[{"count":3,"href":"https:\/\/sanktlukas.se\/skelleftea\/wp-json\/wp\/v2\/pages\/11\/revisions"}],"predecessor-version":[{"id":15,"href":"https:\/\/sanktlukas.se\/skelleftea\/wp-json\/wp\/v2\/pages\/11\/revisions\/15"}],"up":[{"embeddable":true,"href":"https:\/\/sanktlukas.se\/skelleftea\/wp-json\/wp\/v2\/pages\/1"}],"wp:attachment":[{"href":"https:\/\/sanktlukas.se\/skelleftea\/wp-json\/wp\/v2\/media?parent=11"}],"curies":[{"name":"wp","href":"https:\/\/api.w.org\/{rel}","templated":true}]}}