{"id":41,"date":"2016-09-11T22:27:40","date_gmt":"2016-09-11T20:27:40","guid":{"rendered":"https:\/\/sanktlukas.se\/skelleftea\/?page_id=41"},"modified":"2026-02-11T11:11:37","modified_gmt":"2026-02-11T10:11:37","slug":"utbildningar-och-forelasningar","status":"publish","type":"page","link":"https:\/\/sanktlukas.se\/skelleftea\/utbildningar-och-forelasningar\/","title":{"rendered":"Utbildningar och f\u00f6rel\u00e4sningar"},"content":{"rendered":"<p>Fortbildning \u00e4r en n\u00f6dv\u00e4ndig del i kompetensutvecklingen och kan medverka till att man v\u00e5gar ta sig an nya arbetsuppgifter, men \u00e4ven \u00f6ka motivationen i det dagliga arbetet. Det \u00e4r ocks\u00e5 v\u00e4rdefullt att dela egna arbetserfarenheter med yrkesverksamma fr\u00e5n andra orter och\/eller andra arbetsplatser. Vi erbjuder utbildningar eller f\u00f6rel\u00e4sningar som kan &#8221;skr\u00e4ddarsys&#8221; f\u00f6r olika verksamheter.<\/p>\n<p>Exempel p\u00e5 utbildningar som vi har erfarenhet av:<\/p>\n<ul>\n<li>&#8221;Att m\u00f6ta familjer inom psykiatrin\/socialtj\u00e4nsten etc.&#8221; (olika organisationer och verksamheter; omfattning\u00a0c:a 50\u00a0 timmar)<\/li>\n<li>&#8221;Utbildning i att m\u00f6ta n\u00e4tverk&#8221; (omfattning c:a 20 timmar)<\/li>\n<li>&#8221;Det professionella samtalet&#8221;<\/li>\n<li>Kommunikation<\/li>\n<li>Grundl\u00e4ggande psykoterapiutbildning (Steg 1)<\/li>\n<li>F\u00f6rel\u00e4sningar inom psykoterapeututbildningen (steg 2)<\/li>\n<\/ul>\n<p>F\u00f6rel\u00e4sningar:<\/p>\n<ul>\n<li>Barn och sorg<\/li>\n<li>Att m\u00f6ta m\u00e4nniskor i kris<\/li>\n<li>Anknytning, utvecklingstrauma<\/li>\n<li>Stress<\/li>\n<li>Trauma, traumamedveten omsorg<\/li>\n<li>Psykologisk trygghet<\/li>\n<li>Handledning i f\u00f6rebyggande syfte<\/li>\n<li>\u00a0<\/li>\n<\/ul>\n\n\n<p><\/p>\n","protected":false},"excerpt":{"rendered":"<p>Fortbildning \u00e4r en n\u00f6dv\u00e4ndig del i kompetensutvecklingen och kan medverka till att man v\u00e5gar ta sig an nya arbetsuppgifter, men \u00e4ven \u00f6ka motivationen i det dagliga arbetet. Det \u00e4r ocks\u00e5 v\u00e4rdefullt att dela egna arbetserfarenheter med yrkesverksamma fr\u00e5n andra orter och\/eller andra arbetsplatser. Vi erbjuder utbildningar eller f\u00f6rel\u00e4sningar som kan &#8221;skr\u00e4ddarsys&#8221; f\u00f6r olika verksamheter. Exempel [&hellip;]<\/p>\n","protected":false},"author":3,"featured_media":-1,"parent":0,"menu_order":0,"comment_status":"closed","ping_status":"closed","template":"","meta":{"_acf_changed":false,"footnotes":""},"class_list":["post-41","page","type-page","status-publish","has-post-thumbnail","hentry"],"acf":[],"_links":{"self":[{"href":"https:\/\/sanktlukas.se\/skelleftea\/wp-json\/wp\/v2\/pages\/41","targetHints":{"allow":["GET"]}}],"collection":[{"href":"https:\/\/sanktlukas.se\/skelleftea\/wp-json\/wp\/v2\/pages"}],"about":[{"href":"https:\/\/sanktlukas.se\/skelleftea\/wp-json\/wp\/v2\/types\/page"}],"author":[{"embeddable":true,"href":"https:\/\/sanktlukas.se\/skelleftea\/wp-json\/wp\/v2\/users\/3"}],"replies":[{"embeddable":true,"href":"https:\/\/sanktlukas.se\/skelleftea\/wp-json\/wp\/v2\/comments?post=41"}],"version-history":[{"count":9,"href":"https:\/\/sanktlukas.se\/skelleftea\/wp-json\/wp\/v2\/pages\/41\/revisions"}],"predecessor-version":[{"id":192,"href":"https:\/\/sanktlukas.se\/skelleftea\/wp-json\/wp\/v2\/pages\/41\/revisions\/192"}],"wp:featuredmedia":[{"embeddable":true,"href":"https:\/\/sanktlukas.se\/skelleftea\/wp-json\/"}],"wp:attachment":[{"href":"https:\/\/sanktlukas.se\/skelleftea\/wp-json\/wp\/v2\/media?parent=41"}],"curies":[{"name":"wp","href":"https:\/\/api.w.org\/{rel}","templated":true}]}}