{"id":4,"date":"2016-10-26T12:19:05","date_gmt":"2016-10-26T10:19:05","guid":{"rendered":"https:\/\/sanktlukas.se\/sodertalje\/?page_id=4"},"modified":"2022-11-04T14:19:48","modified_gmt":"2022-11-04T13:19:48","slug":"kontakt","status":"publish","type":"page","link":"https:\/\/sanktlukas.se\/sodertalje\/kontakt\/","title":{"rendered":"Kontakt"},"content":{"rendered":"<h4>S:t Lukas psykoterapimottagning i S\u00f6dert\u00e4lje \u00e4r en filial till S:t Lukas i J\u00e4rf\u00e4lla.<\/h4>\n<p><strong>Fr\u00e5n och med 1 november 2022 kan vi inte l\u00e4ngre erbjuda fysiska bes\u00f6k i S\u00f6dert\u00e4lje.<br \/>\nDigitala samtal g\u00e5r bra.<br \/>\nH\u00f6r av dig p\u00e5 08-580 33 733 eller mejla till\u00a0<a href=\"mailto:jarfalla@.sanktlukas.se\">jarfalla@.sanktlukas.se<\/a><\/strong><strong>\u00a0eller g\u00e5 in p\u00e5 v\u00e5r\u00a0<a href=\"https:\/\/www.sanktlukas.se\/jarfalla\">onlinebokning<\/a>\u00a0om du vill boka ett digitalt bes\u00f6k.<\/strong><\/p>\n","protected":false},"excerpt":{"rendered":"<p>S:t Lukas psykoterapimottagning i S\u00f6dert\u00e4lje \u00e4r en filial till S:t Lukas i J\u00e4rf\u00e4lla. Fr\u00e5n och med 1 november 2022 kan vi inte l\u00e4ngre erbjuda fysiska bes\u00f6k i S\u00f6dert\u00e4lje. Digitala samtal g\u00e5r bra. H\u00f6r av dig p\u00e5 08-580 33 733 eller mejla till\u00a0jarfalla@.sanktlukas.se\u00a0eller g\u00e5 in p\u00e5 v\u00e5r\u00a0onlinebokning\u00a0om du vill boka ett digitalt bes\u00f6k.<\/p>\n","protected":false},"author":3,"featured_media":-1,"parent":0,"menu_order":0,"comment_status":"closed","ping_status":"closed","template":"template-contact.php","meta":{"_acf_changed":false,"footnotes":""},"class_list":["post-4","page","type-page","status-publish","has-post-thumbnail","hentry"],"acf":[],"_links":{"self":[{"href":"https:\/\/sanktlukas.se\/sodertalje\/wp-json\/wp\/v2\/pages\/4","targetHints":{"allow":["GET"]}}],"collection":[{"href":"https:\/\/sanktlukas.se\/sodertalje\/wp-json\/wp\/v2\/pages"}],"about":[{"href":"https:\/\/sanktlukas.se\/sodertalje\/wp-json\/wp\/v2\/types\/page"}],"author":[{"embeddable":true,"href":"https:\/\/sanktlukas.se\/sodertalje\/wp-json\/wp\/v2\/users\/3"}],"replies":[{"embeddable":true,"href":"https:\/\/sanktlukas.se\/sodertalje\/wp-json\/wp\/v2\/comments?post=4"}],"version-history":[{"count":9,"href":"https:\/\/sanktlukas.se\/sodertalje\/wp-json\/wp\/v2\/pages\/4\/revisions"}],"predecessor-version":[{"id":73,"href":"https:\/\/sanktlukas.se\/sodertalje\/wp-json\/wp\/v2\/pages\/4\/revisions\/73"}],"wp:featuredmedia":[{"embeddable":true,"href":"https:\/\/sanktlukas.se\/sodertalje\/wp-json\/"}],"wp:attachment":[{"href":"https:\/\/sanktlukas.se\/sodertalje\/wp-json\/wp\/v2\/media?parent=4"}],"curies":[{"name":"wp","href":"https:\/\/api.w.org\/{rel}","templated":true}]}}