{"id":1503,"date":"2024-04-16T16:54:35","date_gmt":"2024-04-16T14:54:35","guid":{"rendered":"https:\/\/sanktlukas.se\/stockholm\/?page_id=1503"},"modified":"2026-04-09T16:24:12","modified_gmt":"2026-04-09T14:24:12","slug":"psykoterapi","status":"publish","type":"page","link":"https:\/\/sanktlukas.se\/stockholm\/tjanster-for-privatpersoner\/psykoterapi\/","title":{"rendered":"Psykoterapi"},"content":{"rendered":"\n<h2 class=\"wp-block-heading\">Psykoterapi<\/h2>\n\n\n\n<h3 class=\"wp-block-heading\"><br>Beh\u00f6ver du n\u00e5gon att prata med?<\/h3>\n\n\n\n<p>M\u00e5nga av oss r\u00e5kar f\u00f6rr eller senare ut f\u00f6r n\u00e5got som vi har sv\u00e5rt att hantera p\u00e5 egen hand. Samtal hj\u00e4lper oss att komma vidare, f\u00f6rst\u00e5 v\u00e5ra utmaningar och utveckla nya f\u00f6rh\u00e5llningss\u00e4tt som g\u00f6r att vi m\u00e5r b\u00e4ttre. <\/p>\n\n\n\n<p>Vi erbjuder olika psykoterapiinriktningar och typer av samtal. Du kan l\u00e4sa mer om vilka som arbetar med vad h\u00e4r <a href=\"https:\/\/sanktlukas.se\/stockholm\/personal\/\" data-type=\"link\" data-id=\"https:\/\/sanktlukas.se\/stockholm\/personal\/\">personal<\/a>.<\/p>\n\n\n\n<p>I v\u00e5r onlinebokning nedan kan du se v\u00e5ra lediga tider och boka in dig f\u00f6r ett f\u00f6rsta samtal hos n\u00e5gon av v\u00e5ra\u00a0<a href=\"https:\/\/sanktlukas.se\/stockholm\/personal\/\" data-type=\"link\" data-id=\"https:\/\/sanktlukas.se\/stockholm\/personal\/\">leg. psykoterapeuter\/leg. psykologer<\/a>. Du v\u00e4ljer sj\u00e4lv om du vill boka fysiskt eller digitalt samtal. Det f\u00f6rsta samtalet \u00e4r alltid ett bed\u00f6mningssamtal. Vi tar endast emot vuxna dvs du beh\u00f6ver ha fyllt 18 \u00e5r f\u00f6r att komma p\u00e5 samtal hos oss.<\/p>\n\n\n\n<p>Du kommer att f\u00e5 en bokningsbekr\u00e4ftelse till din mail och sms-p\u00e5minnelse innan ditt bes\u00f6k. Har du bokat ett digitalt samtal kommer du \u00e4ven att f\u00e5 en l\u00e4nk till ditt videosamtal skickad till dig via mail fr\u00e5n BDC-care.<\/p>\n\n\n\n<p><strong>Pris<\/strong><\/p>\n\n\n\n<p>Ett samtal kostar 1.290 kr f\u00f6r 45 minuters samtal (det st\u00e5r 60 min p\u00e5 bokningen men d\u00e5 ing\u00e5r 15 min administrationstid).<\/p>\n\n\n\n<p>Par- och familjesamtal 2780 kr\/90 min.<br>L\u00e4s mer <a href=\"https:\/\/sanktlukas.se\/stockholm\/tjanster-for-privatpersoner\/par-och-familjesamtal\/\" data-type=\"link\" data-id=\"https:\/\/sanktlukas.se\/stockholm\/tjanster-for-privatpersoner\/par-och-familjesamtal\/\">h\u00e4r<\/a>.<\/p>\n\n\n\n<p><strong>Avbokningsregler<\/strong><\/p>\n\n\n\n<p>Avbokning eller ombokning av tid skall g\u00f6ras senast 48 timmar innan det bokade bes\u00f6ket. Sen avbokning eller uteblivet bes\u00f6k debiteras med full taxa. Avbokning\/ombokning g\u00f6rs direkt till din behandlare via sms, mail eller telefon \u2013 kontaktuppgifter hittar du <a href=\"https:\/\/sanktlukas.se\/stockholm\/personal\/\" data-type=\"link\" data-id=\"https:\/\/sanktlukas.se\/stockholm\/personal\/\">h\u00e4r<\/a><strong>.<\/strong><\/p>\n\n\n\n<p>Genom att anv\u00e4nda v\u00e5r onlinebokning godk\u00e4nner du att vi registrerar dina personuppgifter i v\u00e5rt system.<\/p>\n\n\n\n<p>L\u00e4s v\u00e5r integritetspolicy&nbsp;<a href=\"https:\/\/sanktlukas.se\/stockholm\/integritetspolicy\/\" data-type=\"link\" data-id=\"https:\/\/sanktlukas.se\/stockholm\/integritetspolicy\/\">h\u00e4r<\/a><strong>.<\/strong><\/p>\n\n\n<style>\na.cb-btn.cb-btn-green.cb-go-to-activity-group[data-id=\"11\"],\na.cb-btn.cb-btn-green.cb-go-to-activity-group[data-id=\"12\"],\n.cb-activity-group[data-id=\"11\"],\n.cb-activity-group[data-id=\"12\"] {\n    display: none; pointer-events: none;\n}\n<\/style>\n\n<div class=\"santktlukas-clinicbuddy-container\">\n                    <div id=\"cb-booking\"><\/div><script>\n            var ob_ = {settings: {\"uid\":\"StLukas-3593\",\"turnstile_site_key\": \"0x4AAAAAABrqjnD0aoK2krap\",\"embedded\":false,\"params\":{\"locations\":[2]},\"customization\":{\"streetview\":{\"show\":\"0\"},\"footer\":{\"show\":\"0\"},\"filters\":{\"provider\":{\"show\":\"0\"}},\"header\":{\"show\":\"0\"}},\"defaults\":{}}};\n            jQuery(document).ready(function($){\n                $(\"div#cb-booking\").cbOnlineBooking(ob_.settings);\n                if (window.top === window.self) {\n                  cd_ = {language: \"sv\"};\n                  \/\/$.getScript(\"\/onlinebooking\/js\/cbcookiedirective.js\");\n                }\n                setTimeout(function(){\n                    \n                    \/\/if (jQuery(\"div.cb-filters\").length) {\n                    \/\/    jQuery(\"div.cb-street-view\").remove();\n                    \/\/    jQuery(\"a.cb-btn\").each(function() {\n                    \/\/      jQuery(this).removeClass(\"cb-btn-blue\").addClass(\"btn btn-primary\");\n                    \/\/    });\n                    \/\/}\n                }, 1000);\n            });\n        <\/script>            <\/div>\n\n\n\n\n<div style=\"height:50px\" aria-hidden=\"true\" class=\"wp-block-spacer\"><\/div>\n\n\n\n<h3 class=\"wp-block-heading\">Avser du att ans\u00f6ka om neds\u00e4ttning av psykoterapiavgiften?<\/h3>\n\n\n\n<p>Om du har en inkomst motsvarande studiemedelsniv\u00e5, uppb\u00e4r a-kassa eller en inkomst som ligger i niv\u00e5 med existensminimum och avser att ans\u00f6ka om neds\u00e4ttning av avgiften skriv det i din intresseanm\u00e4lan s\u00e5 kan vi maila ans\u00f6kningshandlingarna f\u00f6r att ans\u00f6ka om neds\u00e4ttning av terapiavgift.<\/p>\n\n\n\n<p>Om du f\u00e5r neds\u00e4ttning inleds terapin med tre bed\u00f6mningssamtal p\u00e5 samma s\u00e4tt som vi alltid g\u00f6r innan vi p\u00e5b\u00f6rjar en terapi. Efter att dessa \u00e4gt rum delger terapeuten dig sin bed\u00f6mning. I vissa fall anser vi inte att vi kan erbjuda den v\u00e5rd som vi tror att du skulle beh\u00f6va  och d\u00e5 kommer vi att h\u00e4nvisa dig vidare. <\/p>\n\n\n\n<p>Vill du g\u00e5 i EMDR-behandling?<\/p>\n\n\n\n<p>EMDR \u00e4r en traumabehandling som kr\u00e4ver l\u00e4ngre sessioner varf\u00f6r du beh\u00f6ver g\u00f6ra en intresseanm\u00e4lan nedan om du \u00f6nskar EMDR. Du kommer d\u00e4refter att bli uppringd av en EMDR terapeut f\u00f6r att diskutera ditt \u00e4rende.<\/p>\n\n\n\n<div class=\"wp-block-sanktlukas-genericbutton button-container\"><a role=\"button\" href=\"https:\/\/sanktlukas.se\/stockholm\/bokning-med-bankid\/\" class=\"button button--medium button--dark-green\">Identifiera dig med BankID<\/a><\/div>\n\n\n\n<p>Har du inget BankID kan du maila till&nbsp;<a href=\"mailto:stockholm@sanktlukas.se\">stockholm@sanktlukas.se<\/a>&nbsp;s\u00e5 kontaktar vi dig.<\/p>\n","protected":false},"excerpt":{"rendered":"<p>Psykoterapi Beh\u00f6ver du n\u00e5gon att prata med? M\u00e5nga av oss r\u00e5kar f\u00f6rr eller senare ut f\u00f6r n\u00e5got som vi har sv\u00e5rt att hantera p\u00e5 egen hand. Samtal hj\u00e4lper oss att komma vidare, f\u00f6rst\u00e5 v\u00e5ra utmaningar och utveckla nya f\u00f6rh\u00e5llningss\u00e4tt som g\u00f6r att vi m\u00e5r b\u00e4ttre. Vi erbjuder olika psykoterapiinriktningar och typer av samtal. Du kan [&hellip;]<\/p>\n","protected":false},"author":82,"featured_media":0,"parent":1472,"menu_order":0,"comment_status":"closed","ping_status":"closed","template":"","meta":{"_acf_changed":false,"footnotes":""},"class_list":["post-1503","page","type-page","status-publish","hentry"],"acf":[],"_links":{"self":[{"href":"https:\/\/sanktlukas.se\/stockholm\/wp-json\/wp\/v2\/pages\/1503","targetHints":{"allow":["GET"]}}],"collection":[{"href":"https:\/\/sanktlukas.se\/stockholm\/wp-json\/wp\/v2\/pages"}],"about":[{"href":"https:\/\/sanktlukas.se\/stockholm\/wp-json\/wp\/v2\/types\/page"}],"author":[{"embeddable":true,"href":"https:\/\/sanktlukas.se\/stockholm\/wp-json\/wp\/v2\/users\/82"}],"replies":[{"embeddable":true,"href":"https:\/\/sanktlukas.se\/stockholm\/wp-json\/wp\/v2\/comments?post=1503"}],"version-history":[{"count":26,"href":"https:\/\/sanktlukas.se\/stockholm\/wp-json\/wp\/v2\/pages\/1503\/revisions"}],"predecessor-version":[{"id":2099,"href":"https:\/\/sanktlukas.se\/stockholm\/wp-json\/wp\/v2\/pages\/1503\/revisions\/2099"}],"up":[{"embeddable":true,"href":"https:\/\/sanktlukas.se\/stockholm\/wp-json\/wp\/v2\/pages\/1472"}],"wp:attachment":[{"href":"https:\/\/sanktlukas.se\/stockholm\/wp-json\/wp\/v2\/media?parent=1503"}],"curies":[{"name":"wp","href":"https:\/\/api.w.org\/{rel}","templated":true}]}}