{"id":396,"date":"2018-11-22T11:57:55","date_gmt":"2018-11-22T10:57:55","guid":{"rendered":"https:\/\/sanktlukas.se\/stockholm\/?page_id=396"},"modified":"2026-03-20T14:57:52","modified_gmt":"2026-03-20T13:57:52","slug":"samtal-till-reducerat-pris-for-unga-vuxna","status":"publish","type":"page","link":"https:\/\/sanktlukas.se\/stockholm\/samtal-till-reducerat-pris-for-unga-vuxna\/","title":{"rendered":"Samtal till reducerat pris f\u00f6r unga vuxna"},"content":{"rendered":"\n<h1 class=\"wp-block-heading\">Samtal till reducerat pris f\u00f6r unga vuxna<\/h1>\n\n\n<div class=\"sanktlukas-splitblock\">\n    <div class=\"sanktlukas-splitblock__data beige\">\n        \n\n<div class=\"wp-block-sanktlukas-generictextblock textblock textblock--undefined\"><br><br>Beh\u00f6ver du som ung vuxen n\u00e5gon utomst\u00e5ende att prata med om tex k\u00e4rlek, sj\u00e4lvk\u00e4nsla, sex, f\u00f6r\u00e4ldrar, prestation, oro, identitet, stress, v\u00e4nskap, livsval?<br><br>S:t Lukas i Stockholm kan erbjuda dig mellan 18- 27 \u00e5r upp till 5 samtal p\u00e5 mottagningen till ett reducerat pris.<br><br>Studenter och arbetsl\u00f6sa betalar <br>200 kr\/g\u00e5ng, och arbetande 500 kr\/g\u00e5ng.<br>Samtalen betalas med kort i kassan.<br><\/div>\n\n    <\/div>\n       <div class=\"sanktlukas-splitblock__photo\" style=\"background-image: url('https:\/\/sanktlukas.se\/stockholm\/wp-content\/uploads\/sites\/32\/Ungdomar-som-haller-om-varandra-640x432.jpg');\"><\/div>\n    <\/div>\n\n\n<div class=\"wp-block-sanktlukas-generictextblock textblock textblock--undefined\">Du har m\u00f6jlighet att forts\u00e4tta din kontakt hos S:t Lukas Stockholm om din behandlare anser att vi kan erbjuda dig det som hen anser skulle vara hj\u00e4lpsamt f\u00f6r dig.<\/div>\n\n\n\n<p><strong>Avbokningsregler<\/strong><\/p>\n\n\n\n<p>Avbokning eller ombokning av tid skall g\u00f6ras senast 48 timmar innan det bokade bes\u00f6ket. Sen avbokning eller uteblivet bes\u00f6k debiteras med full taxa. Avbokning\/ombokning g\u00f6rs direkt till din behandlare via sms, mail eller telefon \u2013 kontaktuppgifter hittar du <a href=\"https:\/\/sanktlukas.se\/stockholm\/personal\/\" data-type=\"link\" data-id=\"https:\/\/sanktlukas.se\/stockholm\/personal\/\">h\u00e4r<\/a><strong>.<\/strong><\/p>\n\n\n\n<p>Genom att anv\u00e4nda v\u00e5r onlinebokning godk\u00e4nner du att vi registrerar dina personuppgifter i v\u00e5rt system. L\u00e4s v\u00e5r integritetspolicy&nbsp;<a href=\"https:\/\/sanktlukas.se\/stockholm\/integritetspolicy\/\" data-type=\"link\" data-id=\"https:\/\/sanktlukas.se\/stockholm\/integritetspolicy\/\">h\u00e4r<\/a><strong>.<\/strong><\/p>\n\n\n\n<p>Var noga med att v\u00e4lja n\u00e5gon av de tv\u00e5 \u00f6versta rutorna dvs antingen videom\u00f6te eller fysiskt m\u00f6te n\u00e4r du bokar ditt f\u00f6rsta bes\u00f6k inom ramen f\u00f6r Unga Vuxna samtal p\u00e5 S:t Lukas i Stockholm.<\/p>\n\n\n\n<p><\/p>\n\n\n<style>\na.cb-btn.cb-btn-green.cb-go-to-activity-group[data-id=\"11\"],\na.cb-btn.cb-btn-green.cb-go-to-activity-group[data-id=\"12\"],\n.cb-activity-group[data-id=\"11\"],\n.cb-activity-group[data-id=\"12\"] {\n    display: none; pointer-events: none;\n}\n<\/style>\n\n<div class=\"santktlukas-clinicbuddy-container\">\n                    <div id=\"cb-booking\"><\/div><script>\n            var ob_ = {settings: {\"uid\":\"StLukas-3593\",\"turnstile_site_key\": \"0x4AAAAAABrqjnD0aoK2krap\",\"embedded\":false,\"params\":{\"locations\":[2]},\"customization\":{\"streetview\":{\"show\":\"0\"},\"footer\":{\"show\":\"0\"},\"filters\":{\"provider\":{\"show\":\"0\"}},\"header\":{\"show\":\"0\"}},\"defaults\":{}}};\n            jQuery(document).ready(function($){\n                $(\"div#cb-booking\").cbOnlineBooking(ob_.settings);\n                if (window.top === window.self) {\n                  cd_ = {language: \"sv\"};\n                  \/\/$.getScript(\"\/onlinebooking\/js\/cbcookiedirective.js\");\n                }\n                setTimeout(function(){\n                    \n                    \/\/if (jQuery(\"div.cb-filters\").length) {\n                    \/\/    jQuery(\"div.cb-street-view\").remove();\n                    \/\/    jQuery(\"a.cb-btn\").each(function() {\n                    \/\/      jQuery(this).removeClass(\"cb-btn-blue\").addClass(\"btn btn-primary\");\n                    \/\/    });\n                    \/\/}\n                }, 1000);\n            });\n        <\/script>            <\/div>\n\n","protected":false},"excerpt":{"rendered":"<p>Samtal till reducerat pris f\u00f6r unga vuxna Avbokningsregler Avbokning eller ombokning av tid skall g\u00f6ras senast 48 timmar innan det bokade bes\u00f6ket. Sen avbokning eller uteblivet bes\u00f6k debiteras med full taxa. Avbokning\/ombokning g\u00f6rs direkt till din behandlare via sms, mail eller telefon \u2013 kontaktuppgifter hittar du h\u00e4r. Genom att anv\u00e4nda v\u00e5r onlinebokning godk\u00e4nner du att [&hellip;]<\/p>\n","protected":false},"author":23,"featured_media":-1,"parent":0,"menu_order":-80,"comment_status":"closed","ping_status":"closed","template":"","meta":{"_acf_changed":false,"footnotes":""},"class_list":["post-396","page","type-page","status-publish","has-post-thumbnail","hentry"],"acf":[],"_links":{"self":[{"href":"https:\/\/sanktlukas.se\/stockholm\/wp-json\/wp\/v2\/pages\/396","targetHints":{"allow":["GET"]}}],"collection":[{"href":"https:\/\/sanktlukas.se\/stockholm\/wp-json\/wp\/v2\/pages"}],"about":[{"href":"https:\/\/sanktlukas.se\/stockholm\/wp-json\/wp\/v2\/types\/page"}],"author":[{"embeddable":true,"href":"https:\/\/sanktlukas.se\/stockholm\/wp-json\/wp\/v2\/users\/23"}],"replies":[{"embeddable":true,"href":"https:\/\/sanktlukas.se\/stockholm\/wp-json\/wp\/v2\/comments?post=396"}],"version-history":[{"count":62,"href":"https:\/\/sanktlukas.se\/stockholm\/wp-json\/wp\/v2\/pages\/396\/revisions"}],"predecessor-version":[{"id":2081,"href":"https:\/\/sanktlukas.se\/stockholm\/wp-json\/wp\/v2\/pages\/396\/revisions\/2081"}],"wp:featuredmedia":[{"embeddable":true,"href":"https:\/\/sanktlukas.se\/stockholm\/wp-json\/"}],"wp:attachment":[{"href":"https:\/\/sanktlukas.se\/stockholm\/wp-json\/wp\/v2\/media?parent=396"}],"curies":[{"name":"wp","href":"https:\/\/api.w.org\/{rel}","templated":true}]}}