{"id":1,"date":"2016-05-26T06:03:16","date_gmt":"2016-05-26T04:03:16","guid":{"rendered":"https:\/\/sanktlukas.se\/umea\/foreningen\/"},"modified":"2016-05-31T15:11:07","modified_gmt":"2016-05-31T13:11:07","slug":"foreningen","status":"publish","type":"page","link":"https:\/\/sanktlukas.se\/umea\/foreningen\/","title":{"rendered":"F\u00f6reningen"},"content":{"rendered":"<p>S:t Lukas \u00e4r en riksomfattande ideell och allm\u00e4nnyttig organisation med trettiotal\u00a0f\u00f6reningar i landet. Organisationen bildades 1939 av l\u00e4kare, pr\u00e4ster och socialarbetare. Den b\u00e4rande id\u00e9n var en gemensam syn p\u00e5 m\u00e4nniskan som en helhet med s\u00e5v\u00e4l fysiska, psykiska som existentiella och andliga behov. Med \u00f6ppenhet och respekt ville man ge m\u00e4nniskor m\u00f6jlighet att arbeta med sina psykiska problem och livsfr\u00e5gor. Tron p\u00e5 m\u00e4nniskans egna inre l\u00e4kande krafter och m\u00f6jligheter till personlig utveckling \u00e4r central.\u00a0S:t Lukas vill fr\u00e4mja samarbetet mellan f\u00f6retr\u00e4dare f\u00f6r\u00a0m\u00e4nniskov\u00e5rdande yrken, vill informera och v\u00e4cka opinion i fr\u00e5gor som r\u00f6r det inre livets betydelse f\u00f6r individer, grupper och organisationer.<\/p>\n","protected":false},"excerpt":{"rendered":"<p>S:t Lukas \u00e4r en riksomfattande ideell och allm\u00e4nnyttig organisation med trettiotal\u00a0f\u00f6reningar i landet. Organisationen bildades 1939 av l\u00e4kare, pr\u00e4ster och socialarbetare. Den b\u00e4rande id\u00e9n var en gemensam syn p\u00e5 m\u00e4nniskan som en helhet med s\u00e5v\u00e4l fysiska, psykiska som existentiella och andliga behov. Med \u00f6ppenhet och respekt ville man ge m\u00e4nniskor m\u00f6jlighet att arbeta med sina [&hellip;]<\/p>\n","protected":false},"author":5,"featured_media":0,"parent":0,"menu_order":0,"comment_status":"closed","ping_status":"closed","template":"","meta":{"_acf_changed":false,"footnotes":""},"class_list":["post-1","page","type-page","status-publish","hentry"],"acf":[],"_links":{"self":[{"href":"https:\/\/sanktlukas.se\/umea\/wp-json\/wp\/v2\/pages\/1","targetHints":{"allow":["GET"]}}],"collection":[{"href":"https:\/\/sanktlukas.se\/umea\/wp-json\/wp\/v2\/pages"}],"about":[{"href":"https:\/\/sanktlukas.se\/umea\/wp-json\/wp\/v2\/types\/page"}],"author":[{"embeddable":true,"href":"https:\/\/sanktlukas.se\/umea\/wp-json\/wp\/v2\/users\/5"}],"replies":[{"embeddable":true,"href":"https:\/\/sanktlukas.se\/umea\/wp-json\/wp\/v2\/comments?post=1"}],"version-history":[{"count":1,"href":"https:\/\/sanktlukas.se\/umea\/wp-json\/wp\/v2\/pages\/1\/revisions"}],"predecessor-version":[{"id":9,"href":"https:\/\/sanktlukas.se\/umea\/wp-json\/wp\/v2\/pages\/1\/revisions\/9"}],"wp:attachment":[{"href":"https:\/\/sanktlukas.se\/umea\/wp-json\/wp\/v2\/media?parent=1"}],"curies":[{"name":"wp","href":"https:\/\/api.w.org\/{rel}","templated":true}]}}