{"id":16,"date":"2016-05-31T15:33:42","date_gmt":"2016-05-31T13:33:42","guid":{"rendered":"https:\/\/sanktlukas.se\/umea\/?page_id=16"},"modified":"2025-05-07T13:16:29","modified_gmt":"2025-05-07T11:16:29","slug":"program","status":"publish","type":"page","link":"https:\/\/sanktlukas.se\/umea\/foreningen-2\/program\/","title":{"rendered":"Program"},"content":{"rendered":"<p><strong><em>Kontakta programgruppen om du har fr\u00e5gor eller synpunkter:<\/em><\/strong><\/p>\n<p>\u00a0<\/p>\n<p><strong><em>Under 2018 \u00e4gde f\u00f6ljande f\u00f6rel\u00e4sningar rum<\/em><\/strong><\/p>\n<p><em>BRIS &#8211; Regionombud Maria Peders\u00e9n ber\u00e4ttar om BRIS arbete.<\/em><\/p>\n<p><strong><em>Under v\u00e5ren 2017 \u00e4gde f\u00f6ljande f\u00f6rel\u00e4sningar rum<\/em><\/strong><\/p>\n<p><em>M\u00e4ns heder &#8211; att vara b\u00e5de offer och f\u00f6r\u00f6vare.<\/em><\/p>\n<p><em><strong><em>Under\u00a0 <em>2016\u00a0\u00e4gde f\u00f6ljande\u00a0f\u00f6rel\u00e4sningar rum<\/em><\/em><\/strong><\/em><\/p>\n<p><em>Attityder till invandringar och flyktingmottagande i ett europeiskt perspektiv.<\/em><\/p>\n<p>F\u00f6rsta hj\u00e4lpen till psykisk h\u00e4lsa.<\/p>\n<p>Ensamkommande flyktingbarn, \u00f6ppna eller slutna b\u00f6cker?<\/p>\n<p><em>Autismspektrumst\u00f6rning &#8211; vad inneb\u00e4r det?<br \/><\/em><\/p>\n\n\n<h2 class=\"wp-block-heading\"><\/h2>\n","protected":false},"excerpt":{"rendered":"<p>Kontakta programgruppen om du har fr\u00e5gor eller synpunkter: \u00a0 Under 2018 \u00e4gde f\u00f6ljande f\u00f6rel\u00e4sningar rum BRIS &#8211; Regionombud Maria Peders\u00e9n ber\u00e4ttar om BRIS arbete. Under v\u00e5ren 2017 \u00e4gde f\u00f6ljande f\u00f6rel\u00e4sningar rum M\u00e4ns heder &#8211; att vara b\u00e5de offer och f\u00f6r\u00f6vare. Under\u00a0 2016\u00a0\u00e4gde f\u00f6ljande\u00a0f\u00f6rel\u00e4sningar rum Attityder till invandringar och flyktingmottagande i ett europeiskt perspektiv. F\u00f6rsta hj\u00e4lpen [&hellip;]<\/p>\n","protected":false},"author":5,"featured_media":-1,"parent":12,"menu_order":0,"comment_status":"closed","ping_status":"closed","template":"","meta":{"_acf_changed":false,"footnotes":""},"class_list":["post-16","page","type-page","status-publish","has-post-thumbnail","hentry"],"acf":[],"_links":{"self":[{"href":"https:\/\/sanktlukas.se\/umea\/wp-json\/wp\/v2\/pages\/16","targetHints":{"allow":["GET"]}}],"collection":[{"href":"https:\/\/sanktlukas.se\/umea\/wp-json\/wp\/v2\/pages"}],"about":[{"href":"https:\/\/sanktlukas.se\/umea\/wp-json\/wp\/v2\/types\/page"}],"author":[{"embeddable":true,"href":"https:\/\/sanktlukas.se\/umea\/wp-json\/wp\/v2\/users\/5"}],"replies":[{"embeddable":true,"href":"https:\/\/sanktlukas.se\/umea\/wp-json\/wp\/v2\/comments?post=16"}],"version-history":[{"count":25,"href":"https:\/\/sanktlukas.se\/umea\/wp-json\/wp\/v2\/pages\/16\/revisions"}],"predecessor-version":[{"id":471,"href":"https:\/\/sanktlukas.se\/umea\/wp-json\/wp\/v2\/pages\/16\/revisions\/471"}],"up":[{"embeddable":true,"href":"https:\/\/sanktlukas.se\/umea\/wp-json\/wp\/v2\/pages\/12"}],"wp:featuredmedia":[{"embeddable":true,"href":"https:\/\/sanktlukas.se\/umea\/wp-json\/"}],"wp:attachment":[{"href":"https:\/\/sanktlukas.se\/umea\/wp-json\/wp\/v2\/media?parent=16"}],"curies":[{"name":"wp","href":"https:\/\/api.w.org\/{rel}","templated":true}]}}