{"id":28,"date":"2016-06-26T16:47:33","date_gmt":"2016-06-26T14:47:33","guid":{"rendered":"https:\/\/sanktlukas.se\/uppsala\/?page_id=28"},"modified":"2025-03-14T14:22:54","modified_gmt":"2025-03-14T13:22:54","slug":"kvalitetssakrade-samtal","status":"publish","type":"page","link":"https:\/\/sanktlukas.se\/uppsala\/var-filosofi\/kvalitetssakrade-samtal\/","title":{"rendered":"Kvalitetss\u00e4krade samtal"},"content":{"rendered":"\n<div class=\"wp-block-sanktlukas-pageblock page-block\">\n<h2 class=\"wp-block-sanktlukas-genericheading headline headline--medium medium-green\">Kvalitetss\u00e4krade samtal<\/h2>\n\n\n\n<div class=\"wp-block-sanktlukas-pagetext page-text\">Vi p\u00e5 S:t Lukas i Uppsala tycker det \u00e4r viktigt att den terapeutiska behandling vi ger \u00e4r till hj\u00e4lp f\u00f6r dig som kommer hit.\u00a0Hos oss\u00a0g\u00e4ller f\u00f6ljande:<\/div>\n\n\n\n<ol class=\"wp-block-list\">\n<li>V\u00e5ra psykoterapeuter och psykologer har en legitimationsgrundande utbildning<\/li>\n\n\n\n<li>Mottagningens omh\u00e4ndertagande ses \u00f6ver av en behandlingsansvarig psykoterapeut<\/li>\n\n\n\n<li>V\u00e5ra behandlingsmetoder \u00e4r f\u00f6rankrade i forskning och klinisk praktik<\/li>\n<\/ol>\n\n\n\n<h3 class=\"wp-block-sanktlukas-genericheading headline headline--small medium-green\">Behandlingslegitimation<\/h3>\n\n\n\n<div class=\"wp-block-sanktlukas-pagetext page-text\">Psykologers och psykoterapeuters legitimering \u00e4r viktig ur patients\u00e4kerhetssynpunkt. Legitimationen visar att psykologen och psykoterapeuten genomg\u00e5tt en godk\u00e4nd h\u00f6gskoleutbildning och st\u00e5r under Socialstyrelsens kontroll i sin yrkesut\u00f6vning. Legitimerade psykologer och psykoterapeuter lyder \u00e4ven under H\u00e4lso- och sjukv\u00e5rdslagen \u2013 vilket inte andra terapeuter g\u00f6r. Detta inneb\u00e4r att legitimerade psykologer och psykoterapeuter alltid riskerar att f\u00e5 legitimationen indragen om de inte sk\u00f6ter sitt behandlingsuppdrag p\u00e5 ett korrekt s\u00e4tt enligt r\u00e5dande lagstiftning.<br><br>V\u00e5r mottagnings heltidspersonal best\u00e5r av legitimerade psykoterapeuter och en PTP-psykolog. P\u00e5 timmar arbetar \u00e4ven terapeuter som har sin grundutbildning i ett m\u00e4nniskov\u00e5rdande yrke, till exempel pr\u00e4st eller socionom, och som \u00e4r i slutfasen av S:t Lukas legitimationsgrundande psykoterapeututbildning. Dessa terapeuter handleds av en legitimerad psykoterapeut med ett \u00f6vergripande behandlingsansvar.<\/div>\n\n\n\n<h3 class=\"wp-block-sanktlukas-genericheading headline headline--small medium-green\">Behandlingsansvarig<\/h3>\n\n\n\n<div class=\"wp-block-sanktlukas-pagetext page-text\">Socialstyrelsen anger att\u00a0en\u00a0mottagnings\u00a0medicinska omh\u00e4ndertagandet ska ledas av en person som har god kunskap inom det aktuella omr\u00e5det, en s\u00e5 kallad \u201dbehandlingsansvarig\u201d. Denne person har en s\u00e4rskilt roll g\u00e4llande anm\u00e4lningsskyldighet (Lex Maria), bed\u00f6mning av insatser i akuta situationer och n\u00e4r det g\u00e4ller att bist\u00e5 i verksamhetens kvalitetsarbete (utifr\u00e5n SOSFS 2005:12).<\/div>\n\n\n\n<h3 class=\"wp-block-sanktlukas-genericheading headline headline--small medium-green\">Psykoterapi och psykologisk behandling<\/h3>\n\n\n\n<div class=\"wp-block-sanktlukas-pagetext page-text\">N\u00e4r det g\u00e4ller v\u00e5ra psykoterapeutiska behandlingsmetoder \u00e4r det viktigt f\u00f6r oss att dessa bygger p\u00e5 b\u00e4sta m\u00f6jliga vetenskapliga grund, det vill s\u00e4ga \u00e4r evidensbaserade. Klicka\u00a0<a href=\"https:\/\/sanktlukas.se\/uppsala\/psykoterapiforskning\/\">h\u00e4r<\/a> om du vill l\u00e4sa mer om psykoterapiforskning\u00a0samt se v\u00e5r referenslista.<\/div>\n<\/div>\n","protected":false},"excerpt":{"rendered":"","protected":false},"author":3,"featured_media":0,"parent":24,"menu_order":7,"comment_status":"closed","ping_status":"closed","template":"","meta":{"_acf_changed":false,"footnotes":""},"class_list":["post-28","page","type-page","status-publish","hentry"],"acf":[],"_links":{"self":[{"href":"https:\/\/sanktlukas.se\/uppsala\/wp-json\/wp\/v2\/pages\/28","targetHints":{"allow":["GET"]}}],"collection":[{"href":"https:\/\/sanktlukas.se\/uppsala\/wp-json\/wp\/v2\/pages"}],"about":[{"href":"https:\/\/sanktlukas.se\/uppsala\/wp-json\/wp\/v2\/types\/page"}],"author":[{"embeddable":true,"href":"https:\/\/sanktlukas.se\/uppsala\/wp-json\/wp\/v2\/users\/3"}],"replies":[{"embeddable":true,"href":"https:\/\/sanktlukas.se\/uppsala\/wp-json\/wp\/v2\/comments?post=28"}],"version-history":[{"count":7,"href":"https:\/\/sanktlukas.se\/uppsala\/wp-json\/wp\/v2\/pages\/28\/revisions"}],"predecessor-version":[{"id":587,"href":"https:\/\/sanktlukas.se\/uppsala\/wp-json\/wp\/v2\/pages\/28\/revisions\/587"}],"up":[{"embeddable":true,"href":"https:\/\/sanktlukas.se\/uppsala\/wp-json\/wp\/v2\/pages\/24"}],"wp:attachment":[{"href":"https:\/\/sanktlukas.se\/uppsala\/wp-json\/wp\/v2\/media?parent=28"}],"curies":[{"name":"wp","href":"https:\/\/api.w.org\/{rel}","templated":true}]}}