{"id":1,"date":"2020-06-15T11:31:25","date_gmt":"2020-06-15T09:31:25","guid":{"rendered":"https:\/\/sanktlukas.se\/varberg\/foreningen\/"},"modified":"2020-06-15T11:55:16","modified_gmt":"2020-06-15T09:55:16","slug":"foreningen","status":"publish","type":"page","link":"https:\/\/sanktlukas.se\/varberg\/foreningen\/","title":{"rendered":"F\u00f6reningen &#8211; se Halmstad"},"content":{"rendered":"<h4>Den ideella f\u00f6reningen S:t Lukas Halland vill:<\/h4>\n<ul>\n<li>fr\u00e4mja samarbetet mellan f\u00f6retr\u00e4dare f\u00f6r olika m\u00e4nniskov\u00e5rdande yrken.<\/li>\n<li>informera och v\u00e4cka opinion i fr\u00e5gor som r\u00f6r det inre livets betydelse f\u00f6r individer, grupper och organisationer.<\/li>\n<\/ul>\n<p>Den lokala f\u00f6reningen bedriver ut\u00e5triktad verksamhet i form av f\u00f6redrag och \u00e4r huvudman f\u00f6r <strong>S:t Lukas mottagning i Halmstad, Falkenberg\u00a0och Varberg.\u00a0\u00a0<\/strong><br \/>\nDu blir medlem genom att betala\u00a0250 kr till v\u00e5rt postgiro 64 63 12 &#8211; 9. F\u00f6r familjer kostar det 400 kr. Av dessa g\u00e5r 125 kr till f\u00f6reningen och resterande till F\u00f6rbundet S:t Lukas,\u00a0centralt.\u00a0Medlemskap ger neds\u00e4ttning av entr\u00e9avgiften vid f\u00f6rel\u00e4sningar som f\u00f6reningen anordnar.<\/p>\n<p>Information om f\u00f6reningens program finns p\u00e5 under sida HALMSTAD!<\/p>\n<h5><strong>V\u00e4lkommen!<\/strong><\/h5>\n","protected":false},"excerpt":{"rendered":"<p>Den ideella f\u00f6reningen S:t Lukas Halland vill: fr\u00e4mja samarbetet mellan f\u00f6retr\u00e4dare f\u00f6r olika m\u00e4nniskov\u00e5rdande yrken. informera och v\u00e4cka opinion i fr\u00e5gor som r\u00f6r det inre livets betydelse f\u00f6r individer, grupper och organisationer. Den lokala f\u00f6reningen bedriver ut\u00e5triktad verksamhet i form av f\u00f6redrag och \u00e4r huvudman f\u00f6r S:t Lukas mottagning i Halmstad, Falkenberg\u00a0och Varberg.\u00a0\u00a0 Du blir [&hellip;]<\/p>\n","protected":false},"author":3,"featured_media":-1,"parent":0,"menu_order":0,"comment_status":"closed","ping_status":"closed","template":"","meta":{"_acf_changed":false,"footnotes":""},"class_list":["post-1","page","type-page","status-publish","has-post-thumbnail","hentry"],"acf":[],"_links":{"self":[{"href":"https:\/\/sanktlukas.se\/varberg\/wp-json\/wp\/v2\/pages\/1","targetHints":{"allow":["GET"]}}],"collection":[{"href":"https:\/\/sanktlukas.se\/varberg\/wp-json\/wp\/v2\/pages"}],"about":[{"href":"https:\/\/sanktlukas.se\/varberg\/wp-json\/wp\/v2\/types\/page"}],"author":[{"embeddable":true,"href":"https:\/\/sanktlukas.se\/varberg\/wp-json\/wp\/v2\/users\/3"}],"replies":[{"embeddable":true,"href":"https:\/\/sanktlukas.se\/varberg\/wp-json\/wp\/v2\/comments?post=1"}],"version-history":[{"count":5,"href":"https:\/\/sanktlukas.se\/varberg\/wp-json\/wp\/v2\/pages\/1\/revisions"}],"predecessor-version":[{"id":47,"href":"https:\/\/sanktlukas.se\/varberg\/wp-json\/wp\/v2\/pages\/1\/revisions\/47"}],"wp:featuredmedia":[{"embeddable":true,"href":"https:\/\/sanktlukas.se\/varberg\/wp-json\/"}],"wp:attachment":[{"href":"https:\/\/sanktlukas.se\/varberg\/wp-json\/wp\/v2\/media?parent=1"}],"curies":[{"name":"wp","href":"https:\/\/api.w.org\/{rel}","templated":true}]}}