{"id":5,"date":"2016-05-26T06:03:27","date_gmt":"2016-05-26T04:03:27","guid":{"rendered":"https:\/\/sanktlukas.se\/varberg\/kontakt\/"},"modified":"2022-10-19T16:20:25","modified_gmt":"2022-10-19T14:20:25","slug":"kontakt","status":"publish","type":"page","link":"https:\/\/sanktlukas.se\/varberg\/kontakt\/","title":{"rendered":"Kontakt"},"content":{"rendered":"<p><strong>F\u00f6r att komma i kontakt med v\u00e5ra Terapeuter<\/strong><\/p>\n<p>Ring Annmarie Daire, 0768-810990<\/p>\n<p>F\u00f6r kontakt med Styrelsen<\/p>\n<p>Monica Pehrsson <a href=\"mailto:pehrsson.home@hotmail.com\">pehrsson.home@hotmail.com<\/a><\/p>\n","protected":false},"excerpt":{"rendered":"<p>F\u00f6r att komma i kontakt med v\u00e5ra Terapeuter Ring Annmarie Daire, 0768-810990 F\u00f6r kontakt med Styrelsen Monica Pehrsson pehrsson.home@hotmail.com<\/p>\n","protected":false},"author":33,"featured_media":-1,"parent":0,"menu_order":0,"comment_status":"closed","ping_status":"closed","template":"template-contact.php","meta":{"_acf_changed":false,"footnotes":""},"class_list":["post-5","page","type-page","status-publish","has-post-thumbnail","hentry"],"acf":[],"_links":{"self":[{"href":"https:\/\/sanktlukas.se\/varberg\/wp-json\/wp\/v2\/pages\/5","targetHints":{"allow":["GET"]}}],"collection":[{"href":"https:\/\/sanktlukas.se\/varberg\/wp-json\/wp\/v2\/pages"}],"about":[{"href":"https:\/\/sanktlukas.se\/varberg\/wp-json\/wp\/v2\/types\/page"}],"author":[{"embeddable":true,"href":"https:\/\/sanktlukas.se\/varberg\/wp-json\/wp\/v2\/users\/33"}],"replies":[{"embeddable":true,"href":"https:\/\/sanktlukas.se\/varberg\/wp-json\/wp\/v2\/comments?post=5"}],"version-history":[{"count":2,"href":"https:\/\/sanktlukas.se\/varberg\/wp-json\/wp\/v2\/pages\/5\/revisions"}],"predecessor-version":[{"id":58,"href":"https:\/\/sanktlukas.se\/varberg\/wp-json\/wp\/v2\/pages\/5\/revisions\/58"}],"wp:featuredmedia":[{"embeddable":true,"href":"https:\/\/sanktlukas.se\/varberg\/wp-json\/"}],"wp:attachment":[{"href":"https:\/\/sanktlukas.se\/varberg\/wp-json\/wp\/v2\/media?parent=5"}],"curies":[{"name":"wp","href":"https:\/\/api.w.org\/{rel}","templated":true}]}}