{"id":24,"date":"2016-06-26T14:26:33","date_gmt":"2016-06-26T12:26:33","guid":{"rendered":"https:\/\/sanktlukas.se\/vasteras\/?page_id=24"},"modified":"2023-01-23T09:22:03","modified_gmt":"2023-01-23T08:22:03","slug":"bli-medlem","status":"publish","type":"page","link":"https:\/\/sanktlukas.se\/vasteras\/foreningen\/bli-medlem\/","title":{"rendered":"Bli medlem"},"content":{"rendered":"<p>V\u00e4lkommen att bli medlem i f\u00f6reningen S:t Lukas V\u00e4ster\u00e5s!<\/p>\n<p>Som medlem i S:t Lukas V\u00e4ster\u00e5s f\u00e5r man, f\u00f6rutom inbjudan till f\u00f6rel\u00e4sningar och andra sammankomster i f\u00f6reningens regi, en reducerad kostnad till mottagningens offentliga f\u00f6rel\u00e4sningar.<\/p>\n<p><strong>\u00c5rsavgiften<\/strong> \u00e4r 200 kr och 100 kr f\u00f6r \u00f6vriga familjemedlemmar.<\/p>\n<p>Avgiften betalas in via bankgironummer; 5262-3626 eller swish 1230195495.<\/p>\n<p>Kom ih\u00e5g att ange namn och adressuppgifter.<\/p>\n","protected":false},"excerpt":{"rendered":"<p>V\u00e4lkommen att bli medlem i f\u00f6reningen S:t Lukas V\u00e4ster\u00e5s! Som medlem i S:t Lukas V\u00e4ster\u00e5s f\u00e5r man, f\u00f6rutom inbjudan till f\u00f6rel\u00e4sningar och andra sammankomster i f\u00f6reningens regi, en reducerad kostnad till mottagningens offentliga f\u00f6rel\u00e4sningar. \u00c5rsavgiften \u00e4r 200 kr och 100 kr f\u00f6r \u00f6vriga familjemedlemmar. Avgiften betalas in via bankgironummer; 5262-3626 eller swish 1230195495. Kom ih\u00e5g [&hellip;]<\/p>\n","protected":false},"author":3,"featured_media":-1,"parent":1,"menu_order":0,"comment_status":"closed","ping_status":"closed","template":"","meta":{"_acf_changed":false,"footnotes":""},"class_list":["post-24","page","type-page","status-publish","has-post-thumbnail","hentry"],"acf":[],"_links":{"self":[{"href":"https:\/\/sanktlukas.se\/vasteras\/wp-json\/wp\/v2\/pages\/24","targetHints":{"allow":["GET"]}}],"collection":[{"href":"https:\/\/sanktlukas.se\/vasteras\/wp-json\/wp\/v2\/pages"}],"about":[{"href":"https:\/\/sanktlukas.se\/vasteras\/wp-json\/wp\/v2\/types\/page"}],"author":[{"embeddable":true,"href":"https:\/\/sanktlukas.se\/vasteras\/wp-json\/wp\/v2\/users\/3"}],"replies":[{"embeddable":true,"href":"https:\/\/sanktlukas.se\/vasteras\/wp-json\/wp\/v2\/comments?post=24"}],"version-history":[{"count":6,"href":"https:\/\/sanktlukas.se\/vasteras\/wp-json\/wp\/v2\/pages\/24\/revisions"}],"predecessor-version":[{"id":412,"href":"https:\/\/sanktlukas.se\/vasteras\/wp-json\/wp\/v2\/pages\/24\/revisions\/412"}],"up":[{"embeddable":true,"href":"https:\/\/sanktlukas.se\/vasteras\/wp-json\/wp\/v2\/pages\/1"}],"wp:featuredmedia":[{"embeddable":true,"href":"https:\/\/sanktlukas.se\/vasteras\/wp-json\/"}],"wp:attachment":[{"href":"https:\/\/sanktlukas.se\/vasteras\/wp-json\/wp\/v2\/media?parent=24"}],"curies":[{"name":"wp","href":"https:\/\/api.w.org\/{rel}","templated":true}]}}