{"id":26,"date":"2016-06-26T14:26:54","date_gmt":"2016-06-26T12:26:54","guid":{"rendered":"https:\/\/sanktlukas.se\/vasteras\/?page_id=26"},"modified":"2025-09-19T15:47:26","modified_gmt":"2025-09-19T13:47:26","slug":"styrelse","status":"publish","type":"page","link":"https:\/\/sanktlukas.se\/vasteras\/foreningen\/styrelse\/","title":{"rendered":"Styrelse"},"content":{"rendered":"<p><strong>F\u00f6reningen S:t Lukas V\u00e4ster\u00e5s<\/strong><\/p>\n<p><strong>Ordf\u00f6rande:<\/strong><br \/>\nUlf Sch\u00f6ier\u00a0 \u00a0 \u00a0 \u00a0 \u00a0 \u00a0 \u00a0 \u00a0 \u00a0 \u00a0 \u00a0 \u00a0 \u00a0 \u00a0 \u00a0 \u00a0 \u00a0 <a href=\"mailto:ulf.schoier@gmail.com\">ulf.schoier@gmail.com<\/a><\/p>\n<p><strong>Sekreterare:<\/strong><br \/>\nAnn-Sofi Freyhult\u00a0 \u00a0 \u00a0 \u00a0 \u00a0 \u00a0 \u00a0 \u00a0 \u00a0 \u00a0 \u00a0 \u00a0<a href=\"mailto:annsofi.freyhult@icloud.com\">annsofi.freyhult@icloud.com<\/a><\/p>\n<p><strong>\u00d6vriga ledam\u00f6ter:<\/strong><\/p>\n<p>Solveig Salzmann\u00a0 \u00a0 \u00a0 \u00a0 \u00a0 \u00a0 \u00a0 \u00a0 \u00a0 \u00a0 \u00a0 \u00a0<a href=\"mailto:solveig.salzmann@gmail.com\">solveig.salzmann@gmail.com<\/a><\/p>\n<p>Margareta Berg\u00a0 \u00a0 \u00a0 \u00a0 \u00a0 \u00a0 \u00a0 \u00a0 \u00a0 \u00a0 \u00a0 \u00a0 \u00a0 \u00a0<a href=\"mailto:margareta.berg@wsp.com\">margareta.berg@wsp.com<\/a><\/p>\n<p>Christina Klang\u00a0 \u00a0 \u00a0 \u00a0 \u00a0 \u00a0 \u00a0 \u00a0 \u00a0 \u00a0 \u00a0 \u00a0 \u00a0 \u00a0 <a href=\"mailto:lufthav@gmail.com\">lufthav@gmail.com<\/a><\/p>\n","protected":false},"excerpt":{"rendered":"<p>F\u00f6reningen S:t Lukas V\u00e4ster\u00e5s Ordf\u00f6rande: Ulf Sch\u00f6ier\u00a0 \u00a0 \u00a0 \u00a0 \u00a0 \u00a0 \u00a0 \u00a0 \u00a0 \u00a0 \u00a0 \u00a0 \u00a0 \u00a0 \u00a0 \u00a0 \u00a0 ulf.schoier@gmail.com Sekreterare: Ann-Sofi Freyhult\u00a0 \u00a0 \u00a0 \u00a0 \u00a0 \u00a0 \u00a0 \u00a0 \u00a0 \u00a0 \u00a0 \u00a0annsofi.freyhult@icloud.com \u00d6vriga ledam\u00f6ter: Solveig Salzmann\u00a0 \u00a0 \u00a0 \u00a0 \u00a0 \u00a0 \u00a0 \u00a0 \u00a0 \u00a0 \u00a0 \u00a0solveig.salzmann@gmail.com Margareta Berg\u00a0 [&hellip;]<\/p>\n","protected":false},"author":3,"featured_media":-1,"parent":1,"menu_order":2,"comment_status":"closed","ping_status":"closed","template":"","meta":{"_acf_changed":false,"footnotes":""},"class_list":["post-26","page","type-page","status-publish","has-post-thumbnail","hentry"],"acf":[],"_links":{"self":[{"href":"https:\/\/sanktlukas.se\/vasteras\/wp-json\/wp\/v2\/pages\/26","targetHints":{"allow":["GET"]}}],"collection":[{"href":"https:\/\/sanktlukas.se\/vasteras\/wp-json\/wp\/v2\/pages"}],"about":[{"href":"https:\/\/sanktlukas.se\/vasteras\/wp-json\/wp\/v2\/types\/page"}],"author":[{"embeddable":true,"href":"https:\/\/sanktlukas.se\/vasteras\/wp-json\/wp\/v2\/users\/3"}],"replies":[{"embeddable":true,"href":"https:\/\/sanktlukas.se\/vasteras\/wp-json\/wp\/v2\/comments?post=26"}],"version-history":[{"count":25,"href":"https:\/\/sanktlukas.se\/vasteras\/wp-json\/wp\/v2\/pages\/26\/revisions"}],"predecessor-version":[{"id":686,"href":"https:\/\/sanktlukas.se\/vasteras\/wp-json\/wp\/v2\/pages\/26\/revisions\/686"}],"up":[{"embeddable":true,"href":"https:\/\/sanktlukas.se\/vasteras\/wp-json\/wp\/v2\/pages\/1"}],"wp:featuredmedia":[{"embeddable":true,"href":"https:\/\/sanktlukas.se\/vasteras\/wp-json\/"}],"wp:attachment":[{"href":"https:\/\/sanktlukas.se\/vasteras\/wp-json\/wp\/v2\/media?parent=26"}],"curies":[{"name":"wp","href":"https:\/\/api.w.org\/{rel}","templated":true}]}}