{"id":37,"date":"2016-06-26T14:51:21","date_gmt":"2016-06-26T12:51:21","guid":{"rendered":"https:\/\/sanktlukas.se\/vasteras\/?page_id=37"},"modified":"2024-01-24T09:09:56","modified_gmt":"2024-01-24T08:09:56","slug":"utbildning","status":"publish","type":"page","link":"https:\/\/sanktlukas.se\/vasteras\/utbildning\/","title":{"rendered":"Utbildning"},"content":{"rendered":"\n<h2 class=\"wp-block-sanktlukas-genericheading headline headline--medium medium-green\">Utbildning<\/h2>\n\n\n\n<p>Vi som arbetar vid S:t Lukas i V\u00e4ster\u00e5s och Eskilstuna, har l\u00e5ng yrkeserfarenhet fr\u00e5n bland annat vuxen- och barnpsykiatri, socialtj\u00e4nst, kyrka, kommunal familjer\u00e5dgivning, h\u00f6gskola och n\u00e4ringsliv. Vi kan d\u00e4rf\u00f6r erbjuda ett brett utbud av f\u00f6rel\u00e4sningar, seminarier och fortbildningar. Uppdragsutbildningar kan skr\u00e4ddarsys efter det behov som finns.<\/p>\n\n\n\n<p>Exempel p\u00e5 f\u00f6rel\u00e4sningar\/utbildningar som vi har erfarenhet av:<\/p>\n\n\n\n<ul class=\"wp-block-list\">\n<li><strong>Stress och stresshantering<\/strong> &#8211; Tre seminarier om stress, ur psykologiskt, fysiologiskt och existentiellt perspektiv.<\/li>\n\n\n\n<li><strong>Mindfulness<\/strong> i grupp.<\/li>\n\n\n\n<li><strong>Anknytningsteori<\/strong> &#8211; hur v\u00e5ra anknytningsm\u00f6nster p\u00e5verkar oss i arbete och relationer.<\/li>\n\n\n\n<li><strong>Hur blir vi som vi \u00e4r<\/strong> &#8211; utifr\u00e5n utvecklingspsykologi, kriser.<\/li>\n\n\n\n<li><strong>Kriser i livet <\/strong>&#8211;&nbsp;varf\u00f6r finns de och hur g\u00e5r vi igenom dem.<\/li>\n\n\n\n<li><strong>Samtalsmetodik <\/strong>&#8211; \u00a0&#8221;Det professionella samtalet&#8221;, metod och m\u00e5l.<\/li>\n\n\n\n<li><strong>Grupper<\/strong> &#8211; de som fungerar och de som inte g\u00f6r det.<\/li>\n\n\n\n<li><strong>Tal\u00e4ngslan<\/strong>&nbsp;&#8211; sv\u00e5righeter att tala inf\u00f6r grupp. Att f\u00e5 en st\u00f6rre f\u00f6rst\u00e5else f\u00f6r dessa sv\u00e5righeter samt f\u00e5 verktyg att komma vidare.<\/li>\n<\/ul>\n\n\n\n<p>Vid intresse av att anlita oss eller diskutera ett specifikt behov av utbildning.<\/p>\n","protected":false},"excerpt":{"rendered":"<p>Vi som arbetar vid S:t Lukas i V\u00e4ster\u00e5s och Eskilstuna, har l\u00e5ng yrkeserfarenhet fr\u00e5n bland annat vuxen- och barnpsykiatri, socialtj\u00e4nst, kyrka, kommunal familjer\u00e5dgivning, h\u00f6gskola och n\u00e4ringsliv. Vi kan d\u00e4rf\u00f6r erbjuda ett brett utbud av f\u00f6rel\u00e4sningar, seminarier och fortbildningar. Uppdragsutbildningar kan skr\u00e4ddarsys efter det behov som finns. Exempel p\u00e5 f\u00f6rel\u00e4sningar\/utbildningar som vi har erfarenhet av: Vid [&hellip;]<\/p>\n","protected":false},"author":3,"featured_media":0,"parent":0,"menu_order":5,"comment_status":"closed","ping_status":"closed","template":"","meta":{"_acf_changed":false,"footnotes":""},"class_list":["post-37","page","type-page","status-publish","hentry"],"acf":[],"_links":{"self":[{"href":"https:\/\/sanktlukas.se\/vasteras\/wp-json\/wp\/v2\/pages\/37","targetHints":{"allow":["GET"]}}],"collection":[{"href":"https:\/\/sanktlukas.se\/vasteras\/wp-json\/wp\/v2\/pages"}],"about":[{"href":"https:\/\/sanktlukas.se\/vasteras\/wp-json\/wp\/v2\/types\/page"}],"author":[{"embeddable":true,"href":"https:\/\/sanktlukas.se\/vasteras\/wp-json\/wp\/v2\/users\/3"}],"replies":[{"embeddable":true,"href":"https:\/\/sanktlukas.se\/vasteras\/wp-json\/wp\/v2\/comments?post=37"}],"version-history":[{"count":10,"href":"https:\/\/sanktlukas.se\/vasteras\/wp-json\/wp\/v2\/pages\/37\/revisions"}],"predecessor-version":[{"id":540,"href":"https:\/\/sanktlukas.se\/vasteras\/wp-json\/wp\/v2\/pages\/37\/revisions\/540"}],"wp:attachment":[{"href":"https:\/\/sanktlukas.se\/vasteras\/wp-json\/wp\/v2\/media?parent=37"}],"curies":[{"name":"wp","href":"https:\/\/api.w.org\/{rel}","templated":true}]}}