{"id":5,"date":"2016-05-26T06:03:39","date_gmt":"2016-05-26T04:03:39","guid":{"rendered":"https:\/\/sanktlukas.se\/vasteras\/kontakt\/"},"modified":"2025-09-19T16:06:11","modified_gmt":"2025-09-19T14:06:11","slug":"kontakt","status":"publish","type":"page","link":"https:\/\/sanktlukas.se\/vasteras\/kontakt\/","title":{"rendered":"Kontakt"},"content":{"rendered":"\n<h2 class=\"wp-block-heading\">Kontakt<\/h2>\n\n\n<p>Vill du komma i kontakt med oss \u00e4r du v\u00e4lkommen att skicka ett mejl till <a href=\"vasteras@sanktlukas.se\">vasteras@sanktlukas.se<\/a><br \/>Det g\u00e5r ocks\u00e5 bra att ringa p\u00e5 v\u00e5r telefontid, tisdagar kl 14:15-15:30. Om du redan har en kontakt\/behandlare g\u00e5r det fint att mejla direkt till den psykoterapeuten.<\/p>\n\n\n<p><\/p>\n","protected":false},"excerpt":{"rendered":"<p>Kontakt Vill du komma i kontakt med oss \u00e4r du v\u00e4lkommen att skicka ett mejl till vasteras@sanktlukas.seDet g\u00e5r ocks\u00e5 bra att ringa p\u00e5 v\u00e5r telefontid, tisdagar kl 14:15-15:30. Om du redan har en kontakt\/behandlare g\u00e5r det fint att mejla direkt till den psykoterapeuten.<\/p>\n","protected":false},"author":3,"featured_media":-1,"parent":0,"menu_order":0,"comment_status":"closed","ping_status":"closed","template":"template-contact.php","meta":{"_acf_changed":false,"footnotes":""},"class_list":["post-5","page","type-page","status-publish","has-post-thumbnail","hentry"],"acf":[],"_links":{"self":[{"href":"https:\/\/sanktlukas.se\/vasteras\/wp-json\/wp\/v2\/pages\/5","targetHints":{"allow":["GET"]}}],"collection":[{"href":"https:\/\/sanktlukas.se\/vasteras\/wp-json\/wp\/v2\/pages"}],"about":[{"href":"https:\/\/sanktlukas.se\/vasteras\/wp-json\/wp\/v2\/types\/page"}],"author":[{"embeddable":true,"href":"https:\/\/sanktlukas.se\/vasteras\/wp-json\/wp\/v2\/users\/3"}],"replies":[{"embeddable":true,"href":"https:\/\/sanktlukas.se\/vasteras\/wp-json\/wp\/v2\/comments?post=5"}],"version-history":[{"count":22,"href":"https:\/\/sanktlukas.se\/vasteras\/wp-json\/wp\/v2\/pages\/5\/revisions"}],"predecessor-version":[{"id":689,"href":"https:\/\/sanktlukas.se\/vasteras\/wp-json\/wp\/v2\/pages\/5\/revisions\/689"}],"wp:featuredmedia":[{"embeddable":true,"href":"https:\/\/sanktlukas.se\/vasteras\/wp-json\/"}],"wp:attachment":[{"href":"https:\/\/sanktlukas.se\/vasteras\/wp-json\/wp\/v2\/media?parent=5"}],"curies":[{"name":"wp","href":"https:\/\/api.w.org\/{rel}","templated":true}]}}