{"id":1,"date":"2016-05-26T06:03:41","date_gmt":"2016-05-26T04:03:41","guid":{"rendered":"https:\/\/sanktlukas.se\/ystad\/foreningen\/"},"modified":"2023-07-03T13:07:36","modified_gmt":"2023-07-03T11:07:36","slug":"foreningen","status":"publish","type":"page","link":"https:\/\/sanktlukas.se\/ystad\/foreningen\/","title":{"rendered":"F\u00f6reningen"},"content":{"rendered":"\n<h2 class=\"wp-block-heading\">F\u00f6reningen<\/h2>\n\n\n<p>S:t Lukas mottagning i Ystad drivs av F\u00f6reningen S:t Lukas i Malm\u00f6.<\/p>\n<p>Mer om f\u00f6reningen och dess program kan du se <a href=\"https:\/\/sanktlukas.se\/malmo\/foreningen\/\">h\u00e4r<\/a><a href=\"https:\/\/www.sanktlukas.se\/malmo\/foreningen\">.<\/a><\/p>","protected":false},"excerpt":{"rendered":"<p>F\u00f6reningen S:t Lukas mottagning i Ystad drivs av F\u00f6reningen S:t Lukas i Malm\u00f6. Mer om f\u00f6reningen och dess program kan du se h\u00e4r.<\/p>\n","protected":false},"author":3,"featured_media":0,"parent":0,"menu_order":0,"comment_status":"closed","ping_status":"closed","template":"","meta":{"_acf_changed":false,"footnotes":""},"class_list":["post-1","page","type-page","status-publish","hentry"],"acf":[],"_links":{"self":[{"href":"https:\/\/sanktlukas.se\/ystad\/wp-json\/wp\/v2\/pages\/1","targetHints":{"allow":["GET"]}}],"collection":[{"href":"https:\/\/sanktlukas.se\/ystad\/wp-json\/wp\/v2\/pages"}],"about":[{"href":"https:\/\/sanktlukas.se\/ystad\/wp-json\/wp\/v2\/types\/page"}],"author":[{"embeddable":true,"href":"https:\/\/sanktlukas.se\/ystad\/wp-json\/wp\/v2\/users\/3"}],"replies":[{"embeddable":true,"href":"https:\/\/sanktlukas.se\/ystad\/wp-json\/wp\/v2\/comments?post=1"}],"version-history":[{"count":3,"href":"https:\/\/sanktlukas.se\/ystad\/wp-json\/wp\/v2\/pages\/1\/revisions"}],"predecessor-version":[{"id":173,"href":"https:\/\/sanktlukas.se\/ystad\/wp-json\/wp\/v2\/pages\/1\/revisions\/173"}],"wp:attachment":[{"href":"https:\/\/sanktlukas.se\/ystad\/wp-json\/wp\/v2\/media?parent=1"}],"curies":[{"name":"wp","href":"https:\/\/api.w.org\/{rel}","templated":true}]}}